{"id":1910,"date":"2016-06-17T12:32:31","date_gmt":"2016-06-17T10:32:31","guid":{"rendered":"https:\/\/arcora.de\/de\/arcora\/produkt\/no4-citro-handspuelmittel-kopie\/"},"modified":"2022-03-14T10:29:38","modified_gmt":"2022-03-14T09:29:38","slug":"no4-citro-handspuelmittel-2","status":"publish","type":"product","link":"https:\/\/arcora.de\/de\/produkt\/no4-citro-handspuelmittel-2\/","title":{"rendered":"NO4 CITRO HANDSP\u00dcLMITTEL"},"content":{"rendered":"<p><strong>Eigenschaften:<\/strong><\/p>\n<ul>\n<li>Hautmilder pH-Wert<\/li>\n<li>Sp\u00fclt und reinigt durch hohe Fettl\u00f6sekraft<\/li>\n<li>Materialschonend<\/li>\n<li>Schaumaktiv, gutes Ablaufverm\u00f6gen<\/li>\n<li>Glanzklar ohne abtrocknen<\/li>\n<li>Angenehmer Duft und sparsam im Verbrauch<\/li>\n<\/ul>\n<p><strong>Anwendungsbereiche:<br \/>\n<\/strong>Zum Sp\u00fclen und Reinigen aller wasserbest\u00e4ndigen Gegen\u00adst\u00e4nde wie Geschirr, Porzellan, Besteck, Glas und K\u00fcchenger\u00e4ten. Das Produkt eignet sich als Universal- und Neutralreiniger auch f\u00fcr die Reinigung von Hartoberfl\u00e4chen wie zB. Fussb\u00f6den oder aller harten wasserfesten Oberfl\u00e4chen.<\/p>\n","protected":false},"excerpt":{"rendered":"<p><strong>HANDSP\u00dcLMITTEL<\/strong><br \/>\nFettl\u00f6sendes Geschirrsp\u00fclmittel mit hohem Wirkungsgrad, hautschonend und reinigt streifenfrei.<\/p>\n<p>&nbsp;<\/p>\n<p><a href=\"https:\/\/arcora.de\/de\/wp-content\/uploads\/2021\/11\/ADS-No4.pdf\" target=\"_blank\" rel=\"noopener noreferrer\"><img loading=\"lazy\" decoding=\"async\" class=\"alignnone wp-image-6442\" src=\"https:\/\/arcora.de\/de\/wp-content\/uploads\/2019\/03\/Produkt.png\" alt=\"\" width=\"223\" height=\"38\" \/><\/a><br \/>\n<a href=\"https:\/\/arcora.de\/de\/wp-content\/uploads\/2022\/03\/SDB_ADS-NO4-Handspuelmittel.pdf\" target=\"_blank\" rel=\"noopener noreferrer\"><img loading=\"lazy\" decoding=\"async\" class=\"alignnone wp-image-6442\" src=\"https:\/\/arcora.de\/de\/wp-content\/uploads\/2019\/03\/Sicherheit.png\" alt=\"\" width=\"223\" height=\"38\" \/><\/a><\/p>\n","protected":false},"featured_media":11653,"template":"","meta":[],"product_brand":[],"product_cat":[62,50],"product_tag":[],"class_list":{"0":"post-1910","1":"product","2":"type-product","3":"status-publish","4":"has-post-thumbnail","6":"product_cat-adsbasicline","7":"product_cat-reinigungsundpflegemittel","9":"first","10":"instock","11":"shipping-taxable","12":"product-type-simple","13":"prodpage-classic"},"_links":{"self":[{"href":"https:\/\/arcora.de\/de\/wp-json\/wp\/v2\/product\/1910","targetHints":{"allow":["GET"]}}],"collection":[{"href":"https:\/\/arcora.de\/de\/wp-json\/wp\/v2\/product"}],"about":[{"href":"https:\/\/arcora.de\/de\/wp-json\/wp\/v2\/types\/product"}],"wp:featuredmedia":[{"embeddable":true,"href":"https:\/\/arcora.de\/de\/wp-json\/wp\/v2\/media\/11653"}],"wp:attachment":[{"href":"https:\/\/arcora.de\/de\/wp-json\/wp\/v2\/media?parent=1910"}],"wp:term":[{"taxonomy":"product_brand","embeddable":true,"href":"https:\/\/arcora.de\/de\/wp-json\/wp\/v2\/product_brand?post=1910"},{"taxonomy":"product_cat","embeddable":true,"href":"https:\/\/arcora.de\/de\/wp-json\/wp\/v2\/product_cat?post=1910"},{"taxonomy":"product_tag","embeddable":true,"href":"https:\/\/arcora.de\/de\/wp-json\/wp\/v2\/product_tag?post=1910"}],"curies":[{"name":"wp","href":"https:\/\/api.w.org\/{rel}","templated":true}]}}