{"id":192,"date":"2016-03-24T16:15:13","date_gmt":"2016-03-24T15:15:13","guid":{"rendered":"https:\/\/arcora.de\/de\/arcora\/produkt\/profi-lochleder-reinigungstuch-100-viskose\/"},"modified":"2023-03-21T16:39:42","modified_gmt":"2023-03-21T15:39:42","slug":"profi-lochleder-reinigungstuch-100-viskose","status":"publish","type":"product","link":"https:\/\/arcora.de\/de\/produkt\/profi-lochleder-reinigungstuch-100-viskose\/","title":{"rendered":"PROFI LOCHLEDER"},"content":{"rendered":"<p><strong>Eigenschaften:<\/strong><\/p>\n<p>Dieses Lochledertuch aus 100% Viskose \u00fcberzeugt durch seine au\u00dfergew\u00f6hnliche Reinigungskraft. Die spezielle Struktur des Tuches erm\u00f6glicht eine verbesserte Saugkapazit\u00e4t gegen\u00fcber nat\u00fcrlichen Leders. Durch die kleinen L\u00f6cher im Tuch wird eine perfekte Gleitf\u00e4higkeit, Schmutzaufnahme und Trocknungseigenschaft erzeugt. Feucht angewendet erh\u00e4lt es eine besondere Griffigkeit, \u00e4hnlich wie bei nat\u00fcrlichem Leder und ist somit ein idealer Ersatz.<\/p>\n<p>\u2022 Saugf\u00e4higer als herk\u00f6mmliche Fenstert\u00fccher<br \/>\n\u2022 Sehr hohe Wasseraufnahme<br \/>\n\u2022 F\u00fcr streifenfreie Sauberkeit<br \/>\n\u2022 Mit Saugperforation<br \/>\n\u2022 Waschbar bis 95\u00b0C<\/p>\n","protected":false},"excerpt":{"rendered":"<p><strong>REINIGUNGSTUCH<\/strong><\/p>\n<p>Die spezielle Struktur des Tuches erm\u00f6glicht eine verbesserte Saugkapazit\u00e4t gegen\u00fcber nat\u00fcrlichen Leders. Dieses Tuch \u00fcberzeugt durch seine au\u00dfergew\u00f6hnliche Reinigungskraft.<\/p>\n<p>&nbsp;<\/p>\n<p><a href=\"https:\/\/arcora.de\/de\/wp-content\/uploads\/2023\/03\/PDB_PROFI_LOCHLEDER.pdf\" target=\"_blank\" rel=\"noopener noreferrer\"><img loading=\"lazy\" decoding=\"async\" class=\"alignnone wp-image-6442\" src=\"https:\/\/arcora.de\/de\/wp-content\/uploads\/2019\/03\/Produkt.png\" alt=\"\" width=\"223\" height=\"38\" \/><\/a><\/p>\n","protected":false},"featured_media":1429,"template":"","meta":[],"product_brand":[],"product_cat":[153,139],"product_tag":[],"class_list":{"0":"post-192","1":"product","2":"type-product","3":"status-publish","4":"has-post-thumbnail","6":"product_cat-lochleder-reinigungstuch","7":"product_cat-reinigungstextilien","9":"first","10":"instock","11":"shipping-taxable","12":"product-type-simple","13":"prodpage-classic"},"_links":{"self":[{"href":"https:\/\/arcora.de\/de\/wp-json\/wp\/v2\/product\/192","targetHints":{"allow":["GET"]}}],"collection":[{"href":"https:\/\/arcora.de\/de\/wp-json\/wp\/v2\/product"}],"about":[{"href":"https:\/\/arcora.de\/de\/wp-json\/wp\/v2\/types\/product"}],"wp:featuredmedia":[{"embeddable":true,"href":"https:\/\/arcora.de\/de\/wp-json\/wp\/v2\/media\/1429"}],"wp:attachment":[{"href":"https:\/\/arcora.de\/de\/wp-json\/wp\/v2\/media?parent=192"}],"wp:term":[{"taxonomy":"product_brand","embeddable":true,"href":"https:\/\/arcora.de\/de\/wp-json\/wp\/v2\/product_brand?post=192"},{"taxonomy":"product_cat","embeddable":true,"href":"https:\/\/arcora.de\/de\/wp-json\/wp\/v2\/product_cat?post=192"},{"taxonomy":"product_tag","embeddable":true,"href":"https:\/\/arcora.de\/de\/wp-json\/wp\/v2\/product_tag?post=192"}],"curies":[{"name":"wp","href":"https:\/\/api.w.org\/{rel}","templated":true}]}}