{"id":193,"date":"2016-03-24T16:17:00","date_gmt":"2016-03-24T15:17:00","guid":{"rendered":"https:\/\/arcora.de\/de\/arcora\/produkt\/profi-melamin-fleckenradierer-schwamm\/"},"modified":"2025-03-31T11:03:07","modified_gmt":"2025-03-31T09:03:07","slug":"profi-melamin-fleckenradierer-schwamm","status":"publish","type":"product","link":"https:\/\/arcora.de\/de\/produkt\/profi-melamin-fleckenradierer-schwamm\/","title":{"rendered":"PROFI MELAMIN POWER-CLEAN"},"content":{"rendered":"<p>\u2022 Anwendbar auf jeglichen glatten Oberfl\u00e4chen<br \/>\n\u2022 Leichte Handhabung<br \/>\n\u2022 Praktischer Helfer im handlichen Schwammformat<br \/>\n\u2022 Gr\u00f6\u00dfe: 12 x 6,5 x 3 cm<\/p>\n<p>Zur einfachen und schnellen Fleckenentfernung auf Kunststoff, Aluminium, Fensterb\u00e4nke, Glasfl\u00e4chen, Spiegel, PVC, Linoleum, Fliesen, Tischen etc.<br \/>\nAllein durch die Zugabe von Wasser dringt der Schwamm dank seiner Mikrostruktur bis tief in die Oberfl\u00e4che ein und tr\u00e4gt den angesammelten Schmutz ab.<br \/>\nVor Gebrauch leicht anfeuchten und wie mit einem Radiergummi sanft \u00fcber die zu reinigende Stelle reiben. Chemische Reinigungsmittel als Zusatz sind nicht notwendig.<\/p>\n","protected":false},"excerpt":{"rendered":"<p><strong>SCHMUTZRADIERER<\/strong><\/p>\n<p>Der POWER-CLEAN Schmutzradierer entfernt schnell und einfach hartn\u00e4ckigen Schmutz von jeglichen Oberfl\u00e4chen, wenn herk\u00f6mmliche T\u00fccher und Schw\u00e4mme versagen. Ob Tintenflecken, Lebensmittelflecken oder Nikotinspuren, der Schmutzradierer l\u00f6st den Schmutz und sorgt f\u00fcr eine effektive und sofortige Fleckenentfernung.<\/p>\n<p>&nbsp;<\/p>\n<p><a href=\"https:\/\/arcora.de\/de\/wp-content\/uploads\/2025\/03\/ARCORA_PROFI-MELAMIN-POWER-CLEAN_12653.pdf\" target=\"_blank\" rel=\"noopener noreferrer\"><img loading=\"lazy\" decoding=\"async\" class=\"alignnone wp-image-6442\" src=\"https:\/\/arcora.de\/de\/wp-content\/uploads\/2019\/03\/Produkt.png\" alt=\"\" width=\"223\" height=\"38\" \/><\/a><\/p>\n","protected":false},"featured_media":1431,"template":"","meta":[],"product_brand":[],"product_cat":[78,72],"product_tag":[],"class_list":{"0":"post-193","1":"product","2":"type-product","3":"status-publish","4":"has-post-thumbnail","6":"product_cat-melaminsysteme","7":"product_cat-reinigungsundpolierpads","9":"first","10":"instock","11":"shipping-taxable","12":"product-type-simple","13":"prodpage-classic"},"_links":{"self":[{"href":"https:\/\/arcora.de\/de\/wp-json\/wp\/v2\/product\/193","targetHints":{"allow":["GET"]}}],"collection":[{"href":"https:\/\/arcora.de\/de\/wp-json\/wp\/v2\/product"}],"about":[{"href":"https:\/\/arcora.de\/de\/wp-json\/wp\/v2\/types\/product"}],"wp:featuredmedia":[{"embeddable":true,"href":"https:\/\/arcora.de\/de\/wp-json\/wp\/v2\/media\/1431"}],"wp:attachment":[{"href":"https:\/\/arcora.de\/de\/wp-json\/wp\/v2\/media?parent=193"}],"wp:term":[{"taxonomy":"product_brand","embeddable":true,"href":"https:\/\/arcora.de\/de\/wp-json\/wp\/v2\/product_brand?post=193"},{"taxonomy":"product_cat","embeddable":true,"href":"https:\/\/arcora.de\/de\/wp-json\/wp\/v2\/product_cat?post=193"},{"taxonomy":"product_tag","embeddable":true,"href":"https:\/\/arcora.de\/de\/wp-json\/wp\/v2\/product_tag?post=193"}],"curies":[{"name":"wp","href":"https:\/\/api.w.org\/{rel}","templated":true}]}}