{"id":194,"date":"2016-03-24T16:36:48","date_gmt":"2016-03-24T15:36:48","guid":{"rendered":"https:\/\/arcora.de\/de\/arcora\/produkt\/melamin-handpad-dick-komprimiert-gepresst-mit-gruenem-pad\/"},"modified":"2023-01-25T10:12:37","modified_gmt":"2023-01-25T09:12:37","slug":"melamin-handpad-dick-komprimiert-gepresst-mit-gruenem-pad","status":"publish","type":"product","link":"https:\/\/arcora.de\/de\/produkt\/melamin-handpad-dick-komprimiert-gepresst-mit-gruenem-pad\/","title":{"rendered":"MELAMIN HANDPAD DICK"},"content":{"rendered":"<p><strong>Anwendungsbereiche:<\/strong><br \/>\nEntfernt problemlos Verschmutzungen von glatten Oberfl\u00e4chen &#8211; ohne Zusatz von chemischen Reinigungsmitteln!<br \/>\nNicht geeignet f\u00fcr empfindliche und beschichtete Oberfl\u00e4chen.<\/p>\n<p><strong>Eigenschaften:<\/strong><\/p>\n<ul>\n<li>F\u00fcr die gr\u00fcndliche Reinigung bei hartn\u00e4ckigem Schmutz<\/li>\n<li>Entfernt Streifen und Flecken auf B\u00f6den, T\u00fcren und Fu\u00dfleisten, verursacht durch Schuhsohlen, Tee, Kaffee, Kugelschreiber, Filzstifte und Fette<\/li>\n<\/ul>\n","protected":false},"excerpt":{"rendered":"<p>Komprimiert gepresst mit gr\u00fcnem Pad.<\/p>\n<p>Entfernt problemlos Verschmutzungen von glatten Oberfl\u00e4chen &#8211; ohne Zusatz von chemischen Reinigungsmitteln!<br \/>\nNicht geeignet f\u00fcr empfindliche und beschichtete Oberfl\u00e4chen.<\/p>\n<p>&nbsp;<\/p>\n<p><a href=\"https:\/\/arcora.de\/de\/wp-content\/uploads\/2019\/04\/PDB_MELAMIN_HANDPAD_DICK.pdf\" target=\"_blank\" rel=\"noopener noreferrer\"><img loading=\"lazy\" decoding=\"async\" class=\"alignnone wp-image-6442\" src=\"https:\/\/arcora.de\/de\/wp-content\/uploads\/2019\/03\/Produkt.png\" alt=\"\" width=\"223\" height=\"38\" \/><\/a><\/p>\n","protected":false},"featured_media":1355,"template":"","meta":[],"product_brand":[],"product_cat":[78,72],"product_tag":[],"class_list":{"0":"post-194","1":"product","2":"type-product","3":"status-publish","4":"has-post-thumbnail","6":"product_cat-melaminsysteme","7":"product_cat-reinigungsundpolierpads","9":"first","10":"instock","11":"shipping-taxable","12":"product-type-simple","13":"prodpage-classic"},"_links":{"self":[{"href":"https:\/\/arcora.de\/de\/wp-json\/wp\/v2\/product\/194","targetHints":{"allow":["GET"]}}],"collection":[{"href":"https:\/\/arcora.de\/de\/wp-json\/wp\/v2\/product"}],"about":[{"href":"https:\/\/arcora.de\/de\/wp-json\/wp\/v2\/types\/product"}],"wp:featuredmedia":[{"embeddable":true,"href":"https:\/\/arcora.de\/de\/wp-json\/wp\/v2\/media\/1355"}],"wp:attachment":[{"href":"https:\/\/arcora.de\/de\/wp-json\/wp\/v2\/media?parent=194"}],"wp:term":[{"taxonomy":"product_brand","embeddable":true,"href":"https:\/\/arcora.de\/de\/wp-json\/wp\/v2\/product_brand?post=194"},{"taxonomy":"product_cat","embeddable":true,"href":"https:\/\/arcora.de\/de\/wp-json\/wp\/v2\/product_cat?post=194"},{"taxonomy":"product_tag","embeddable":true,"href":"https:\/\/arcora.de\/de\/wp-json\/wp\/v2\/product_tag?post=194"}],"curies":[{"name":"wp","href":"https:\/\/api.w.org\/{rel}","templated":true}]}}