{"id":2626,"date":"2016-08-03T16:50:40","date_gmt":"2016-08-03T14:50:40","guid":{"rendered":"https:\/\/arcora.de\/de\/arcora\/produkt\/superpad-schwarz\/"},"modified":"2023-12-19T13:14:27","modified_gmt":"2023-12-19T12:14:27","slug":"superpad-schwarz","status":"publish","type":"product","link":"https:\/\/arcora.de\/de\/produkt\/superpad-schwarz\/","title":{"rendered":"SUPERPAD SCHWARZ"},"content":{"rendered":"<p><strong>Eigenschaften:<\/strong><\/p>\n<ul>\n<li>Entfernung von hartn\u00e4ckigen metallvernetzten Bel\u00e4gen<\/li>\n<\/ul>\n<p><strong>Anwendungsbereich:<br \/>\n<\/strong>Grundreinigung<\/p>\n<p><strong>Bodenbelag:<br \/>\n<\/strong><\/p>\n<ul>\n<li>PVC<\/li>\n<\/ul>\n","protected":false},"excerpt":{"rendered":"<p>Aggressives Pad f\u00fcr das schnelle und gr\u00fcndliche Abtragen alter Beschichtungen auf unempfindlichen Bodenbel\u00e4gen.<\/p>\n<p><strong>Achtung:<\/strong> Bei diesem Pad besteht die Gefahr von Besch\u00e4digungen am Bodenbelag!<\/p>\n<p>&nbsp;<\/p>\n<p><a href=\"https:\/\/arcora.de\/de\/wp-content\/uploads\/2022\/01\/PDB_SUPERPAD_SCHWARZ.pdf\" target=\"_blank\" rel=\"noopener noreferrer\"><img loading=\"lazy\" decoding=\"async\" class=\"alignnone wp-image-6442\" src=\"https:\/\/arcora.de\/de\/wp-content\/uploads\/2019\/03\/Produkt.png\" alt=\"\" width=\"223\" height=\"38\" \/><\/a><\/p>\n","protected":false},"featured_media":2627,"template":"","meta":[],"product_brand":[],"product_cat":[73],"product_tag":[],"class_list":{"0":"post-2626","1":"product","2":"type-product","3":"status-publish","4":"has-post-thumbnail","6":"product_cat-superpads","8":"first","9":"instock","10":"shipping-taxable","11":"product-type-simple","12":"prodpage-classic"},"_links":{"self":[{"href":"https:\/\/arcora.de\/de\/wp-json\/wp\/v2\/product\/2626","targetHints":{"allow":["GET"]}}],"collection":[{"href":"https:\/\/arcora.de\/de\/wp-json\/wp\/v2\/product"}],"about":[{"href":"https:\/\/arcora.de\/de\/wp-json\/wp\/v2\/types\/product"}],"wp:featuredmedia":[{"embeddable":true,"href":"https:\/\/arcora.de\/de\/wp-json\/wp\/v2\/media\/2627"}],"wp:attachment":[{"href":"https:\/\/arcora.de\/de\/wp-json\/wp\/v2\/media?parent=2626"}],"wp:term":[{"taxonomy":"product_brand","embeddable":true,"href":"https:\/\/arcora.de\/de\/wp-json\/wp\/v2\/product_brand?post=2626"},{"taxonomy":"product_cat","embeddable":true,"href":"https:\/\/arcora.de\/de\/wp-json\/wp\/v2\/product_cat?post=2626"},{"taxonomy":"product_tag","embeddable":true,"href":"https:\/\/arcora.de\/de\/wp-json\/wp\/v2\/product_tag?post=2626"}],"curies":[{"name":"wp","href":"https:\/\/api.w.org\/{rel}","templated":true}]}}