{"id":2629,"date":"2016-08-17T15:44:58","date_gmt":"2016-08-17T13:44:58","guid":{"rendered":"https:\/\/arcora.de\/de\/arcora\/produkt\/superpad-gruen\/"},"modified":"2023-12-19T13:18:49","modified_gmt":"2023-12-19T12:18:49","slug":"superpad-gruen","status":"publish","type":"product","link":"https:\/\/arcora.de\/de\/produkt\/superpad-gruen\/","title":{"rendered":"SUPERPAD GR\u00dcN"},"content":{"rendered":"<p><strong>Eigenschaften:<\/strong><br \/>\n\u2022 Intervallreinigung auf PVC, Gummi und Elastomeren<br \/>\n\u2022 Reinigung mit Scheuersaugautomaten auf PVC-B\u00f6den<\/p>\n<p><strong>Anwendungsbereiche:<\/strong><br \/>\n\u2022 Grundreinigung<br \/>\n\u2022 Intervallreinigung<br \/>\n\u2022 Unterhaltsreinigung<\/p>\n<p><strong>Bodenbel\u00e4ge:<br \/>\n<\/strong>\u2022 PVC<br \/>\n\u2022 Linoleum<br \/>\n\u2022 Gummi<br \/>\n\u2022 Elastomere<br \/>\n\u2022 Kork<br \/>\n\u2022 Parkett<br \/>\n\u2022 Naturstein<br \/>\n\u2022 Kunststein<\/p>\n","protected":false},"excerpt":{"rendered":"<p>F\u00fcr die Unterhaltsreinigung auf unempfindlichen Bodenbel\u00e4gen sowie f\u00fcr die Grundreinigung auf empfindlichen Bodenbel\u00e4gen geeignet.<\/p>\n<p>&nbsp;<\/p>\n<p><a href=\"https:\/\/arcora.de\/de\/wp-content\/uploads\/2022\/01\/PDB_SUPERPAD_GRUeN.pdf\" target=\"_blank\" rel=\"noopener noreferrer\"><img loading=\"lazy\" decoding=\"async\" class=\"alignnone wp-image-6442\" src=\"https:\/\/arcora.de\/de\/wp-content\/uploads\/2019\/03\/Produkt.png\" alt=\"\" width=\"223\" height=\"38\" \/><\/a><\/p>\n","protected":false},"featured_media":2671,"template":"","meta":[],"product_brand":[],"product_cat":[73],"product_tag":[],"class_list":{"0":"post-2629","1":"product","2":"type-product","3":"status-publish","4":"has-post-thumbnail","6":"product_cat-superpads","8":"first","9":"instock","10":"shipping-taxable","11":"product-type-simple","12":"prodpage-classic"},"_links":{"self":[{"href":"https:\/\/arcora.de\/de\/wp-json\/wp\/v2\/product\/2629","targetHints":{"allow":["GET"]}}],"collection":[{"href":"https:\/\/arcora.de\/de\/wp-json\/wp\/v2\/product"}],"about":[{"href":"https:\/\/arcora.de\/de\/wp-json\/wp\/v2\/types\/product"}],"wp:featuredmedia":[{"embeddable":true,"href":"https:\/\/arcora.de\/de\/wp-json\/wp\/v2\/media\/2671"}],"wp:attachment":[{"href":"https:\/\/arcora.de\/de\/wp-json\/wp\/v2\/media?parent=2629"}],"wp:term":[{"taxonomy":"product_brand","embeddable":true,"href":"https:\/\/arcora.de\/de\/wp-json\/wp\/v2\/product_brand?post=2629"},{"taxonomy":"product_cat","embeddable":true,"href":"https:\/\/arcora.de\/de\/wp-json\/wp\/v2\/product_cat?post=2629"},{"taxonomy":"product_tag","embeddable":true,"href":"https:\/\/arcora.de\/de\/wp-json\/wp\/v2\/product_tag?post=2629"}],"curies":[{"name":"wp","href":"https:\/\/api.w.org\/{rel}","templated":true}]}}