{"id":2632,"date":"2016-08-17T16:33:02","date_gmt":"2016-08-17T14:33:02","guid":{"rendered":"https:\/\/arcora.de\/de\/arcora\/produkt\/superpad-beige\/"},"modified":"2023-10-24T15:17:05","modified_gmt":"2023-10-24T13:17:05","slug":"superpad-beige","status":"publish","type":"product","link":"https:\/\/arcora.de\/de\/produkt\/superpad-beige\/","title":{"rendered":"SUPERPAD BEIGE"},"content":{"rendered":"<p><strong>Anwendungsbereiche:<br \/>\n<\/strong>\u2022 Unterhaltsreinigung<br \/>\n\u2022 Polieren<\/p>\n<p><strong>Bodenbel\u00e4ge:<br \/>\n<\/strong>\u2022 Parkett<br \/>\n\u2022 Kork<\/p>\n<p>&nbsp;<\/p>\n","protected":false},"excerpt":{"rendered":"<p>Aufgrund seiner weichen Fasern ideal f\u00fcr die Unterhaltsreinigung auf empfindlichen Bodenbel\u00e4gen sowie f\u00fcr das Polieren von Parkett und Kork geeignet.<\/p>\n<p>&nbsp;<\/p>\n<p><a href=\"https:\/\/arcora.de\/de\/wp-content\/uploads\/2022\/01\/PDB_SUPERPAD_BEIGE.pdf\" target=\"_blank\" rel=\"noopener noreferrer\"><img loading=\"lazy\" decoding=\"async\" class=\"alignnone wp-image-6442\" src=\"https:\/\/arcora.de\/de\/wp-content\/uploads\/2019\/03\/Produkt.png\" alt=\"\" width=\"223\" height=\"38\" \/><\/a><\/p>\n","protected":false},"featured_media":2668,"template":"","meta":[],"product_brand":[],"product_cat":[73],"product_tag":[],"class_list":{"0":"post-2632","1":"product","2":"type-product","3":"status-publish","4":"has-post-thumbnail","6":"product_cat-superpads","8":"first","9":"instock","10":"shipping-taxable","11":"product-type-simple","12":"prodpage-classic"},"_links":{"self":[{"href":"https:\/\/arcora.de\/de\/wp-json\/wp\/v2\/product\/2632","targetHints":{"allow":["GET"]}}],"collection":[{"href":"https:\/\/arcora.de\/de\/wp-json\/wp\/v2\/product"}],"about":[{"href":"https:\/\/arcora.de\/de\/wp-json\/wp\/v2\/types\/product"}],"wp:featuredmedia":[{"embeddable":true,"href":"https:\/\/arcora.de\/de\/wp-json\/wp\/v2\/media\/2668"}],"wp:attachment":[{"href":"https:\/\/arcora.de\/de\/wp-json\/wp\/v2\/media?parent=2632"}],"wp:term":[{"taxonomy":"product_brand","embeddable":true,"href":"https:\/\/arcora.de\/de\/wp-json\/wp\/v2\/product_brand?post=2632"},{"taxonomy":"product_cat","embeddable":true,"href":"https:\/\/arcora.de\/de\/wp-json\/wp\/v2\/product_cat?post=2632"},{"taxonomy":"product_tag","embeddable":true,"href":"https:\/\/arcora.de\/de\/wp-json\/wp\/v2\/product_tag?post=2632"}],"curies":[{"name":"wp","href":"https:\/\/api.w.org\/{rel}","templated":true}]}}