{"id":2640,"date":"2016-08-18T09:32:48","date_gmt":"2016-08-18T07:32:48","guid":{"rendered":"https:\/\/arcora.de\/de\/arcora\/produkt\/sunshine-strong-plus-no1-schritt-1-dunkelbraun\/"},"modified":"2022-01-14T17:03:22","modified_gmt":"2022-01-14T16:03:22","slug":"sunshine-strong-plus-no1-schritt-1-dunkelbraun","status":"publish","type":"product","link":"https:\/\/arcora.de\/de\/produkt\/sunshine-strong-plus-no1-schritt-1-dunkelbraun\/","title":{"rendered":"SUNSHINE STRONG PLUS No1+ | Schritt 1+ | DUNKELBRAUN"},"content":{"rendered":"<p><strong>Eigenschaften:<br \/>\n<\/strong>\u2022 Raue, schmierige, sehr stark verschmutzte Oberfl\u00e4chen<br \/>\n\u2022 Gelegentliche Anwendung bei H\u00e4rtef\u00e4llen<\/p>\n<p><strong>Bodenbel\u00e4ge:<\/strong><br \/>\nDie SUNSHINE-Pads k\u00f6nnen auf Terrazzo-, Beton-, Marmor-, Granit-, Vinyl- und Linoleumb\u00f6den sowie auf Kunstharzbeschichtungen eingesetzt werden.<\/p>\n","protected":false},"excerpt":{"rendered":"<p>Anwendung bei \u00e4u\u00dferst hartn\u00e4ckigen Verschmutzungen zur Vorbehandlung des Bodenbelags.<\/p>\n<ul>\n<li>Raue, schmierige, sehr stark verschmutzte Oberfl\u00e4chen<\/li>\n<li>Gelegentliche Anwendung bei H\u00e4rtef\u00e4llen<\/li>\n<\/ul>\n<p>&nbsp;<\/p>\n<p><a href=\"https:\/\/arcora.de\/de\/wp-content\/uploads\/2022\/01\/PDB_SUNSHINE_STRONG_PLUS_No1.pdf\" target=\"_blank\" rel=\"noopener noreferrer\"><img loading=\"lazy\" decoding=\"async\" class=\"alignnone wp-image-6442\" src=\"https:\/\/arcora.de\/de\/wp-content\/uploads\/2019\/03\/Produkt.png\" alt=\"\" width=\"223\" height=\"38\" \/><\/a><\/p>\n","protected":false},"featured_media":2663,"template":"","meta":[],"product_brand":[],"product_cat":[72,82],"product_tag":[],"class_list":{"0":"post-2640","1":"product","2":"type-product","3":"status-publish","4":"has-post-thumbnail","6":"product_cat-reinigungsundpolierpads","7":"product_cat-sunshinepads","9":"first","10":"instock","11":"shipping-taxable","12":"product-type-simple","13":"prodpage-classic"},"_links":{"self":[{"href":"https:\/\/arcora.de\/de\/wp-json\/wp\/v2\/product\/2640","targetHints":{"allow":["GET"]}}],"collection":[{"href":"https:\/\/arcora.de\/de\/wp-json\/wp\/v2\/product"}],"about":[{"href":"https:\/\/arcora.de\/de\/wp-json\/wp\/v2\/types\/product"}],"wp:featuredmedia":[{"embeddable":true,"href":"https:\/\/arcora.de\/de\/wp-json\/wp\/v2\/media\/2663"}],"wp:attachment":[{"href":"https:\/\/arcora.de\/de\/wp-json\/wp\/v2\/media?parent=2640"}],"wp:term":[{"taxonomy":"product_brand","embeddable":true,"href":"https:\/\/arcora.de\/de\/wp-json\/wp\/v2\/product_brand?post=2640"},{"taxonomy":"product_cat","embeddable":true,"href":"https:\/\/arcora.de\/de\/wp-json\/wp\/v2\/product_cat?post=2640"},{"taxonomy":"product_tag","embeddable":true,"href":"https:\/\/arcora.de\/de\/wp-json\/wp\/v2\/product_tag?post=2640"}],"curies":[{"name":"wp","href":"https:\/\/api.w.org\/{rel}","templated":true}]}}