{"id":2643,"date":"2016-08-18T09:49:39","date_gmt":"2016-08-18T07:49:39","guid":{"rendered":"https:\/\/arcora.de\/de\/arcora\/produkt\/sunshine-fine-no3-schritt-3-gelb\/"},"modified":"2022-01-14T16:58:23","modified_gmt":"2022-01-14T15:58:23","slug":"sunshine-fine-no3-schritt-3-gelb","status":"publish","type":"product","link":"https:\/\/arcora.de\/de\/produkt\/sunshine-fine-no3-schritt-3-gelb\/","title":{"rendered":"SUNSHINE FINE No3 | Schritt 3 | GELB"},"content":{"rendered":"<p><strong>Eigenschaften:<br \/>\n<\/strong>\u2022 Alle B\u00f6den<br \/>\n\u2022 Pflege normaler Politur<br \/>\n\u2022 T\u00e4gliche Anwendung f\u00fcr Hochglanzpolitur<\/p>\n<p><strong>Bodenbel\u00e4ge:<\/strong><br \/>\nDie SUNSHINE-Pads k\u00f6nnen auf Terrazzo-, Beton-, Marmor-, Granit-, Vinyl- und Linoleumb\u00f6den sowie auf Kunstharzbeschichtungen eingesetzt werden.<\/p>\n","protected":false},"excerpt":{"rendered":"<p>Geeignet f\u00fcr das t\u00e4gliche Polieren und Reinigen, hinterl\u00e4sst einen klaren, reflektierenden Glanz.<\/p>\n<p>&nbsp;<\/p>\n<p><a href=\"https:\/\/arcora.de\/de\/wp-content\/uploads\/2022\/01\/PDB_SUNSHINE_FINE_No3.pdf\" target=\"_blank\" rel=\"noopener noreferrer\"><img loading=\"lazy\" decoding=\"async\" class=\"alignnone wp-image-6442\" src=\"https:\/\/arcora.de\/de\/wp-content\/uploads\/2019\/03\/Produkt.png\" alt=\"\" width=\"223\" height=\"38\" \/><\/a><\/p>\n","protected":false},"featured_media":2665,"template":"","meta":[],"product_brand":[],"product_cat":[72,82],"product_tag":[],"class_list":{"0":"post-2643","1":"product","2":"type-product","3":"status-publish","4":"has-post-thumbnail","6":"product_cat-reinigungsundpolierpads","7":"product_cat-sunshinepads","9":"first","10":"instock","11":"shipping-taxable","12":"product-type-simple","13":"prodpage-classic"},"_links":{"self":[{"href":"https:\/\/arcora.de\/de\/wp-json\/wp\/v2\/product\/2643","targetHints":{"allow":["GET"]}}],"collection":[{"href":"https:\/\/arcora.de\/de\/wp-json\/wp\/v2\/product"}],"about":[{"href":"https:\/\/arcora.de\/de\/wp-json\/wp\/v2\/types\/product"}],"wp:featuredmedia":[{"embeddable":true,"href":"https:\/\/arcora.de\/de\/wp-json\/wp\/v2\/media\/2665"}],"wp:attachment":[{"href":"https:\/\/arcora.de\/de\/wp-json\/wp\/v2\/media?parent=2643"}],"wp:term":[{"taxonomy":"product_brand","embeddable":true,"href":"https:\/\/arcora.de\/de\/wp-json\/wp\/v2\/product_brand?post=2643"},{"taxonomy":"product_cat","embeddable":true,"href":"https:\/\/arcora.de\/de\/wp-json\/wp\/v2\/product_cat?post=2643"},{"taxonomy":"product_tag","embeddable":true,"href":"https:\/\/arcora.de\/de\/wp-json\/wp\/v2\/product_tag?post=2643"}],"curies":[{"name":"wp","href":"https:\/\/api.w.org\/{rel}","templated":true}]}}