{"id":2645,"date":"2016-08-18T09:57:49","date_gmt":"2016-08-18T07:57:49","guid":{"rendered":"https:\/\/arcora.de\/de\/arcora\/produkt\/sunshine-goal-no5-schritt-5-olive\/"},"modified":"2022-01-14T17:00:14","modified_gmt":"2022-01-14T16:00:14","slug":"sunshine-goal-no5-schritt-5-olive","status":"publish","type":"product","link":"https:\/\/arcora.de\/de\/produkt\/sunshine-goal-no5-schritt-5-olive\/","title":{"rendered":"SUNSHINE GOAL No5 | Schritt 5 | OLIVE"},"content":{"rendered":"<p><strong>Eigenschaften:<br \/>\n<\/strong>\u2022 Alle B\u00f6den<br \/>\n\u2022 Hochglanzpolitur<br \/>\n\u2022 T\u00e4gliche Anwendung f\u00fcr den &#8222;Mirror-Shine\u201c<\/p>\n<p><strong>Bodenbel\u00e4ge:<\/strong><br \/>\nDie SUNSHINE-Pads k\u00f6nnen auf Terrazzo-, Beton-, Marmor-, Granit-, Vinyl- und Linoleumb\u00f6den sowie auf Kunstharzbeschichtungen eingesetzt werden.<\/p>\n","protected":false},"excerpt":{"rendered":"<p>Das ultra feine Pad sorgt f\u00fcr einen unvergleichlichen und glanzvollen Boden. Durch die t\u00e4gliche Anwendung beh\u00e4lt der Boden seinen spiegelklaren Hochglanz.<\/p>\n<p>&nbsp;<\/p>\n<p><a href=\"https:\/\/arcora.de\/de\/wp-content\/uploads\/2022\/01\/PDB_SUNSHINE_GOAL_No5.pdf\" target=\"_blank\" rel=\"noopener noreferrer\"><img loading=\"lazy\" decoding=\"async\" class=\"alignnone wp-image-6442\" src=\"https:\/\/arcora.de\/de\/wp-content\/uploads\/2019\/03\/Produkt.png\" alt=\"\" width=\"223\" height=\"38\" \/><\/a><\/p>\n","protected":false},"featured_media":2667,"template":"","meta":[],"product_brand":[],"product_cat":[72,82],"product_tag":[],"class_list":{"0":"post-2645","1":"product","2":"type-product","3":"status-publish","4":"has-post-thumbnail","6":"product_cat-reinigungsundpolierpads","7":"product_cat-sunshinepads","9":"first","10":"instock","11":"shipping-taxable","12":"product-type-simple","13":"prodpage-classic"},"_links":{"self":[{"href":"https:\/\/arcora.de\/de\/wp-json\/wp\/v2\/product\/2645","targetHints":{"allow":["GET"]}}],"collection":[{"href":"https:\/\/arcora.de\/de\/wp-json\/wp\/v2\/product"}],"about":[{"href":"https:\/\/arcora.de\/de\/wp-json\/wp\/v2\/types\/product"}],"wp:featuredmedia":[{"embeddable":true,"href":"https:\/\/arcora.de\/de\/wp-json\/wp\/v2\/media\/2667"}],"wp:attachment":[{"href":"https:\/\/arcora.de\/de\/wp-json\/wp\/v2\/media?parent=2645"}],"wp:term":[{"taxonomy":"product_brand","embeddable":true,"href":"https:\/\/arcora.de\/de\/wp-json\/wp\/v2\/product_brand?post=2645"},{"taxonomy":"product_cat","embeddable":true,"href":"https:\/\/arcora.de\/de\/wp-json\/wp\/v2\/product_cat?post=2645"},{"taxonomy":"product_tag","embeddable":true,"href":"https:\/\/arcora.de\/de\/wp-json\/wp\/v2\/product_tag?post=2645"}],"curies":[{"name":"wp","href":"https:\/\/api.w.org\/{rel}","templated":true}]}}