{"id":2646,"date":"2016-08-18T10:07:50","date_gmt":"2016-08-18T08:07:50","guid":{"rendered":"https:\/\/arcora.de\/de\/arcora\/produkt\/m5-power-sauger\/"},"modified":"2024-12-11T13:25:42","modified_gmt":"2024-12-11T12:25:42","slug":"m5-power-sauger","status":"publish","type":"product","link":"https:\/\/arcora.de\/de\/produkt\/m5-power-sauger\/","title":{"rendered":"M5PLUS HEPA PROFI STAUBSAUGER"},"content":{"rendered":"<p>Der M5PLUS PROFI STAUBSAUGER ist Ihr flexibler und wirtschaftlicher Begleiter in der professionellen Geb\u00e4udereinigung.<br \/>\nDer M5PLUS kann im Dauerbetrieb eingesetzt werden, da der Motor gegen \u00dcberhitzung gesch\u00fctzt ist.<br \/>\nDie kompakte Bauweise und das geringe Gewicht erm\u00f6glichen einen unbeschwerten und bequemen Transport.<\/p>\n<p><strong>Eigenschaften:<br \/>\n<\/strong>\u25cf Gro\u00dfer, sto\u00dffester Kunststofftank<br \/>\n\u25cf Gummibereifte R\u00e4der zum Schutz des Bodens sowie eingelagerte Vorderr\u00e4der sorgen f\u00fcr ein komfortables Reinigen<br \/>\n\u25cf 5-faches Filtersystem; HEPA Filter: Filtert mit hoher Wirksamkeit Feinstaub, Schwebstoffe und Kleinstpartikel<br \/>\n\u25cf M\u00f6bel, W\u00e4nde und das Ger\u00e4t werden w\u00e4hrend der Arbeit durch die Leiste aus sto\u00dfd\u00e4mpfendem Material geschont<br \/>\n\u25cf Die 4 R\u00e4der mit Gummilaufb\u00e4ndern sorgen f\u00fcr sehr gute Beweglichkeit und sch\u00fctzen glatte B\u00f6den vor Kratzern<br \/>\n\u25cf Mit Parkposition f\u00fcr Bodend\u00fcse und Aufbewahrung f\u00fcr Zubeh\u00f6r<br \/>\n\u25cf Inklusive Saugschlauch, Saugrohr, Bodend\u00fcse, M\u00f6belpinsel, Fugend\u00fcse, Polsterd\u00fcse, HEPA-Filter und Vliesfilterbeutel<\/p>\n<p><strong>Technische Daten:<br \/>\n<\/strong>Netzspannung: 220V \/ 50 Hz<br \/>\nMax. Leistung: 900 W<br \/>\nWassers\u00e4ule: 2700 mm H2O<br \/>\nLuftf\u00f6rderung: 53 l\/s<br \/>\nGer\u00e4uschpegel: 68 dB<br \/>\nKabell\u00e4nge: 12 m<br \/>\nVolumen: 10 liter<br \/>\nGewicht: 5,8 kg<br \/>\nGroesse: 35 x 38 x 43 cm<\/p>\n","protected":false},"excerpt":{"rendered":"<p>Geeignet f\u00fcr den Einsatz auf den unterschiedlichsten Belagsarten, von Teppichb\u00f6den bis zu Laminatbel\u00e4gen. Optimal f\u00fcr die t\u00e4gliche Unterhaltsreinigung in der Geb\u00e4ude und Objektreinigung.<\/p>\n<p>&nbsp;<\/p>\n<p><a href=\"https:\/\/arcora.de\/de\/wp-content\/uploads\/2024\/12\/ARCORA_M5PLUS-HEPA_STAUBSAUGER_M5PLUS.pdf\" target=\"_blank\" rel=\"noopener noreferrer\"><img loading=\"lazy\" decoding=\"async\" class=\"alignnone wp-image-6442\" src=\"https:\/\/arcora.de\/de\/wp-content\/uploads\/2019\/03\/Produkt.png\" alt=\"\" width=\"223\" height=\"38\" \/><\/a><br \/>\n<a href=\"https:\/\/arcora.de\/de\/wp-content\/uploads\/2020\/12\/Gebrauchsanleitung-DE-1.pdf\" target=\"_blank\" rel=\"noopener noreferrer\"><img loading=\"lazy\" decoding=\"async\" class=\"alignnone wp-image-6442\" src=\"https:\/\/arcora.de\/de\/wp-content\/uploads\/2019\/03\/Bedienung.png\" alt=\"\" width=\"223\" height=\"38\" \/><\/a><\/p>\n","protected":false},"featured_media":10390,"template":"","meta":[],"product_brand":[],"product_cat":[69,182],"product_tag":[],"class_list":{"0":"post-2646","1":"product","2":"type-product","3":"status-publish","4":"has-post-thumbnail","6":"product_cat-reinigungsmaschinen-und-zubehuer","7":"product_cat-trockensauger","9":"first","10":"instock","11":"shipping-taxable","12":"product-type-simple","13":"prodpage-classic"},"_links":{"self":[{"href":"https:\/\/arcora.de\/de\/wp-json\/wp\/v2\/product\/2646","targetHints":{"allow":["GET"]}}],"collection":[{"href":"https:\/\/arcora.de\/de\/wp-json\/wp\/v2\/product"}],"about":[{"href":"https:\/\/arcora.de\/de\/wp-json\/wp\/v2\/types\/product"}],"wp:featuredmedia":[{"embeddable":true,"href":"https:\/\/arcora.de\/de\/wp-json\/wp\/v2\/media\/10390"}],"wp:attachment":[{"href":"https:\/\/arcora.de\/de\/wp-json\/wp\/v2\/media?parent=2646"}],"wp:term":[{"taxonomy":"product_brand","embeddable":true,"href":"https:\/\/arcora.de\/de\/wp-json\/wp\/v2\/product_brand?post=2646"},{"taxonomy":"product_cat","embeddable":true,"href":"https:\/\/arcora.de\/de\/wp-json\/wp\/v2\/product_cat?post=2646"},{"taxonomy":"product_tag","embeddable":true,"href":"https:\/\/arcora.de\/de\/wp-json\/wp\/v2\/product_tag?post=2646"}],"curies":[{"name":"wp","href":"https:\/\/api.w.org\/{rel}","templated":true}]}}