{"id":2647,"date":"2016-08-18T10:09:24","date_gmt":"2016-08-18T08:09:24","guid":{"rendered":"https:\/\/arcora.de\/de\/arcora\/produkt\/pro1-1-gewerbestaubsauger\/"},"modified":"2025-10-23T13:53:37","modified_gmt":"2025-10-23T11:53:37","slug":"pro1-1-gewerbestaubsauger","status":"publish","type":"product","link":"https:\/\/arcora.de\/de\/produkt\/pro1-1-gewerbestaubsauger\/","title":{"rendered":"PRO1PLUS PROFI STAUBSAUGER"},"content":{"rendered":"<p>Der PRO1PLUS Profi Sauger ist ein vielseitig einsetzbarer und zuverl\u00e4ssiger Trockensauger, der sowohl f\u00fcr das Saugen von gro\u00dfen Fl\u00e4chen wie z.B. B\u00fcror\u00e4ume, Hotels, Restaurants ideal geeignet ist, als auch f\u00fcr das Saugen von kleineren Fl\u00e4chen wie z.B. Einfamilienh\u00e4user, Arztpraxen, Ladengesch\u00e4fte etc.<\/p>\n<p><strong>Eigenschaften:<\/strong><br \/>\n\u2022 Robuste und stabile Konstruktion dank sto\u00dffester Materialien<br \/>\n\u2022 Mit Leistungsumschaltung (900\/600W) f\u00fcr ein optimale Anpassung auch an hochflorige Teppiche<br \/>\n\u2022 15 m Netzkabel in Signalfarbe orange<br \/>\n\u2022 Manuelle Kabelaufwicklung f\u00fcr ein sicheres und praktisches Verstauen des Netzkabels<br \/>\n\u2022 Gummibereifte R\u00e4der zum Schutz des Bodens, sowie Wand- und M\u00f6belschutzleiste aus Gummi<br \/>\n\u2022 Abluftilterkasette zur Reinigung der Abluft<br \/>\n\u2022 Nebenluftventil zur K\u00fchlung des Motors, besonders wichtig bei andauerndem Einsatz und w\u00e4rmeren Temperaturen<br \/>\n\u2022 Langlebiger Motor f\u00fcr eine hohe Saugkraft mit 2 Stufen (900\/600W)<br \/>\n\u2022 Umschaltbare Bodend\u00fcse zu Anpassung an verschiedene Bodenbel\u00e4ge<br \/>\n\u2022 Parksystem f\u00fcr Bodend\u00fcse<br \/>\n\u2022 Inkl. Bodend\u00fcse, Saugschlauch, 2 Metallsaugohre, Fugend\u00fcse, Polsterd\u00fcse, Pinseld\u00fcse und 2 Vliesfilterbeutel<\/p>\n<p>&nbsp;<\/p>\n","protected":false},"excerpt":{"rendered":"<p>Mit dem bedienerfreundlichen PRO1PLUS gelingt ein reibungsloses und effektives Saugen von gro\u00dfen Fl\u00e4chen wie z.B. B\u00fcror\u00e4ume, Hotels, Restaurants ideal geeignet ist, als auch f\u00fcr das Saugen von kleineren Fl\u00e4chen wie z.B. Einfamilienh\u00e4user, Arztpraxen, Ladengesch\u00e4fte etc.<\/p>\n<p><a href=\"https:\/\/arcora.de\/de\/wp-content\/uploads\/2025\/09\/PRO1PLUS.pdf\" target=\"_blank\" rel=\"noopener noreferrer\"><img loading=\"lazy\" decoding=\"async\" class=\"alignnone wp-image-6442\" src=\"https:\/\/arcora.de\/de\/wp-content\/uploads\/2019\/03\/Produkt.png\" alt=\"\" width=\"223\" height=\"38\" \/><\/a><br \/>\n<a href=\"https:\/\/arcora.de\/de\/wp-content\/uploads\/2020\/08\/BEDIENUNGSANLEITUNG.pdf\" target=\"_blank\" rel=\"noopener noreferrer\"><img loading=\"lazy\" decoding=\"async\" class=\"alignnone wp-image-6442\" src=\"https:\/\/arcora.de\/de\/wp-content\/uploads\/2019\/03\/Bedienung.png\" alt=\"\" width=\"223\" height=\"38\" \/><\/a><\/p>\n","protected":false},"featured_media":10150,"template":"","meta":[],"product_brand":[],"product_cat":[69,182],"product_tag":[],"class_list":{"0":"post-2647","1":"product","2":"type-product","3":"status-publish","4":"has-post-thumbnail","6":"product_cat-reinigungsmaschinen-und-zubehuer","7":"product_cat-trockensauger","9":"first","10":"instock","11":"shipping-taxable","12":"product-type-simple","13":"prodpage-classic"},"_links":{"self":[{"href":"https:\/\/arcora.de\/de\/wp-json\/wp\/v2\/product\/2647","targetHints":{"allow":["GET"]}}],"collection":[{"href":"https:\/\/arcora.de\/de\/wp-json\/wp\/v2\/product"}],"about":[{"href":"https:\/\/arcora.de\/de\/wp-json\/wp\/v2\/types\/product"}],"wp:featuredmedia":[{"embeddable":true,"href":"https:\/\/arcora.de\/de\/wp-json\/wp\/v2\/media\/10150"}],"wp:attachment":[{"href":"https:\/\/arcora.de\/de\/wp-json\/wp\/v2\/media?parent=2647"}],"wp:term":[{"taxonomy":"product_brand","embeddable":true,"href":"https:\/\/arcora.de\/de\/wp-json\/wp\/v2\/product_brand?post=2647"},{"taxonomy":"product_cat","embeddable":true,"href":"https:\/\/arcora.de\/de\/wp-json\/wp\/v2\/product_cat?post=2647"},{"taxonomy":"product_tag","embeddable":true,"href":"https:\/\/arcora.de\/de\/wp-json\/wp\/v2\/product_tag?post=2647"}],"curies":[{"name":"wp","href":"https:\/\/api.w.org\/{rel}","templated":true}]}}