{"id":3500,"date":"2016-12-21T12:13:12","date_gmt":"2016-12-21T11:13:12","guid":{"rendered":"https:\/\/arcora.de\/de\/?product=power-clean"},"modified":"2025-10-13T15:50:44","modified_gmt":"2025-10-13T13:50:44","slug":"power-clean","status":"publish","type":"product","link":"https:\/\/arcora.de\/de\/produkt\/power-clean\/","title":{"rendered":"POWER-CLEAN"},"content":{"rendered":"<p><strong>Eigenschaften:<br \/>\n<\/strong>Hochkonzentrierter, alkalischer Intensivreiniger und Rauchharzentferner.<\/p>\n<ul>\n<li>Arbeitet selbstst\u00e4ndig und schnell<\/li>\n<li>Auf warmen und kalten Oberfl\u00e4chen anwendbar<\/li>\n<li>L\u00f6st Eingebranntes, Verkohltes und Verkrustetes<\/li>\n<\/ul>\n<p><strong>Anwendungsbereiche:<br \/>\n<\/strong>F\u00fcr alkalibest\u00e4ndige Materialien: Grill- und Backofen, Konvektomaten, T\u00f6pfe, Pfannen usw. Bei starker Verschmutzung l\u00e4ngere Einwirkzeit w\u00e4hlen. Bei starker Verschmutzung l\u00e4ngere Einwirkzeit w\u00e4hlen. Bei regelm\u00e4\u00dfiger Anwendung wird die R\u00fcckstandsentfernung erleichtert.<\/p>\n","protected":false},"excerpt":{"rendered":"<p><strong>GRILLREINIGER UND RAUCHHARZENTFERNER<\/strong><br \/>\nIntensivreiniger und Rauchharzentferner. In hoher Verd\u00fcnnung auch als Intensivfettl\u00f6ser einsetzbar<\/p>\n<p>&nbsp;<\/p>\n<p><a href=\"https:\/\/arcora.de\/de\/wp-content\/uploads\/2025\/10\/ARCORA_POWER-CLEAN_GRILLREINIGER-UND-RAUCHHARZENTFERNER_01016_01015.pdf\"><img loading=\"lazy\" decoding=\"async\" class=\"alignnone wp-image-6442\" src=\"https:\/\/arcora.de\/de\/wp-content\/uploads\/2019\/03\/Produkt.png\" alt=\"\" width=\"223\" height=\"38\" \/><\/a><br \/>\n<a href=\"https:\/\/arcora.de\/de\/wp-content\/uploads\/2025\/09\/POWER-CLEAN.pdf\" target=\"_blank\" rel=\"noopener noreferrer\"><img loading=\"lazy\" decoding=\"async\" class=\"alignnone wp-image-6442\" src=\"https:\/\/arcora.de\/de\/wp-content\/uploads\/2019\/03\/Sicherheit.png\" alt=\"\" width=\"223\" height=\"38\" \/><\/a><\/p>\n","protected":false},"featured_media":15420,"template":"","meta":[],"product_brand":[],"product_cat":[59,50],"product_tag":[],"class_list":{"0":"post-3500","1":"product","2":"type-product","3":"status-publish","4":"has-post-thumbnail","6":"product_cat-kuechenhygiene","7":"product_cat-reinigungsundpflegemittel","9":"first","10":"instock","11":"shipping-taxable","12":"product-type-simple","13":"prodpage-classic"},"_links":{"self":[{"href":"https:\/\/arcora.de\/de\/wp-json\/wp\/v2\/product\/3500","targetHints":{"allow":["GET"]}}],"collection":[{"href":"https:\/\/arcora.de\/de\/wp-json\/wp\/v2\/product"}],"about":[{"href":"https:\/\/arcora.de\/de\/wp-json\/wp\/v2\/types\/product"}],"wp:featuredmedia":[{"embeddable":true,"href":"https:\/\/arcora.de\/de\/wp-json\/wp\/v2\/media\/15420"}],"wp:attachment":[{"href":"https:\/\/arcora.de\/de\/wp-json\/wp\/v2\/media?parent=3500"}],"wp:term":[{"taxonomy":"product_brand","embeddable":true,"href":"https:\/\/arcora.de\/de\/wp-json\/wp\/v2\/product_brand?post=3500"},{"taxonomy":"product_cat","embeddable":true,"href":"https:\/\/arcora.de\/de\/wp-json\/wp\/v2\/product_cat?post=3500"},{"taxonomy":"product_tag","embeddable":true,"href":"https:\/\/arcora.de\/de\/wp-json\/wp\/v2\/product_tag?post=3500"}],"curies":[{"name":"wp","href":"https:\/\/api.w.org\/{rel}","templated":true}]}}