{"id":3696,"date":"2017-01-02T15:11:25","date_gmt":"2017-01-02T14:11:25","guid":{"rendered":"https:\/\/arcora.de\/de\/?product=tenas-3in1"},"modified":"2023-07-17T08:32:03","modified_gmt":"2023-07-17T06:32:03","slug":"tenas-4in1","status":"publish","type":"product","link":"https:\/\/arcora.de\/de\/produkt\/tenas-4in1\/","title":{"rendered":"TENAS 4IN1"},"content":{"rendered":"<p><strong>ANWENDUNGSBEREICH<\/strong><br \/>\nZur fasertiefen Reinigung hartn\u00e4ckiger Verschmutzungen auf allen farb- und wasserbest\u00e4n\u00addigen textilen Bel\u00e4gen, Teppichen und Polsterm\u00f6beln aus Natur- und Synthetikfasern. Ideal f\u00fcr Hotels, Schulen, Kinos, Flugh\u00e4fen, Businesscenter, Restaurants und Verwaltungsgeb\u00e4ude.<\/p>\n<p><strong>ANWENDUNG<\/strong><\/p>\n<p><strong>Als Fleckenentferner:<\/strong><\/p>\n<ol>\n<li>TENAS Handb\u00fcrste aufschrauben und die Reinigungschemie bis zur ersten Markierung auff\u00fcllen.<\/li>\n<li>Mit Wasser bis zur letzten Markierung verd\u00fcnnen.<\/li>\n<li>B\u00fcrstkopf auf Dosierstiel aufschrauben und mittels Druck auf den Dosierstiel die Chemie dosieren.<\/li>\n<li>Mit der B\u00fcrste auf den zu entfernenden Fleck und von au\u00dfen nach innen reiben.<\/li>\n<\/ol>\n<p><strong>Als Vorreiniger f\u00fcr alle Teppichreinigungssysteme:<\/strong><\/p>\n<ol>\n<li>Punktuelle Verschmutzungen und Flecken entfernen.<\/li>\n<li>TENAS 4IN1 in der TENAS Handb\u00fcrste anmischen .<\/li>\n<li>Bespr\u00fchen Sie anschlie\u00dfend die Laufstra\u00dfen oder die gesamte zu reinigende Fl\u00e4che mit der 1:12 Verd\u00fcnnung.<\/li>\n<li>Reinigen Sie den Teppich mit einem geeigneten Reinigungssystem.<\/li>\n<\/ol>\n<p><strong>Als Extraktionsreiniger und Bonnet-System:<\/strong><\/p>\n<ol>\n<li>Vor der Reinigung groben Schmutz durch Saugen entfernen.<\/li>\n<li>Zur Vorreinigung TENAS 4IN1 1:12 mit kaltem Wasser verd\u00fcnnen und anschlie\u00dfend die Laufstra\u00dfen bespr\u00fchen.<\/li>\n<li>Anschlie\u00dfend 80-100 ml TENAS 4in1 in 10 L kaltem Wasser verd\u00fcnnen.<\/li>\n<li>a) Extrahieren Sie den Teppich mit einem Extraktionsreiniger.<\/li>\n<li>b) Das Bonnetpad mit der Verd\u00fcnnung bespr\u00fchen und die zu reinigende Fl\u00e4che mit einer Einscheibenmaschine bearbeiten.<\/li>\n<\/ol>\n<p><strong>Trockenreinigungssystem ANIKO 350 DUO BRUSH:<\/strong><\/p>\n<ol>\n<li>Vor der Reinigung groben Schmutz durch Saugen entfernen.<\/li>\n<li>Zur Zwischenreinigung: TENAS 4IN1 1:12 mit Wasser verd\u00fcnnen, die zu reinigenden Fl\u00e4chen bespr\u00fchen und mit der ANIKO 350 DUO BRUSH einb\u00fcrsten.<\/li>\n<li>Zur Grundreinigung: Zus\u00e4tzlich das TENAS GRanuat auf stark verschmutzte Stellen aufstreuen, einb\u00fcrsten und mit dem Renovator aufnehmen.<\/li>\n<\/ol>\n<p>&nbsp;<\/p>\n","protected":false},"excerpt":{"rendered":"<p><strong>TEPPICHREINIGER MIT ENCAPSULATION SYSTEM<\/strong><br \/>\nTENAS 4IN1 \u00fcbernimmt dank seines einzigartigen Polymer\/Surfactent Systems die Aufgaben von f\u00fcnf klassischen Teppichreinigern: d. h. Sie ben\u00f6tigen nur noch ein Produkt f\u00fcr die Fleckenentfernung, Vorreinigung, Extraktionsreinigung, die Reinigung im Bonnet-Verfahren und das Trockenreinigungssystem mit der ANIKO 350 DUO BRSUH. Mit TENAS 4IN1 sparen Sie Zeit, Geld und Platz. Das spezielle Encapsulation System sorgt daf\u00fcr, dass der Schmutz durchgebrochen, gebunden und eingekapselt wird. Durch die enthaltenen Polymere wird eine Wiederverschmutzung und Vergrauung verhindert. TENAS 4IN1 verk\u00fcrzt die Trocknungszeit, sch\u00fctzt die Teppichfasern und hinterl\u00e4sst einen angenehmen Duft.<\/p>\n<p><a href=\"https:\/\/arcora.de\/de\/wp-content\/uploads\/2021\/12\/PDB_TENAS_4IN1.pdf\" target=\"_blank\" rel=\"noopener noreferrer\"><img loading=\"lazy\" decoding=\"async\" class=\"alignnone wp-image-6442\" src=\"https:\/\/arcora.de\/de\/wp-content\/uploads\/2019\/03\/Produkt.png\" alt=\"\" width=\"223\" height=\"38\" \/><\/a><br \/>\n<a href=\"https:\/\/arcora.de\/de\/wp-content\/uploads\/2023\/07\/SDB_TENAS-4IN1.pdf\" target=\"_blank\" rel=\"noopener noreferrer\"><img loading=\"lazy\" decoding=\"async\" class=\"alignnone wp-image-6442\" src=\"https:\/\/arcora.de\/de\/wp-content\/uploads\/2019\/03\/Sicherheit.png\" alt=\"\" width=\"223\" height=\"38\" \/><\/a><\/p>\n","protected":false},"featured_media":7323,"template":"","meta":[],"product_brand":[],"product_cat":[50,56],"product_tag":[],"class_list":{"0":"post-3696","1":"product","2":"type-product","3":"status-publish","4":"has-post-thumbnail","6":"product_cat-reinigungsundpflegemittel","7":"product_cat-teppichreinigungsprodukte","9":"first","10":"instock","11":"shipping-taxable","12":"product-type-simple","13":"prodpage-classic"},"_links":{"self":[{"href":"https:\/\/arcora.de\/de\/wp-json\/wp\/v2\/product\/3696","targetHints":{"allow":["GET"]}}],"collection":[{"href":"https:\/\/arcora.de\/de\/wp-json\/wp\/v2\/product"}],"about":[{"href":"https:\/\/arcora.de\/de\/wp-json\/wp\/v2\/types\/product"}],"wp:featuredmedia":[{"embeddable":true,"href":"https:\/\/arcora.de\/de\/wp-json\/wp\/v2\/media\/7323"}],"wp:attachment":[{"href":"https:\/\/arcora.de\/de\/wp-json\/wp\/v2\/media?parent=3696"}],"wp:term":[{"taxonomy":"product_brand","embeddable":true,"href":"https:\/\/arcora.de\/de\/wp-json\/wp\/v2\/product_brand?post=3696"},{"taxonomy":"product_cat","embeddable":true,"href":"https:\/\/arcora.de\/de\/wp-json\/wp\/v2\/product_cat?post=3696"},{"taxonomy":"product_tag","embeddable":true,"href":"https:\/\/arcora.de\/de\/wp-json\/wp\/v2\/product_tag?post=3696"}],"curies":[{"name":"wp","href":"https:\/\/api.w.org\/{rel}","templated":true}]}}