{"id":3726,"date":"2017-01-12T17:07:53","date_gmt":"2017-01-12T16:07:53","guid":{"rendered":"https:\/\/arcora.de\/de\/?product=arspray-spruehkaennchen-delta-tec-2-epdm"},"modified":"2026-02-03T15:24:48","modified_gmt":"2026-02-03T14:24:48","slug":"arspray-liquid-spruehkaennchen-epdm-1710ml","status":"publish","type":"product","link":"https:\/\/arcora.de\/de\/produkt\/arspray-liquid-spruehkaennchen-epdm-1710ml\/","title":{"rendered":"ARSPRAY LIQUID SPR\u00dcHK\u00c4NNCHEN EPDM 1710 ml"},"content":{"rendered":"","protected":false},"excerpt":{"rendered":"<p>EPDM = f\u00fcr alkalische Produkte<\/p>\n<p>Volumen: 1710 ml<\/p>\n","protected":false},"featured_media":15638,"template":"","meta":[],"product_brand":[],"product_cat":[104],"product_tag":[],"class_list":{"0":"post-3726","1":"product","2":"type-product","3":"status-publish","4":"has-post-thumbnail","6":"product_cat-zubehoer","8":"first","9":"instock","10":"shipping-taxable","11":"product-type-simple","12":"prodpage-classic"},"_links":{"self":[{"href":"https:\/\/arcora.de\/de\/wp-json\/wp\/v2\/product\/3726","targetHints":{"allow":["GET"]}}],"collection":[{"href":"https:\/\/arcora.de\/de\/wp-json\/wp\/v2\/product"}],"about":[{"href":"https:\/\/arcora.de\/de\/wp-json\/wp\/v2\/types\/product"}],"wp:featuredmedia":[{"embeddable":true,"href":"https:\/\/arcora.de\/de\/wp-json\/wp\/v2\/media\/15638"}],"wp:attachment":[{"href":"https:\/\/arcora.de\/de\/wp-json\/wp\/v2\/media?parent=3726"}],"wp:term":[{"taxonomy":"product_brand","embeddable":true,"href":"https:\/\/arcora.de\/de\/wp-json\/wp\/v2\/product_brand?post=3726"},{"taxonomy":"product_cat","embeddable":true,"href":"https:\/\/arcora.de\/de\/wp-json\/wp\/v2\/product_cat?post=3726"},{"taxonomy":"product_tag","embeddable":true,"href":"https:\/\/arcora.de\/de\/wp-json\/wp\/v2\/product_tag?post=3726"}],"curies":[{"name":"wp","href":"https:\/\/api.w.org\/{rel}","templated":true}]}}