{"id":4123,"date":"2017-03-30T12:44:55","date_gmt":"2017-03-30T10:44:55","guid":{"rendered":"https:\/\/arcora.de\/de\/?post_type=product&#038;p=4123"},"modified":"2025-07-30T14:26:31","modified_gmt":"2025-07-30T12:26:31","slug":"aniko25-brush","status":"publish","type":"product","link":"https:\/\/arcora.de\/de\/produkt\/aniko25-brush\/","title":{"rendered":"ANIKO 25 BRUSH"},"content":{"rendered":"<p><strong>EIGENSCHAFTEN:<\/strong><br \/>\nDer automatisch regelbare Druck der rotierenden B\u00fcrste erm\u00f6glicht die Grundreinigung von stark verschmutzen Teppich- und Hartb\u00f6den.<\/p>\n<ul>\n<li>Schnelle Umwandlung von Teppich- zur Hartbodenreinigung durch einfaches Kippen eines Hebels<\/li>\n<li>Tank aus Poly\u00e4thylen mit hoher Dichtigkeit<\/li>\n<li>Einfache Anwendung<\/li>\n<li>Geringe Arbeitsbreite von 29 cm<\/li>\n<li>Ideal f\u00fcr professionelle Reinigungsarbeiten in der Geb\u00e4udereinigung<\/li>\n<li>Regelbare Wassermenge<\/li>\n<li>Absaugmotor mit Thermoschutz gegen \u00dcberbelastung<\/li>\n<\/ul>\n<p><strong>EINSATZBEREICHE:<\/strong><br \/>\nGeeignet f\u00fcr den Einsatz in Reinigungsbetrieben, Hotels, Restaurants, Lokalen, Bars, B\u00fcros, Banken, Teppichgesch\u00e4fte, Z\u00fcge, Busse, Flugzeuge, Kinos, Theater, Schiffe, Krankenh\u00e4user, Heilanstalten sowie in \u00f6ffentlichen Einrichtungen wie Sporthallen, Schulen, Universit\u00e4ten, usw.<\/p>\n<p><strong>SONDERZUBEH\u00d6R<\/strong><\/p>\n<p><a href=\"https:\/\/arcora.de\/de\/wp-content\/uploads\/2017\/03\/Polsteradapter_Kunststoff.jpg\"><img loading=\"lazy\" decoding=\"async\" class=\"wp-image-4109 alignnone\" src=\"https:\/\/arcora.de\/de\/wp-content\/uploads\/2017\/03\/Polsteradapter_Kunststoff-300x279.jpg\" alt=\"\" width=\"117\" height=\"109\" srcset=\"https:\/\/arcora.de\/de\/wp-content\/uploads\/2017\/03\/Polsteradapter_Kunststoff-300x279.jpg 300w, https:\/\/arcora.de\/de\/wp-content\/uploads\/2017\/03\/Polsteradapter_Kunststoff-201x187.jpg 201w, https:\/\/arcora.de\/de\/wp-content\/uploads\/2017\/03\/Polsteradapter_Kunststoff.jpg 328w\" sizes=\"auto, (max-width: 117px) 100vw, 117px\" \/><\/a><\/p>\n<p><strong>Polsteradapter aus Kunststoff<\/strong><br \/>\n<strong>Art.Nr.:<\/strong>\u00a001253<\/p>\n<p><a href=\"https:\/\/arcora.de\/de\/wp-content\/uploads\/2017\/03\/Polsteradapter_Aluminium-1.jpg\"><img loading=\"lazy\" decoding=\"async\" class=\"wp-image-4112 alignnone\" src=\"https:\/\/arcora.de\/de\/wp-content\/uploads\/2017\/03\/Polsteradapter_Aluminium-1-300x255.jpg\" alt=\"\" width=\"128\" height=\"109\" srcset=\"https:\/\/arcora.de\/de\/wp-content\/uploads\/2017\/03\/Polsteradapter_Aluminium-1-300x255.jpg 300w, https:\/\/arcora.de\/de\/wp-content\/uploads\/2017\/03\/Polsteradapter_Aluminium-1-220x187.jpg 220w, https:\/\/arcora.de\/de\/wp-content\/uploads\/2017\/03\/Polsteradapter_Aluminium-1.jpg 342w\" sizes=\"auto, (max-width: 128px) 100vw, 128px\" \/><\/a><\/p>\n<p><strong>Polsteradapter aus Aluminium<\/strong><br \/>\n<strong>Art.Nr.:<\/strong> 01252<\/p>\n","protected":false},"excerpt":{"rendered":"<p><strong>SPR\u00dcHEXTRAKTIONSGER\u00c4T MIT ROTIERENDER B\u00dcRSTE<\/strong><\/p>\n<p>Spr\u00fchextraktions-B\u00fcrstautomat f\u00fcr die professionelle Reinigung von kleinen Teppich- und Hartbodenoberfl\u00e4chen. Geeignet f\u00fcr den Einsatz in Reinigungsbetrieben, Hotels, B\u00fcros, Z\u00fcgen, Krankenh\u00e4usern u.v.m.<\/p>\n<p><a href=\"https:\/\/arcora.de\/de\/wp-content\/uploads\/2025\/07\/ARCORA_ANIKO-25-SPRUeHEXTRAKTONSMASCHINE.pdf\" target=\"_blank\" rel=\"noopener noreferrer\"><img loading=\"lazy\" decoding=\"async\" class=\"alignnone wp-image-6442\" src=\"https:\/\/arcora.de\/de\/wp-content\/uploads\/2019\/03\/Produkt.png\" alt=\"\" width=\"223\" height=\"38\" \/><\/a><br \/>\n<a href=\"https:\/\/arcora.de\/de\/wp-content\/uploads\/2019\/05\/Bedienungsanleitung_ANIKO-25-BRUSH.pdf\" target=\"_blank\" rel=\"noopener noreferrer\"><img loading=\"lazy\" decoding=\"async\" class=\"alignnone wp-image-6442\" src=\"https:\/\/arcora.de\/de\/wp-content\/uploads\/2019\/03\/Bedienung.png\" alt=\"\" width=\"223\" height=\"38\" \/><\/a><\/p>\n","protected":false},"featured_media":15312,"template":"","meta":[],"product_brand":[],"product_cat":[69,185],"product_tag":[],"class_list":{"0":"post-4123","1":"product","2":"type-product","3":"status-publish","4":"has-post-thumbnail","6":"product_cat-reinigungsmaschinen-und-zubehuer","7":"product_cat-spruehextraktionsgeraete","9":"first","10":"instock","11":"shipping-taxable","12":"product-type-simple","13":"prodpage-classic"},"_links":{"self":[{"href":"https:\/\/arcora.de\/de\/wp-json\/wp\/v2\/product\/4123","targetHints":{"allow":["GET"]}}],"collection":[{"href":"https:\/\/arcora.de\/de\/wp-json\/wp\/v2\/product"}],"about":[{"href":"https:\/\/arcora.de\/de\/wp-json\/wp\/v2\/types\/product"}],"wp:featuredmedia":[{"embeddable":true,"href":"https:\/\/arcora.de\/de\/wp-json\/wp\/v2\/media\/15312"}],"wp:attachment":[{"href":"https:\/\/arcora.de\/de\/wp-json\/wp\/v2\/media?parent=4123"}],"wp:term":[{"taxonomy":"product_brand","embeddable":true,"href":"https:\/\/arcora.de\/de\/wp-json\/wp\/v2\/product_brand?post=4123"},{"taxonomy":"product_cat","embeddable":true,"href":"https:\/\/arcora.de\/de\/wp-json\/wp\/v2\/product_cat?post=4123"},{"taxonomy":"product_tag","embeddable":true,"href":"https:\/\/arcora.de\/de\/wp-json\/wp\/v2\/product_tag?post=4123"}],"curies":[{"name":"wp","href":"https:\/\/api.w.org\/{rel}","templated":true}]}}