{"id":413,"date":"2016-04-04T10:29:15","date_gmt":"2016-04-04T08:29:15","guid":{"rendered":"https:\/\/arcora.de\/de\/arcora\/produkt\/profi-griffvliesschwamm\/"},"modified":"2023-01-25T09:57:35","modified_gmt":"2023-01-25T08:57:35","slug":"profi-griffvliesschwamm","status":"publish","type":"product","link":"https:\/\/arcora.de\/de\/produkt\/profi-griffvliesschwamm\/","title":{"rendered":"PROFI GRIFFVLIESSCHWAMM"},"content":{"rendered":"","protected":false},"excerpt":{"rendered":"<p>Die Griffvliesschw\u00e4mme sind ideal f\u00fcr empfindliche Fl\u00e4chen.<\/p>\n<ul>\n<li>Hohe Wasseraufnahme<\/li>\n<li>Mit Griffrille zur Schonung der H\u00e4nde und Fingern\u00e4gel<\/li>\n<\/ul>\n","protected":false},"featured_media":1308,"template":"","meta":[],"product_brand":[],"product_cat":[139,155],"product_tag":[],"class_list":{"0":"post-413","1":"product","2":"type-product","3":"status-publish","4":"has-post-thumbnail","6":"product_cat-reinigungstextilien","7":"product_cat-schwaemme","9":"first","10":"instock","11":"shipping-taxable","12":"product-type-simple","13":"prodpage-classic"},"_links":{"self":[{"href":"https:\/\/arcora.de\/de\/wp-json\/wp\/v2\/product\/413","targetHints":{"allow":["GET"]}}],"collection":[{"href":"https:\/\/arcora.de\/de\/wp-json\/wp\/v2\/product"}],"about":[{"href":"https:\/\/arcora.de\/de\/wp-json\/wp\/v2\/types\/product"}],"wp:featuredmedia":[{"embeddable":true,"href":"https:\/\/arcora.de\/de\/wp-json\/wp\/v2\/media\/1308"}],"wp:attachment":[{"href":"https:\/\/arcora.de\/de\/wp-json\/wp\/v2\/media?parent=413"}],"wp:term":[{"taxonomy":"product_brand","embeddable":true,"href":"https:\/\/arcora.de\/de\/wp-json\/wp\/v2\/product_brand?post=413"},{"taxonomy":"product_cat","embeddable":true,"href":"https:\/\/arcora.de\/de\/wp-json\/wp\/v2\/product_cat?post=413"},{"taxonomy":"product_tag","embeddable":true,"href":"https:\/\/arcora.de\/de\/wp-json\/wp\/v2\/product_tag?post=413"}],"curies":[{"name":"wp","href":"https:\/\/api.w.org\/{rel}","templated":true}]}}