{"id":4168,"date":"2017-04-05T17:58:11","date_gmt":"2017-04-05T15:58:11","guid":{"rendered":"https:\/\/arcora.de\/de\/?product=aniko30"},"modified":"2025-07-30T14:28:37","modified_gmt":"2025-07-30T12:28:37","slug":"aniko30","status":"publish","type":"product","link":"https:\/\/arcora.de\/de\/produkt\/aniko30\/","title":{"rendered":"ANIKO 30"},"content":{"rendered":"<p><strong>EIGENSCHAFTEN:<\/strong><br \/>\nANIKO30 ist eine Spr\u00fchextraktionsmaschine f\u00fcr die professionelle Reinigung von kleinen Teppich- und Hartbodenoberfl\u00e4chen.<br \/>\nTrotz der kleinen Ma\u00dfe ist sie f\u00fcr den professionellen Einsatz und den intensiven Gebrauch geeignet. Dank der hohen Saugleistung wird so viel Schmutz wie m\u00f6glich vom Boden abgesaugt und eine sehr schnelle Trocknung erm\u00f6glicht.<\/p>\n<ul>\n<li>Inkl. Sauglanze f\u00fcr Teppich- und Hartb\u00f6den<\/li>\n<li>Robuste Bauweise<\/li>\n<li>Tank aus Poly\u00e4thylen mit hoher Dichtigkeit<\/li>\n<li>Einfache Anwendung<\/li>\n<li>Geringe Arbeitsbreite von 27 cm<\/li>\n<li>Ideal f\u00fcr professionelle Reinigungsarbeiten in der Geb\u00e4udereinigung<\/li>\n<li>Kupplung aus Messing<\/li>\n<li>Absaugmotor mit Thermoschutz gegen \u00dcberbelastung<\/li>\n<li>H\u00f6henverstellbarer Griff zur besseren Ergonomie<\/li>\n<\/ul>\n<p><strong>EINSATZBEREICHE:<\/strong><br \/>\nGeeignet f\u00fcr den Einsatz in Reinigungsbetrieben, Hotels, Restaurants, Lokalen, Bars, B\u00fcros, Banken, Teppichgesch\u00e4fte, Z\u00fcge, Busse, Flugzeuge, Kinos, Theater, Schiffe, Krankenh\u00e4user, Heilanstalten sowie in \u00f6ffentlichen Einrichtungen wie Sporthallen, Schulen, Universit\u00e4ten, usw.<\/p>\n<p>&nbsp;<\/p>\n<p><strong>SONDERZUBEH\u00d6R:<\/strong><\/p>\n<p><a href=\"https:\/\/arcora.de\/de\/wp-content\/uploads\/2017\/03\/Polsteradapter_Kunststoff.jpg\"><img loading=\"lazy\" decoding=\"async\" class=\"wp-image-4109 alignnone\" src=\"https:\/\/arcora.de\/de\/wp-content\/uploads\/2017\/03\/Polsteradapter_Kunststoff-300x279.jpg\" alt=\"\" width=\"117\" height=\"109\" srcset=\"https:\/\/arcora.de\/de\/wp-content\/uploads\/2017\/03\/Polsteradapter_Kunststoff-300x279.jpg 300w, https:\/\/arcora.de\/de\/wp-content\/uploads\/2017\/03\/Polsteradapter_Kunststoff-201x187.jpg 201w, https:\/\/arcora.de\/de\/wp-content\/uploads\/2017\/03\/Polsteradapter_Kunststoff.jpg 328w\" sizes=\"auto, (max-width: 117px) 100vw, 117px\" \/><\/a><\/p>\n<p><strong>Polsteradapter aus Kunststoff<\/strong><br \/>\n<strong>Art.Nr.:<\/strong>\u00a001253<\/p>\n<p><a href=\"https:\/\/arcora.de\/de\/wp-content\/uploads\/2017\/03\/Polsteradapter_Aluminium-1.jpg\"><img loading=\"lazy\" decoding=\"async\" class=\"wp-image-4112 alignnone\" src=\"https:\/\/arcora.de\/de\/wp-content\/uploads\/2017\/03\/Polsteradapter_Aluminium-1-300x255.jpg\" alt=\"\" width=\"128\" height=\"109\" srcset=\"https:\/\/arcora.de\/de\/wp-content\/uploads\/2017\/03\/Polsteradapter_Aluminium-1-300x255.jpg 300w, https:\/\/arcora.de\/de\/wp-content\/uploads\/2017\/03\/Polsteradapter_Aluminium-1-220x187.jpg 220w, https:\/\/arcora.de\/de\/wp-content\/uploads\/2017\/03\/Polsteradapter_Aluminium-1.jpg 342w\" sizes=\"auto, (max-width: 128px) 100vw, 128px\" \/><\/a><\/p>\n<p><strong>Polsteradapter aus Aluminium<\/strong><br \/>\n<strong>Art.Nr.:<\/strong> 01252<\/p>\n","protected":false},"excerpt":{"rendered":"<p><strong>SPR\u00dcHEXTRAKTIONSMASCHINE<\/strong><\/p>\n<p>Spr\u00fchextraktionsmaschine f\u00fcr die professionelle Reinigung von kleinen Teppich- und Hartbodenoberfl\u00e4chen. Geeignet f\u00fcr den Einsatz in Reinigungsbetrieben, Hotels, Restaurants, B\u00fcros, Z\u00fcgen, Kinos, Flugzeugen, Krankenh\u00e4user sowie in \u00f6ffentlichen Einrichtungen u.v.m.<\/p>\n<p><a href=\"https:\/\/arcora.de\/de\/wp-content\/uploads\/2025\/07\/ARCORA_ANIKO-30-SPRUeHEXTRAKTIONSMASCHINE.pdf\" target=\"_blank\" rel=\"noopener noreferrer\"><img loading=\"lazy\" decoding=\"async\" class=\"alignnone wp-image-6442\" src=\"https:\/\/arcora.de\/de\/wp-content\/uploads\/2019\/03\/Produkt.png\" alt=\"\" width=\"223\" height=\"38\" \/><\/a><br \/>\n<a href=\"https:\/\/arcora.de\/de\/wp-content\/uploads\/2019\/05\/Bedienungsanleitung_ANIKO-30_ANIKO-60_0602.pdf\" target=\"_blank\" rel=\"noopener noreferrer\"><img loading=\"lazy\" decoding=\"async\" class=\"alignnone wp-image-6442\" src=\"https:\/\/arcora.de\/de\/wp-content\/uploads\/2019\/03\/Bedienung.png\" alt=\"\" width=\"223\" height=\"38\" \/><\/a><\/p>\n","protected":false},"featured_media":15313,"template":"","meta":[],"product_brand":[],"product_cat":[69,109],"product_tag":[],"class_list":{"0":"post-4168","1":"product","2":"type-product","3":"status-publish","4":"has-post-thumbnail","6":"product_cat-reinigungsmaschinen-und-zubehuer","7":"product_cat-spruehextraktionsmaschinen","9":"first","10":"instock","11":"shipping-taxable","12":"product-type-simple","13":"prodpage-classic"},"_links":{"self":[{"href":"https:\/\/arcora.de\/de\/wp-json\/wp\/v2\/product\/4168","targetHints":{"allow":["GET"]}}],"collection":[{"href":"https:\/\/arcora.de\/de\/wp-json\/wp\/v2\/product"}],"about":[{"href":"https:\/\/arcora.de\/de\/wp-json\/wp\/v2\/types\/product"}],"wp:featuredmedia":[{"embeddable":true,"href":"https:\/\/arcora.de\/de\/wp-json\/wp\/v2\/media\/15313"}],"wp:attachment":[{"href":"https:\/\/arcora.de\/de\/wp-json\/wp\/v2\/media?parent=4168"}],"wp:term":[{"taxonomy":"product_brand","embeddable":true,"href":"https:\/\/arcora.de\/de\/wp-json\/wp\/v2\/product_brand?post=4168"},{"taxonomy":"product_cat","embeddable":true,"href":"https:\/\/arcora.de\/de\/wp-json\/wp\/v2\/product_cat?post=4168"},{"taxonomy":"product_tag","embeddable":true,"href":"https:\/\/arcora.de\/de\/wp-json\/wp\/v2\/product_tag?post=4168"}],"curies":[{"name":"wp","href":"https:\/\/api.w.org\/{rel}","templated":true}]}}