{"id":4171,"date":"2017-04-05T18:20:05","date_gmt":"2017-04-05T16:20:05","guid":{"rendered":"https:\/\/arcora.de\/de\/?product=aniko60"},"modified":"2025-07-30T14:30:23","modified_gmt":"2025-07-30T12:30:23","slug":"aniko60","status":"publish","type":"product","link":"https:\/\/arcora.de\/de\/produkt\/aniko60\/","title":{"rendered":"ANIKO 60"},"content":{"rendered":"<p><strong>EIGENSCHAFTEN:<\/strong><br \/>\nTrotz ihrer kr\u00e4ftigen und kompakten Bauweise ist sie leicht zu tragen und eignet sich f\u00fcr den professionellen Einsatz in der Geb\u00e4udereinigung. Dank der hohen Saugleistung wird so viel Schmutz wie m\u00f6glich vom Boden abgesaugt und eine sehr schnelle Trocknung erm\u00f6glicht.<\/p>\n<ul>\n<li>Inkl. Sauglanze f\u00fcr Teppichb\u00f6den<\/li>\n<li>Robuste Bauweise<\/li>\n<li>Tank aus Poly\u00e4thylen mit hoher Dichtigkeit<\/li>\n<li>Einfache Handhabung<\/li>\n<li>Geringe Arbeitsbreite von 30 cm<\/li>\n<li>Ideal f\u00fcr professionelle Reinigungsarbeiten in der Geb\u00e4udereinigung<\/li>\n<li>Kupplung aus Messing<\/li>\n<li>Absaugmotor mit Thermoschutz gegen \u00dcberbelastung<\/li>\n<li>H\u00f6henverstellbarer Griff zur besseren Ergonomie<\/li>\n<li>Membranpumpe mit By-Pass<\/li>\n<\/ul>\n<p><strong>EINSATZBEREICHE:<\/strong><br \/>\nGeeignet f\u00fcr den Einsatz in Reinigungsbetrieben, Hotels, Restaurants, Lokalen, Bars, B\u00fcros, Banken, Teppichgesch\u00e4fte, Z\u00fcge, Busse, Flugzeuge, Kinos, Theater, Schiffe sowie in \u00f6ffentlichen Einrichtungen.<\/p>\n<p><strong>SONDERZUBEH\u00d6R<\/strong><\/p>\n<p><a href=\"https:\/\/arcora.de\/de\/wp-content\/uploads\/2017\/03\/Polsteradapter_Kunststoff.jpg\"><img loading=\"lazy\" decoding=\"async\" class=\"wp-image-4109 alignnone\" src=\"https:\/\/arcora.de\/de\/wp-content\/uploads\/2017\/03\/Polsteradapter_Kunststoff-300x279.jpg\" alt=\"\" width=\"117\" height=\"109\" srcset=\"https:\/\/arcora.de\/de\/wp-content\/uploads\/2017\/03\/Polsteradapter_Kunststoff-300x279.jpg 300w, https:\/\/arcora.de\/de\/wp-content\/uploads\/2017\/03\/Polsteradapter_Kunststoff-201x187.jpg 201w, https:\/\/arcora.de\/de\/wp-content\/uploads\/2017\/03\/Polsteradapter_Kunststoff.jpg 328w\" sizes=\"auto, (max-width: 117px) 100vw, 117px\" \/><\/a><\/p>\n<p><strong>Polsteradapter aus Kunststoff<\/strong><br \/>\n<strong>Art.Nr.:<\/strong>\u00a001253<\/p>\n<p><a href=\"https:\/\/arcora.de\/de\/wp-content\/uploads\/2017\/03\/Polsteradapter_Aluminium-1.jpg\"><img loading=\"lazy\" decoding=\"async\" class=\"wp-image-4112 alignnone\" src=\"https:\/\/arcora.de\/de\/wp-content\/uploads\/2017\/03\/Polsteradapter_Aluminium-1-300x255.jpg\" alt=\"\" width=\"128\" height=\"109\" srcset=\"https:\/\/arcora.de\/de\/wp-content\/uploads\/2017\/03\/Polsteradapter_Aluminium-1-300x255.jpg 300w, https:\/\/arcora.de\/de\/wp-content\/uploads\/2017\/03\/Polsteradapter_Aluminium-1-220x187.jpg 220w, https:\/\/arcora.de\/de\/wp-content\/uploads\/2017\/03\/Polsteradapter_Aluminium-1.jpg 342w\" sizes=\"auto, (max-width: 128px) 100vw, 128px\" \/><\/a><\/p>\n<p><strong>Polsteradapter aus Aluminium<\/strong><br \/>\n<strong>Art.Nr.:<\/strong> 01252<\/p>\n","protected":false},"excerpt":{"rendered":"<p><strong>SPR\u00dcHEXTRAKTIONSMASCHINE<\/strong><\/p>\n<p>Spr\u00fchextraktionsmaschine f\u00fcr die professionelle Reinigung von mittelgro\u00dfen Teppichoberfl\u00e4chen. Geeignet f\u00fcr den Einsatz in Z\u00fcgen, Reinigungsbetrieben, Hotels sowie in \u00f6ffentlichen Einrichtungen u.v.m.<\/p>\n<p><a href=\"https:\/\/arcora.de\/de\/wp-content\/uploads\/2025\/07\/ARCORA_ANIKO-60-SPRUeHEXTRAKTIONSMASCHINE.pdf\" target=\"_blank\" rel=\"noopener noreferrer\"><img loading=\"lazy\" decoding=\"async\" class=\"alignnone wp-image-6442\" src=\"https:\/\/arcora.de\/de\/wp-content\/uploads\/2019\/03\/Produkt.png\" alt=\"\" width=\"223\" height=\"38\" \/><\/a><br \/>\n<a href=\"https:\/\/arcora.de\/de\/wp-content\/uploads\/2019\/05\/Bedienungsanleitung_ANIKO-30_ANIKO-60_0602.pdf\" target=\"_blank\" rel=\"noopener noreferrer\"><img loading=\"lazy\" decoding=\"async\" class=\"alignnone wp-image-6442\" src=\"https:\/\/arcora.de\/de\/wp-content\/uploads\/2019\/03\/Bedienung.png\" alt=\"\" width=\"223\" height=\"38\" \/><\/a><\/p>\n","protected":false},"featured_media":15314,"template":"","meta":[],"product_brand":[],"product_cat":[109],"product_tag":[],"class_list":{"0":"post-4171","1":"product","2":"type-product","3":"status-publish","4":"has-post-thumbnail","6":"product_cat-spruehextraktionsmaschinen","8":"first","9":"instock","10":"shipping-taxable","11":"product-type-simple","12":"prodpage-classic"},"_links":{"self":[{"href":"https:\/\/arcora.de\/de\/wp-json\/wp\/v2\/product\/4171","targetHints":{"allow":["GET"]}}],"collection":[{"href":"https:\/\/arcora.de\/de\/wp-json\/wp\/v2\/product"}],"about":[{"href":"https:\/\/arcora.de\/de\/wp-json\/wp\/v2\/types\/product"}],"wp:featuredmedia":[{"embeddable":true,"href":"https:\/\/arcora.de\/de\/wp-json\/wp\/v2\/media\/15314"}],"wp:attachment":[{"href":"https:\/\/arcora.de\/de\/wp-json\/wp\/v2\/media?parent=4171"}],"wp:term":[{"taxonomy":"product_brand","embeddable":true,"href":"https:\/\/arcora.de\/de\/wp-json\/wp\/v2\/product_brand?post=4171"},{"taxonomy":"product_cat","embeddable":true,"href":"https:\/\/arcora.de\/de\/wp-json\/wp\/v2\/product_cat?post=4171"},{"taxonomy":"product_tag","embeddable":true,"href":"https:\/\/arcora.de\/de\/wp-json\/wp\/v2\/product_tag?post=4171"}],"curies":[{"name":"wp","href":"https:\/\/api.w.org\/{rel}","templated":true}]}}