{"id":4189,"date":"2017-04-06T13:26:31","date_gmt":"2017-04-06T11:26:31","guid":{"rendered":"https:\/\/arcora.de\/de\/?product=falthandtuchspender-gross-interfold-weiss"},"modified":"2024-09-05T13:41:43","modified_gmt":"2024-09-05T11:41:43","slug":"falthandtuchspender-gross-interfold-weiss","status":"publish","type":"product","link":"https:\/\/arcora.de\/de\/produkt\/falthandtuchspender-gross-interfold-weiss\/","title":{"rendered":"FALTHANDTUCHSPENDER GROSS INTERFOLD"},"content":{"rendered":"<p><strong>EIGENSCHAFTEN:<\/strong><\/p>\n<ul>\n<li>Hygienische Einzelblattentnahme<\/li>\n<li>Geringerer Papierverbrauch<\/li>\n<li>Geringes Spendergewicht<\/li>\n<li>Bruchstabilit\u00e4t und hohe Schlagfestigkeit<\/li>\n<li>Hohe Oberfl\u00e4chenh\u00e4rte und Kratzfestigkeit<\/li>\n<li>Resistent gegen w\u00e4ssrige Chemikalien<\/li>\n<\/ul>\n<p><strong>EINSATZBEREICHE:<\/strong><br \/>\nGeeignet f\u00fcr Bereiche mit einer mittleren bis hohen Nutzungsfrequenz, z.B. in \u00f6ffentlichen Einrichtungen, Gastronomie, K\u00fcchen, etc.<\/p>\n","protected":false},"excerpt":{"rendered":"<p>Der FALTHANDTUCHSPENDER eignet sich vor allem f\u00fcr Bereiche mit einer mittleren bis hohen Nutzungsfrequenz.<\/p>\n<p>&nbsp;<\/p>\n<p><a href=\"https:\/\/arcora.de\/de\/wp-content\/uploads\/2024\/09\/ARCORA_ARSAN-FALTHANDTUCHSPENDER-GROSS_FHS-CVZZ400G.pdf\" target=\"_blank\" rel=\"noopener noreferrer\"><img loading=\"lazy\" decoding=\"async\" class=\"alignnone wp-image-6442\" src=\"https:\/\/arcora.de\/de\/wp-content\/uploads\/2019\/03\/Produkt.png\" alt=\"\" width=\"223\" height=\"38\" \/><\/a><\/p>\n","protected":false},"featured_media":14799,"template":"","meta":[],"product_brand":[],"product_cat":[125,108],"product_tag":[],"class_list":{"0":"post-4189","1":"product","2":"type-product","3":"status-publish","4":"has-post-thumbnail","6":"product_cat-falthandtuchspender-interfold","7":"product_cat-sanitaer-hygiene-technik","9":"first","10":"instock","11":"shipping-taxable","12":"product-type-simple","13":"prodpage-classic"},"_links":{"self":[{"href":"https:\/\/arcora.de\/de\/wp-json\/wp\/v2\/product\/4189","targetHints":{"allow":["GET"]}}],"collection":[{"href":"https:\/\/arcora.de\/de\/wp-json\/wp\/v2\/product"}],"about":[{"href":"https:\/\/arcora.de\/de\/wp-json\/wp\/v2\/types\/product"}],"wp:featuredmedia":[{"embeddable":true,"href":"https:\/\/arcora.de\/de\/wp-json\/wp\/v2\/media\/14799"}],"wp:attachment":[{"href":"https:\/\/arcora.de\/de\/wp-json\/wp\/v2\/media?parent=4189"}],"wp:term":[{"taxonomy":"product_brand","embeddable":true,"href":"https:\/\/arcora.de\/de\/wp-json\/wp\/v2\/product_brand?post=4189"},{"taxonomy":"product_cat","embeddable":true,"href":"https:\/\/arcora.de\/de\/wp-json\/wp\/v2\/product_cat?post=4189"},{"taxonomy":"product_tag","embeddable":true,"href":"https:\/\/arcora.de\/de\/wp-json\/wp\/v2\/product_tag?post=4189"}],"curies":[{"name":"wp","href":"https:\/\/api.w.org\/{rel}","templated":true}]}}