{"id":4195,"date":"2017-04-06T13:44:24","date_gmt":"2017-04-06T11:44:24","guid":{"rendered":"https:\/\/arcora.de\/de\/?product=jumbo-spender-weiss"},"modified":"2024-09-05T13:23:51","modified_gmt":"2024-09-05T11:23:51","slug":"jumbo-spender-weiss","status":"publish","type":"product","link":"https:\/\/arcora.de\/de\/produkt\/jumbo-spender-weiss\/","title":{"rendered":"JUMBO TOILETTENPAPIERSPENDER"},"content":{"rendered":"<p><strong>EIGENSCHAFTEN:<\/strong><\/p>\n<ul>\n<li>Reduktion des Arbeitsaufwands<\/li>\n<li>Geringes Spendergewicht<\/li>\n<li>Bruchstabilit\u00e4t und hohe Schlagfestigkeit<\/li>\n<li>Hohe Oberfl\u00e4chenh\u00e4rte und Kratzfestigkeit<\/li>\n<li>Resistent gegen w\u00e4ssrige Chemikalien<\/li>\n<\/ul>\n<p><strong>EINSATZBEREICHE:<\/strong><br \/>\nOptimal geeignet f\u00fcr R\u00e4umlichkeiten mit einer hohen Nutzungsfrequenz, z.B. in der Lebensmittelverarbeitenden Industrie, in \u00f6ffentlichen Einrichtungen, etc.<\/p>\n","protected":false},"excerpt":{"rendered":"<p>Der Spender eignet sich optimal f\u00fcr R\u00e4umlichkeiten mit einer hohen Nutzungsfrequenz.<\/p>\n<p>&nbsp;<\/p>\n<p><a href=\"https:\/\/arcora.de\/de\/wp-content\/uploads\/2024\/09\/ARCORA_ARSAN-PROFI-JUMBO-SPENDER_TPJS310WE.pdf\" target=\"_blank\" rel=\"noopener noreferrer\"><img loading=\"lazy\" decoding=\"async\" class=\"alignnone wp-image-6442\" src=\"https:\/\/arcora.de\/de\/wp-content\/uploads\/2019\/03\/Produkt.png\" alt=\"\" width=\"223\" height=\"38\" \/><\/a><\/p>\n","protected":false},"featured_media":14850,"template":"","meta":[],"product_brand":[],"product_cat":[126,108],"product_tag":[],"class_list":{"0":"post-4195","1":"product","2":"type-product","3":"status-publish","4":"has-post-thumbnail","6":"product_cat-jumbo-toilettenpapierspender","7":"product_cat-sanitaer-hygiene-technik","9":"first","10":"instock","11":"shipping-taxable","12":"product-type-simple","13":"prodpage-classic"},"_links":{"self":[{"href":"https:\/\/arcora.de\/de\/wp-json\/wp\/v2\/product\/4195","targetHints":{"allow":["GET"]}}],"collection":[{"href":"https:\/\/arcora.de\/de\/wp-json\/wp\/v2\/product"}],"about":[{"href":"https:\/\/arcora.de\/de\/wp-json\/wp\/v2\/types\/product"}],"wp:featuredmedia":[{"embeddable":true,"href":"https:\/\/arcora.de\/de\/wp-json\/wp\/v2\/media\/14850"}],"wp:attachment":[{"href":"https:\/\/arcora.de\/de\/wp-json\/wp\/v2\/media?parent=4195"}],"wp:term":[{"taxonomy":"product_brand","embeddable":true,"href":"https:\/\/arcora.de\/de\/wp-json\/wp\/v2\/product_brand?post=4195"},{"taxonomy":"product_cat","embeddable":true,"href":"https:\/\/arcora.de\/de\/wp-json\/wp\/v2\/product_cat?post=4195"},{"taxonomy":"product_tag","embeddable":true,"href":"https:\/\/arcora.de\/de\/wp-json\/wp\/v2\/product_tag?post=4195"}],"curies":[{"name":"wp","href":"https:\/\/api.w.org\/{rel}","templated":true}]}}