{"id":4203,"date":"2017-04-06T14:28:01","date_gmt":"2017-04-06T12:28:01","guid":{"rendered":"https:\/\/arcora.de\/de\/?product=seifenspender-500-ml-weiss"},"modified":"2024-09-05T13:22:22","modified_gmt":"2024-09-05T11:22:22","slug":"seifenspender-500-ml-weiss","status":"publish","type":"product","link":"https:\/\/arcora.de\/de\/produkt\/seifenspender-500-ml-weiss\/","title":{"rendered":"SEIFENSPENDER 500 ml WEISS"},"content":{"rendered":"<p><strong>EIGENSCHAFTEN:<\/strong><\/p>\n<ul>\n<li>Minimiert das Gesundheitsrisiko bei regelm\u00e4\u00dfigem H\u00e4ndewaschen<\/li>\n<li>Seifenmenge individuell anpassbar<\/li>\n<li>Geringes Spendergewicht<\/li>\n<li>Bruchstabilit\u00e4t und hohe Schlagfestigkeit<\/li>\n<li>Hohe Oberfl\u00e4chenh\u00e4rte und Kratzfestigkeit<\/li>\n<li>Resistent gegen w\u00e4ssrige Chemikalien<\/li>\n<\/ul>\n<p><strong>EINSATZBEREICHE:<\/strong><br \/>\nK\u00fcchen, Restaurants, Schulen, Kinderg\u00e4rten, Fitnessstudios, etc.<\/p>\n","protected":false},"excerpt":{"rendered":"<p>Der Seifenspender eignet sich besonders zum Einsatz in K\u00fcchen, Restaurants, Schulen, Kinderg\u00e4rten, Fitnessstudios, etc.<\/p>\n<p>&nbsp;<\/p>\n<p><a href=\"https:\/\/arcora.de\/de\/wp-content\/uploads\/2024\/09\/ARCORA_ARSAN-PROFI-SEIFENSPENDER-500-ml_SS500WE.pdf\" target=\"_blank\" rel=\"noopener noreferrer\"><img loading=\"lazy\" decoding=\"async\" class=\"alignnone wp-image-6442\" src=\"https:\/\/arcora.de\/de\/wp-content\/uploads\/2019\/03\/Produkt.png\" alt=\"\" width=\"223\" height=\"38\" \/><\/a><\/p>\n","protected":false},"featured_media":14852,"template":"","meta":[],"product_brand":[],"product_cat":[108,128],"product_tag":[],"class_list":{"0":"post-4203","1":"product","2":"type-product","3":"status-publish","4":"has-post-thumbnail","6":"product_cat-sanitaer-hygiene-technik","7":"product_cat-seifenspender","9":"first","10":"instock","11":"shipping-taxable","12":"product-type-simple","13":"prodpage-classic"},"_links":{"self":[{"href":"https:\/\/arcora.de\/de\/wp-json\/wp\/v2\/product\/4203","targetHints":{"allow":["GET"]}}],"collection":[{"href":"https:\/\/arcora.de\/de\/wp-json\/wp\/v2\/product"}],"about":[{"href":"https:\/\/arcora.de\/de\/wp-json\/wp\/v2\/types\/product"}],"wp:featuredmedia":[{"embeddable":true,"href":"https:\/\/arcora.de\/de\/wp-json\/wp\/v2\/media\/14852"}],"wp:attachment":[{"href":"https:\/\/arcora.de\/de\/wp-json\/wp\/v2\/media?parent=4203"}],"wp:term":[{"taxonomy":"product_brand","embeddable":true,"href":"https:\/\/arcora.de\/de\/wp-json\/wp\/v2\/product_brand?post=4203"},{"taxonomy":"product_cat","embeddable":true,"href":"https:\/\/arcora.de\/de\/wp-json\/wp\/v2\/product_cat?post=4203"},{"taxonomy":"product_tag","embeddable":true,"href":"https:\/\/arcora.de\/de\/wp-json\/wp\/v2\/product_tag?post=4203"}],"curies":[{"name":"wp","href":"https:\/\/api.w.org\/{rel}","templated":true}]}}