{"id":4750,"date":"2017-10-19T15:22:30","date_gmt":"2017-10-19T13:22:30","guid":{"rendered":"https:\/\/arcora.de\/de\/?post_type=product&#038;p=4750"},"modified":"2023-01-25T15:09:42","modified_gmt":"2023-01-25T14:09:42","slug":"aniko-350-duo-brush","status":"publish","type":"product","link":"https:\/\/arcora.de\/de\/produkt\/aniko-350-duo-brush\/","title":{"rendered":"ANIKO 350 DUO BRUSH"},"content":{"rendered":"<p><strong>EIGENSCHAFTEN:<\/strong><\/p>\n<ul>\n<li>Geringe Arbeitsbreite von 35,5 cm erm\u00f6glich die Verwendung in engen R\u00e4umen<\/li>\n<li>Entfernung von Grobschmutz<\/li>\n<li>Zur Teppich- und Hartbodenreinigung<\/li>\n<li>Kontra-rotierendes B\u00fcrstsystem<\/li>\n<li>Trocken- und Feuchtreinigung m\u00f6glich<\/li>\n<li>Durch Trockenreinigungssystem sind Trocknungszeiten sehr kurz, es gibt keine R\u00fcckst\u00e4nde und der Boden ist sofort begehbar<\/li>\n<li>Flor Aufb\u00fcrstung<\/li>\n<\/ul>\n<p><strong>EINSATZBEREICHE:<\/strong><br \/>\nGeeignet f\u00fcr den Einsatz in Reinigungsbetrieben, Hotels, Restaurants, Lokalen, Bars, B\u00fcros, Banken, Teppichgesch\u00e4ften, Z\u00fcgen, Bussen, Flugzeugen, Kinos, Theater, Schiffe, Krankenh\u00e4user, Heilanstalten sowie in \u00f6ffentlichen Einrichtungen wie Sporthallen, Schulen, Universit\u00e4ten, Bibliotheken usw.<\/p>\n<p><strong>IM SET INKLUSIVE:<\/strong><\/p>\n<p><a href=\"https:\/\/arcora.de\/de\/wp-content\/uploads\/2017\/10\/a1-2.jpg\"><img loading=\"lazy\" decoding=\"async\" class=\"alignnone wp-image-4759\" src=\"https:\/\/arcora.de\/de\/wp-content\/uploads\/2017\/10\/a1-2-150x150.jpg\" alt=\"\" width=\"110\" height=\"110\" srcset=\"https:\/\/arcora.de\/de\/wp-content\/uploads\/2017\/10\/a1-2-150x150.jpg 150w, https:\/\/arcora.de\/de\/wp-content\/uploads\/2017\/10\/a1-2-300x300.jpg 300w, https:\/\/arcora.de\/de\/wp-content\/uploads\/2017\/10\/a1-2-100x100.jpg 100w, https:\/\/arcora.de\/de\/wp-content\/uploads\/2017\/10\/a1-2-50x50.jpg 50w, https:\/\/arcora.de\/de\/wp-content\/uploads\/2017\/10\/a1-2-187x187.jpg 187w, https:\/\/arcora.de\/de\/wp-content\/uploads\/2017\/10\/a1-2.jpg 332w\" sizes=\"auto, (max-width: 110px) 100vw, 110px\" \/><\/a>\u00a0\u00a0<a href=\"https:\/\/arcora.de\/de\/wp-content\/uploads\/2017\/10\/a2-1.jpg\">\u00a0<\/a><a href=\"https:\/\/arcora.de\/de\/wp-content\/uploads\/2017\/10\/a2-1.jpg\"><img loading=\"lazy\" decoding=\"async\" class=\"alignnone wp-image-4761\" src=\"https:\/\/arcora.de\/de\/wp-content\/uploads\/2017\/10\/a2-1-150x150.jpg\" alt=\"\" width=\"110\" height=\"110\" srcset=\"https:\/\/arcora.de\/de\/wp-content\/uploads\/2017\/10\/a2-1-150x150.jpg 150w, https:\/\/arcora.de\/de\/wp-content\/uploads\/2017\/10\/a2-1-300x300.jpg 300w, https:\/\/arcora.de\/de\/wp-content\/uploads\/2017\/10\/a2-1-100x100.jpg 100w, https:\/\/arcora.de\/de\/wp-content\/uploads\/2017\/10\/a2-1-50x50.jpg 50w, https:\/\/arcora.de\/de\/wp-content\/uploads\/2017\/10\/a2-1-187x187.jpg 187w, https:\/\/arcora.de\/de\/wp-content\/uploads\/2017\/10\/a2-1.jpg 332w\" sizes=\"auto, (max-width: 110px) 100vw, 110px\" \/><\/a>\u00a0 \u00a0<a href=\"https:\/\/arcora.de\/de\/wp-content\/uploads\/2017\/10\/a3.jpg\"><img loading=\"lazy\" decoding=\"async\" class=\"alignnone wp-image-4762\" src=\"https:\/\/arcora.de\/de\/wp-content\/uploads\/2017\/10\/a3-150x150.jpg\" alt=\"\" width=\"110\" height=\"110\" srcset=\"https:\/\/arcora.de\/de\/wp-content\/uploads\/2017\/10\/a3-150x150.jpg 150w, https:\/\/arcora.de\/de\/wp-content\/uploads\/2017\/10\/a3-300x300.jpg 300w, https:\/\/arcora.de\/de\/wp-content\/uploads\/2017\/10\/a3-100x100.jpg 100w, https:\/\/arcora.de\/de\/wp-content\/uploads\/2017\/10\/a3-50x50.jpg 50w, https:\/\/arcora.de\/de\/wp-content\/uploads\/2017\/10\/a3-187x187.jpg 187w, https:\/\/arcora.de\/de\/wp-content\/uploads\/2017\/10\/a3.jpg 332w\" sizes=\"auto, (max-width: 110px) 100vw, 110px\" \/>\u00a0\u00a0<\/a><a href=\"https:\/\/arcora.de\/de\/wp-content\/uploads\/2017\/10\/a4.jpg\"><img loading=\"lazy\" decoding=\"async\" class=\"alignnone wp-image-4763 \" src=\"https:\/\/arcora.de\/de\/wp-content\/uploads\/2017\/10\/a4-150x150.jpg\" alt=\"\" width=\"110\" height=\"110\" srcset=\"https:\/\/arcora.de\/de\/wp-content\/uploads\/2017\/10\/a4-150x150.jpg 150w, https:\/\/arcora.de\/de\/wp-content\/uploads\/2017\/10\/a4-300x300.jpg 300w, https:\/\/arcora.de\/de\/wp-content\/uploads\/2017\/10\/a4-100x100.jpg 100w, https:\/\/arcora.de\/de\/wp-content\/uploads\/2017\/10\/a4-50x50.jpg 50w, https:\/\/arcora.de\/de\/wp-content\/uploads\/2017\/10\/a4-187x187.jpg 187w, https:\/\/arcora.de\/de\/wp-content\/uploads\/2017\/10\/a4.jpg 332w\" sizes=\"auto, (max-width: 110px) 100vw, 110px\" \/><\/a><\/p>\n<ol>\n<li>Standardb\u00fcrsten in Blau 2 St\u00fcck<\/li>\n<li>Renovatoren zur einfachen Nass- und\u00a0 Trockenschmutzaufnahme<\/li>\n<li>Staubschutz zur Verwendung bei der Einarbeitung des Granulates<\/li>\n<li>Transportasse zum sicheren Transport der B\u00fcrstmaschine an den Einsatzort<\/li>\n<\/ol>\n","protected":false},"excerpt":{"rendered":"<p><strong>MASCHINE MIT ROTIERENDEM B\u00dcRSTSYSTEM<\/strong><\/p>\n<p>Reinigung von Teppichb\u00f6den als auch Hartbodenbel\u00e4gen m\u00f6glich. Von der Einarbeitung der Reinigungsmittel bis hin zur Schmutzaufnahme ist die Maschine mit Ihrem kontra-rotierenden B\u00fcrstsystem f\u00fcr den t\u00e4glichen Einsatz bestens geeignet.<\/p>\n<p><a href=\"https:\/\/arcora.de\/de\/wp-content\/uploads\/2022\/12\/PDB_ANIKO350_Duo_Brush.pdf\" target=\"_blank\" rel=\"noopener noreferrer\"><img loading=\"lazy\" decoding=\"async\" class=\"alignnone wp-image-6442\" src=\"https:\/\/arcora.de\/de\/wp-content\/uploads\/2019\/03\/Produkt.png\" alt=\"\" width=\"223\" height=\"38\" \/><\/a><br \/>\n<a href=\"https:\/\/arcora.de\/de\/wp-content\/uploads\/2019\/05\/BEDIENUNGSANLEITUNG-ANIKO350DUOBRUSH-ARCORA-small-002.pdf\" target=\"_blank\" rel=\"noopener noreferrer\"><img loading=\"lazy\" decoding=\"async\" class=\"alignnone wp-image-6442\" src=\"https:\/\/arcora.de\/de\/wp-content\/uploads\/2019\/03\/Bedienung.png\" alt=\"\" width=\"223\" height=\"38\" \/><\/a><\/p>\n","protected":false},"featured_media":4754,"template":"","meta":[],"product_brand":[],"product_cat":[69,184],"product_tag":[],"class_list":{"0":"post-4750","1":"product","2":"type-product","3":"status-publish","4":"has-post-thumbnail","6":"product_cat-reinigungsmaschinen-und-zubehuer","7":"product_cat-walzenbuerstmaschine","9":"first","10":"instock","11":"shipping-taxable","12":"product-type-simple","13":"prodpage-classic"},"_links":{"self":[{"href":"https:\/\/arcora.de\/de\/wp-json\/wp\/v2\/product\/4750","targetHints":{"allow":["GET"]}}],"collection":[{"href":"https:\/\/arcora.de\/de\/wp-json\/wp\/v2\/product"}],"about":[{"href":"https:\/\/arcora.de\/de\/wp-json\/wp\/v2\/types\/product"}],"wp:featuredmedia":[{"embeddable":true,"href":"https:\/\/arcora.de\/de\/wp-json\/wp\/v2\/media\/4754"}],"wp:attachment":[{"href":"https:\/\/arcora.de\/de\/wp-json\/wp\/v2\/media?parent=4750"}],"wp:term":[{"taxonomy":"product_brand","embeddable":true,"href":"https:\/\/arcora.de\/de\/wp-json\/wp\/v2\/product_brand?post=4750"},{"taxonomy":"product_cat","embeddable":true,"href":"https:\/\/arcora.de\/de\/wp-json\/wp\/v2\/product_cat?post=4750"},{"taxonomy":"product_tag","embeddable":true,"href":"https:\/\/arcora.de\/de\/wp-json\/wp\/v2\/product_tag?post=4750"}],"curies":[{"name":"wp","href":"https:\/\/api.w.org\/{rel}","templated":true}]}}