{"id":5104,"date":"2018-02-22T14:25:19","date_gmt":"2018-02-22T13:25:19","guid":{"rendered":"https:\/\/arcora.de\/de\/?post_type=product&#038;p=5104"},"modified":"2024-10-18T11:56:24","modified_gmt":"2024-10-18T09:56:24","slug":"pu-pad","status":"publish","type":"product","link":"https:\/\/arcora.de\/de\/produkt\/pu-pad\/","title":{"rendered":"PU-PAD"},"content":{"rendered":"<p><strong>EIGENSCHAFTEN<\/strong><br \/>\nDas neue ARCORA Pad ist die innovative Weiterentwicklung des herk\u00f6mmlichen Reinigungspads. Die Zusammensetzung des Materials aus Polyether und Polyester macht dieses Pad so besonders robust und bruchsicher. Aufgrund seiner hohen Dichte pro m\u00b3 ist es bis zu <strong>10 Mal l\u00e4nger<\/strong> haltbar und somit deutlich effizienter als ein herk\u00f6mmliches Melamin Pad. Mit dem ARCORA PU-Pad k\u00f6nnen sehr hohe Fl\u00e4chenleistungen von bis zu <strong>50.000 m<\/strong>\u00b2 erreicht werden. Der Einsatzbereich ist sehr vielf\u00e4ltig, da es auf allen Hartb\u00f6den verwendet werden kann.<\/p>\n<p>Das PU-Pad Orbital wird mit einem speziellen Pad R\u00fccken entwickelt, um den Belastungen der orbitalen und rotierenden Bewegungen standzuhalten.<\/p>\n<p><strong>Weitere Eigenschaften:<\/strong><\/p>\n<ul>\n<li>Deutlich h\u00f6here Wasseraufnahme<\/li>\n<li>Universell einsetzbar auf allen wasserbest\u00e4ndigen Hartbodenbel\u00e4gen<\/li>\n<li>Geeignet f\u00fcr alle Reinigungsmaschinen bis zu 400 U\/min<\/li>\n<li>Beidseitige Anwendung m\u00f6glich (Padseite und Padr\u00fccken (gr\u00fcn))<\/li>\n<li>In allen Formen und Gr\u00f6\u00dfen lieferbar<\/li>\n<li>Sondergr\u00f6\u00dfen auf Anfrage erh\u00e4ltlich<\/li>\n<li>100% umweltfreundlich durch die ausschlie\u00dfliche Verwendung von Recyclingprodukten<\/li>\n<li>Ausgezeichnetes Preis-Leistungsverh\u00e4ltnis<\/li>\n<li style=\"list-style-type: none;\"><\/li>\n<\/ul>\n<p><strong>ANWENDUNGSBEREICH<\/strong><br \/>\nZur Grundreinigung und Unterhaltsreinigung von jeglichen Hartbodenoberfl\u00e4chen von Fliesen, Steinb\u00f6den, Feinsteinzeug, Betonb\u00f6den bis hin zu Vinylb\u00f6den, PVC, Linoleum. Besonders geeignet f\u00fcr den Einsatz in \u00f6ffentlichen Einrichtungen, Flugh\u00e4fen, Einkaufszentren, Hotels, Restaurants, Gastst\u00e4tten, B\u00fcrogeb\u00e4uden.<\/p>\n","protected":false},"excerpt":{"rendered":"<p><strong>ARCORA PU-PAD &#8211; das Pad der neuen Generation f\u00fcr die Unterhaltsreinigung.<\/strong><\/p>\n<p>Zur Unterhaltsreinigung von jeglichen Hartbodenbel\u00e4gen und elastischen B\u00f6den in \u00f6ffentlichen Einrichtungen, Flugh\u00e4fen, Einkaufszentren, Hotels, Restaurants und B\u00fcrogeb\u00e4uden.<br \/>\nBei hartn\u00e4ckigen Verschmutzungen kann der Padr\u00fccken (Gr\u00fcn) verwendet werden.<\/p>\n<p>&nbsp;<\/p>\n<p><a href=\"https:\/\/arcora.de\/de\/wp-content\/uploads\/2024\/10\/PU-PAD-FLYER_DE.pdf\" target=\"_blank\" rel=\"noopener noreferrer\"><img loading=\"lazy\" decoding=\"async\" class=\"alignnone wp-image-6442\" src=\"https:\/\/arcora.de\/de\/wp-content\/uploads\/2019\/03\/Produkt.png\" alt=\"\" width=\"223\" height=\"38\" \/><\/a><\/p>\n","protected":false},"featured_media":5105,"template":"","meta":[],"product_brand":[],"product_cat":[136,72],"product_tag":[],"class_list":{"0":"post-5104","1":"product","2":"type-product","3":"status-publish","4":"has-post-thumbnail","6":"product_cat-pu-pad-systeme","7":"product_cat-reinigungsundpolierpads","9":"first","10":"instock","11":"shipping-taxable","12":"product-type-simple","13":"prodpage-classic"},"_links":{"self":[{"href":"https:\/\/arcora.de\/de\/wp-json\/wp\/v2\/product\/5104","targetHints":{"allow":["GET"]}}],"collection":[{"href":"https:\/\/arcora.de\/de\/wp-json\/wp\/v2\/product"}],"about":[{"href":"https:\/\/arcora.de\/de\/wp-json\/wp\/v2\/types\/product"}],"wp:featuredmedia":[{"embeddable":true,"href":"https:\/\/arcora.de\/de\/wp-json\/wp\/v2\/media\/5105"}],"wp:attachment":[{"href":"https:\/\/arcora.de\/de\/wp-json\/wp\/v2\/media?parent=5104"}],"wp:term":[{"taxonomy":"product_brand","embeddable":true,"href":"https:\/\/arcora.de\/de\/wp-json\/wp\/v2\/product_brand?post=5104"},{"taxonomy":"product_cat","embeddable":true,"href":"https:\/\/arcora.de\/de\/wp-json\/wp\/v2\/product_cat?post=5104"},{"taxonomy":"product_tag","embeddable":true,"href":"https:\/\/arcora.de\/de\/wp-json\/wp\/v2\/product_tag?post=5104"}],"curies":[{"name":"wp","href":"https:\/\/api.w.org\/{rel}","templated":true}]}}