{"id":5115,"date":"2018-02-23T20:00:48","date_gmt":"2018-02-23T19:00:48","guid":{"rendered":"https:\/\/arcora.de\/de\/?post_type=product&#038;p=5115"},"modified":"2023-04-04T16:34:57","modified_gmt":"2023-04-04T14:34:57","slug":"pu-handpad","status":"publish","type":"product","link":"https:\/\/arcora.de\/de\/produkt\/pu-handpad\/","title":{"rendered":"PU-HANDPAD"},"content":{"rendered":"<p><strong>Eigenschaften:<\/strong><br \/>\nARCORA PU-HANDPAD &#8211; das Pad der neuen Generation f\u00fcr die Unterhaltsreinigung.<br \/>\nDas neue ARCORA Pad ist die innovative Weiterentwicklung des herk\u00f6mmlichen Reinigungspads. Die Zusammensetzung des Materials aus Polyether und Polyester macht dieses Pad so besonders robust und bruchsicher. Aufgrund seiner hohen Dichte pro m\u00b3 ist es bis zu <strong>10 Mal l\u00e4nger<\/strong> haltbar und somit deutlich effizienter als ein herk\u00f6mmliches Melamin Pad.<\/p>\n<p><strong>Anwendungsbereiche:<\/strong><br \/>\nIdeal zur Reinigung von Ecken und kleineren Fl\u00e4chen geeignet.<\/p>\n","protected":false},"excerpt":{"rendered":"<p><strong>ARCORA PU-PAD &#8211; das Pad der neuen Generation f\u00fcr die Unterhaltsreinigung.<\/strong><\/p>\n<ul>\n<li>Deutlich h\u00f6here Wasseraufnahme<\/li>\n<li>Beidseitige Anwendung m\u00f6glich (Padseite und Padr\u00fccken (gr\u00fcn))<\/li>\n<li>100 % umweltfreundlich durch die ausschlie\u00dfliche Verwendung von Recyclingprodukten<\/li>\n<li>Ausgezeichnetes Preis-Leistungsverh\u00e4ltnis<\/li>\n<\/ul>\n<p>&nbsp;<\/p>\n<p><a href=\"https:\/\/arcora.de\/de\/wp-content\/uploads\/2020\/02\/PU-PAD.pdf\" target=\"_blank\" rel=\"noopener noreferrer\"><img loading=\"lazy\" decoding=\"async\" class=\"alignnone wp-image-6442\" src=\"https:\/\/arcora.de\/de\/wp-content\/uploads\/2019\/03\/Produkt.png\" alt=\"\" width=\"223\" height=\"38\" \/><\/a><\/p>\n","protected":false},"featured_media":5116,"template":"","meta":[],"product_brand":[],"product_cat":[136,72],"product_tag":[],"class_list":{"0":"post-5115","1":"product","2":"type-product","3":"status-publish","4":"has-post-thumbnail","6":"product_cat-pu-pad-systeme","7":"product_cat-reinigungsundpolierpads","9":"first","10":"instock","11":"shipping-taxable","12":"product-type-simple","13":"prodpage-classic"},"_links":{"self":[{"href":"https:\/\/arcora.de\/de\/wp-json\/wp\/v2\/product\/5115","targetHints":{"allow":["GET"]}}],"collection":[{"href":"https:\/\/arcora.de\/de\/wp-json\/wp\/v2\/product"}],"about":[{"href":"https:\/\/arcora.de\/de\/wp-json\/wp\/v2\/types\/product"}],"wp:featuredmedia":[{"embeddable":true,"href":"https:\/\/arcora.de\/de\/wp-json\/wp\/v2\/media\/5116"}],"wp:attachment":[{"href":"https:\/\/arcora.de\/de\/wp-json\/wp\/v2\/media?parent=5115"}],"wp:term":[{"taxonomy":"product_brand","embeddable":true,"href":"https:\/\/arcora.de\/de\/wp-json\/wp\/v2\/product_brand?post=5115"},{"taxonomy":"product_cat","embeddable":true,"href":"https:\/\/arcora.de\/de\/wp-json\/wp\/v2\/product_cat?post=5115"},{"taxonomy":"product_tag","embeddable":true,"href":"https:\/\/arcora.de\/de\/wp-json\/wp\/v2\/product_tag?post=5115"}],"curies":[{"name":"wp","href":"https:\/\/api.w.org\/{rel}","templated":true}]}}