{"id":5477,"date":"2019-01-17T15:31:28","date_gmt":"2019-01-17T14:31:28","guid":{"rendered":"https:\/\/arcora.de\/de\/?post_type=product&#038;p=5477"},"modified":"2023-07-17T08:34:51","modified_gmt":"2023-07-17T06:34:51","slug":"palace-liq","status":"publish","type":"product","link":"https:\/\/arcora.de\/de\/produkt\/palace-liq\/","title":{"rendered":"PALACE LIQ"},"content":{"rendered":"<p><strong>Eigenschaften<\/strong><\/p>\n<ul>\n<li>Hochaktive Reinigungswirkstoffe, die schnell und gr\u00fcndlich reinigen und pflegen<\/li>\n<li>Nat\u00fcrliche Pflegekomponente optimieren die Farbe und Struktur der Oberfl\u00e4che<\/li>\n<li>Bei regelm\u00e4\u00dfiger Anwendung wird der Stein unempfindlicher gegen Flecken und pflegeleichter<\/li>\n<li>Speziell f\u00fcr Natur- und Kunststein<\/li>\n<\/ul>\n<p><strong>Anwendungsbereiche:<\/strong><br \/>\nSpezialreiniger f\u00fcr alle Boden-, Treppen- und Wandbel\u00e4ge aus Natur- und Kunststein, wie z.B. Marmor, Kalkstein, Gneis, Migmatit, Terrazzo, Betonwerkstein, Agglo-Marmor, Kompositmaterialien, Cotto, Ziegel-, Ton- und Klinkerbel\u00e4ge, unglasierte Fliesen u.\u00e4.<br \/>\nEbenso gut f\u00fcr lackierte Fl\u00e4chen und Kunststoffe in der K\u00fcche geeignet.<\/p>\n","protected":false},"excerpt":{"rendered":"<p><strong>SPEZIALREINIGER F\u00dcR NATUR- UND KUNSTSTEIN<\/strong><br \/>\nSpezialreiniger mit hochaktiven Reinigungswirkstoffen, die schnell und gr\u00fcndlich reinigen und pflegen.<\/p>\n<ul>\n<li>Kann manuell und auch maschinell angewendet werden<\/li>\n<li>Selbstgl\u00e4nzend und baut keine Schichten auf<\/li>\n<\/ul>\n<p>&nbsp;<\/p>\n<p><a href=\"https:\/\/arcora.de\/de\/wp-content\/uploads\/2020\/07\/PDB_Palace_Liq.pdf\" target=\"_blank\" rel=\"noopener noreferrer\"><img loading=\"lazy\" decoding=\"async\" class=\"alignnone wp-image-6442\" src=\"https:\/\/arcora.de\/de\/wp-content\/uploads\/2019\/03\/Produkt.png\" alt=\"\" width=\"223\" height=\"38\" \/><\/a><br \/>\n<a href=\"https:\/\/arcora.de\/de\/wp-content\/uploads\/2023\/07\/SDB_PALACE-LIQ.pdf\" target=\"_blank\" rel=\"noopener noreferrer\"><img loading=\"lazy\" decoding=\"async\" class=\"alignnone wp-image-6442\" src=\"https:\/\/arcora.de\/de\/wp-content\/uploads\/2019\/03\/Sicherheit.png\" alt=\"\" width=\"223\" height=\"38\" \/><\/a><\/p>\n","protected":false},"featured_media":5480,"template":"","meta":[],"product_brand":[],"product_cat":[50,54],"product_tag":[],"class_list":{"0":"post-5477","1":"product","2":"type-product","3":"status-publish","4":"has-post-thumbnail","6":"product_cat-reinigungsundpflegemittel","7":"product_cat-wischpflege","9":"first","10":"instock","11":"shipping-taxable","12":"product-type-simple","13":"prodpage-classic"},"_links":{"self":[{"href":"https:\/\/arcora.de\/de\/wp-json\/wp\/v2\/product\/5477","targetHints":{"allow":["GET"]}}],"collection":[{"href":"https:\/\/arcora.de\/de\/wp-json\/wp\/v2\/product"}],"about":[{"href":"https:\/\/arcora.de\/de\/wp-json\/wp\/v2\/types\/product"}],"wp:featuredmedia":[{"embeddable":true,"href":"https:\/\/arcora.de\/de\/wp-json\/wp\/v2\/media\/5480"}],"wp:attachment":[{"href":"https:\/\/arcora.de\/de\/wp-json\/wp\/v2\/media?parent=5477"}],"wp:term":[{"taxonomy":"product_brand","embeddable":true,"href":"https:\/\/arcora.de\/de\/wp-json\/wp\/v2\/product_brand?post=5477"},{"taxonomy":"product_cat","embeddable":true,"href":"https:\/\/arcora.de\/de\/wp-json\/wp\/v2\/product_cat?post=5477"},{"taxonomy":"product_tag","embeddable":true,"href":"https:\/\/arcora.de\/de\/wp-json\/wp\/v2\/product_tag?post=5477"}],"curies":[{"name":"wp","href":"https:\/\/api.w.org\/{rel}","templated":true}]}}