{"id":5490,"date":"2019-01-22T14:44:04","date_gmt":"2019-01-22T13:44:04","guid":{"rendered":"https:\/\/arcora.de\/de\/?post_type=product&#038;p=5490"},"modified":"2023-07-17T08:31:06","modified_gmt":"2023-07-17T06:31:06","slug":"tenas-granulat","status":"publish","type":"product","link":"https:\/\/arcora.de\/de\/produkt\/tenas-granulat\/","title":{"rendered":"TENAS GRANULAT"},"content":{"rendered":"<p><strong>Eigenschaften:<\/strong><br \/>\nDas Granulat ist sehr hautfreundlich aufgrund seinem neutralen pH-Wert. Stra\u00dfenschmutz, Speise- und Getr\u00e4nkeflecken auch von Kaffee oder Rotwein sowie \u00d6l, Fett, Schuhcreme, usw. werden komplett entfernt.<\/p>\n<ul>\n<li>Aus nat\u00fcrlichen Pflanzenstoffen<\/li>\n<li>Biologisch abbaubar<\/li>\n<li>Hinterl\u00e4sst keine R\u00fcckst\u00e4nde oder Wasserr\u00e4nder<\/li>\n<\/ul>\n<p><strong>Anwendungsbereiche:<\/strong><br \/>\nZur fasertiefen Reinigung hartn\u00e4ckiger Verschmutzungen auf allen textilen Bel\u00e4gen und Teppichen. Ideal geeignet f\u00fcr Hotels, Gastronomie, B\u00fcrogeb\u00e4ude und \u00f6ffentliche Einrichtungen wie Schulen und Verwaltungsgeb\u00e4ude.<\/p>\n","protected":false},"excerpt":{"rendered":"<p><strong>TEPPICHREINIGUNGSGRANULAT MIT POLYMER \/ SURFACTANT SYSTEM<\/strong><\/p>\n<p>Entfernung von tiefliegenden Schmutz aus Teppichb\u00f6den. Es ist umweltfreundlich, schont den Teppich bei der Anwendung und hinterl\u00e4sst keinerlei R\u00fcckst\u00e4nde.<\/p>\n<ul>\n<li>Trockenes Granulat l\u00e4sst die Trocknungszeiten entfallen<\/li>\n<li>Teppichboden ist sofort begehbar<\/li>\n<\/ul>\n<p>&nbsp;<\/p>\n<p><a href=\"https:\/\/arcora.de\/de\/wp-content\/uploads\/2021\/09\/PDB_TENAS-GRANULAT-NEU.pdf\" target=\"_blank\" rel=\"noopener noreferrer\"><img loading=\"lazy\" decoding=\"async\" class=\"alignnone wp-image-6442\" src=\"https:\/\/arcora.de\/de\/wp-content\/uploads\/2019\/03\/Produkt.png\" alt=\"\" width=\"223\" height=\"38\" \/><\/a><br \/>\n<a href=\"https:\/\/arcora.de\/de\/wp-content\/uploads\/2023\/07\/SDB_TENAS-Granulat.pdf\" target=\"_blank\" rel=\"noopener noreferrer\"><img loading=\"lazy\" decoding=\"async\" class=\"alignnone wp-image-6442\" src=\"https:\/\/arcora.de\/de\/wp-content\/uploads\/2019\/03\/Sicherheit.png\" alt=\"\" width=\"223\" height=\"38\" \/><\/a><\/p>\n","protected":false},"featured_media":5491,"template":"","meta":[],"product_brand":[],"product_cat":[50,56],"product_tag":[],"class_list":{"0":"post-5490","1":"product","2":"type-product","3":"status-publish","4":"has-post-thumbnail","6":"product_cat-reinigungsundpflegemittel","7":"product_cat-teppichreinigungsprodukte","9":"first","10":"instock","11":"shipping-taxable","12":"product-type-simple","13":"prodpage-classic"},"_links":{"self":[{"href":"https:\/\/arcora.de\/de\/wp-json\/wp\/v2\/product\/5490","targetHints":{"allow":["GET"]}}],"collection":[{"href":"https:\/\/arcora.de\/de\/wp-json\/wp\/v2\/product"}],"about":[{"href":"https:\/\/arcora.de\/de\/wp-json\/wp\/v2\/types\/product"}],"wp:featuredmedia":[{"embeddable":true,"href":"https:\/\/arcora.de\/de\/wp-json\/wp\/v2\/media\/5491"}],"wp:attachment":[{"href":"https:\/\/arcora.de\/de\/wp-json\/wp\/v2\/media?parent=5490"}],"wp:term":[{"taxonomy":"product_brand","embeddable":true,"href":"https:\/\/arcora.de\/de\/wp-json\/wp\/v2\/product_brand?post=5490"},{"taxonomy":"product_cat","embeddable":true,"href":"https:\/\/arcora.de\/de\/wp-json\/wp\/v2\/product_cat?post=5490"},{"taxonomy":"product_tag","embeddable":true,"href":"https:\/\/arcora.de\/de\/wp-json\/wp\/v2\/product_tag?post=5490"}],"curies":[{"name":"wp","href":"https:\/\/api.w.org\/{rel}","templated":true}]}}