{"id":5493,"date":"2019-01-22T16:27:45","date_gmt":"2019-01-22T15:27:45","guid":{"rendered":"https:\/\/arcora.de\/de\/?post_type=product&#038;p=5493"},"modified":"2023-10-16T09:43:04","modified_gmt":"2023-10-16T07:43:04","slug":"universal-bw-moppbezug-blau","status":"publish","type":"product","link":"https:\/\/arcora.de\/de\/produkt\/universal-bw-moppbezug-blau\/","title":{"rendered":"UNIVERSAL BW-MOPPBEZUG BLAU"},"content":{"rendered":"<p><strong>Eigenschaften:<\/strong><br \/>\n\u2022 Optimale Schmutz- und Wasseraufnahme<br \/>\n\u2022 Die wirtschaftliche L\u00f6sung<br \/>\n\u2022 Sehr gute Gleiteigenschaften f\u00fcr ein erm\u00fcdungsfreies Arbeiten<br \/>\n\u2022 Rei\u00dffeste und wasserdurchl\u00e4ssige Polyestertaschen<br \/>\n\u2022 Lange Lebensdauer durch hochwertiges Herstellungsverfahren<\/p>\n<p><strong>Anwendungsbereiche:<\/strong><br \/>\n\u2022 Unterhaltsreinigung<br \/>\n\u2022 Grundreinigung<br \/>\n\u2022 Nass- und Trockenreinigung<\/p>\n<p><strong>Zielgruppen:<\/strong><br \/>\n\u2022 Gesundheitswesen<br \/>\n\u2022 Geb\u00e4udereiniger<br \/>\n\u2022 Industrie<br \/>\n\u2022 \u00d6ffentliche Bereiche<\/p>\n<p><strong>Bodenbel\u00e4ge:<\/strong><br \/>\n\u2022\u00a0Elastische Bel\u00e4ge<br \/>\n\u2022 Hartbel\u00e4ge<br \/>\n\u2022 Feinsteinzeug<br \/>\n\u2022 Steinb\u00f6den<br \/>\n\u2022\u00a0Fliesen<br \/>\n\u2022 Laminatb\u00f6den<br \/>\n\u2022 Ideal f\u00fcr glatte Bodenbel\u00e4ge<\/p>\n","protected":false},"excerpt":{"rendered":"<p>Ideal f\u00fcr die Unterhaltsreinigung und Grundreinigung von elastischen B\u00f6den, Hartbodenbel\u00e4gen, glatten und por\u00f6sen B\u00f6den.<\/p>\n<p>&nbsp;<\/p>\n<p><a href=\"https:\/\/arcora.de\/de\/wp-content\/uploads\/2022\/09\/PDB_Universal-BW-Moppbezug.pdf\" target=\"_blank\" rel=\"noopener noreferrer\"><img loading=\"lazy\" decoding=\"async\" class=\"alignnone wp-image-6442\" src=\"https:\/\/arcora.de\/de\/wp-content\/uploads\/2019\/03\/Produkt.png\" alt=\"\" width=\"223\" height=\"38\" \/><\/a><\/p>\n","protected":false},"featured_media":5495,"template":"","meta":[],"product_brand":[],"product_cat":[140,139],"product_tag":[],"class_list":{"0":"post-5493","1":"product","2":"type-product","3":"status-publish","4":"has-post-thumbnail","6":"product_cat-baumwoll-und-mischgarnmopp","7":"product_cat-reinigungstextilien","9":"first","10":"instock","11":"shipping-taxable","12":"product-type-simple","13":"prodpage-classic"},"_links":{"self":[{"href":"https:\/\/arcora.de\/de\/wp-json\/wp\/v2\/product\/5493","targetHints":{"allow":["GET"]}}],"collection":[{"href":"https:\/\/arcora.de\/de\/wp-json\/wp\/v2\/product"}],"about":[{"href":"https:\/\/arcora.de\/de\/wp-json\/wp\/v2\/types\/product"}],"wp:featuredmedia":[{"embeddable":true,"href":"https:\/\/arcora.de\/de\/wp-json\/wp\/v2\/media\/5495"}],"wp:attachment":[{"href":"https:\/\/arcora.de\/de\/wp-json\/wp\/v2\/media?parent=5493"}],"wp:term":[{"taxonomy":"product_brand","embeddable":true,"href":"https:\/\/arcora.de\/de\/wp-json\/wp\/v2\/product_brand?post=5493"},{"taxonomy":"product_cat","embeddable":true,"href":"https:\/\/arcora.de\/de\/wp-json\/wp\/v2\/product_cat?post=5493"},{"taxonomy":"product_tag","embeddable":true,"href":"https:\/\/arcora.de\/de\/wp-json\/wp\/v2\/product_tag?post=5493"}],"curies":[{"name":"wp","href":"https:\/\/api.w.org\/{rel}","templated":true}]}}