{"id":58,"date":"2016-03-18T16:23:42","date_gmt":"2016-03-18T15:23:42","guid":{"rendered":"https:\/\/arcora.de\/de\/arcora\/produkt\/first-mopp-blau\/"},"modified":"2023-01-24T16:33:33","modified_gmt":"2023-01-24T15:33:33","slug":"first-mopp-blau","status":"publish","type":"product","link":"https:\/\/arcora.de\/de\/produkt\/first-mopp-blau\/","title":{"rendered":"FIRST MOPP BLAU"},"content":{"rendered":"<p><strong>Eigenschaften:<\/strong><br \/>\n\u2022 Optimale Schmutz- und Wasseraufnahme<br \/>\n\u2022 Hohe Fl\u00e4chenleistung dank h\u00f6herer Grammatur<br \/>\n\u2022 Sehr gute Gleiteigenschaften f\u00fcr ein erm\u00fcdungsfreies Arbeiten<br \/>\n\u2022 Rei\u00dffeste und wasserdurchl\u00e4ssige Polyestertaschen<br \/>\n\u2022 Lange Lebensdauer durch hochwertiges Herstellungsverfahren<\/p>\n<p><strong>Anwendungsbereiche:<\/strong><br \/>\n\u2022 Unterhaltsreinigung<br \/>\n\u2022 Grundreinigung<br \/>\n\u2022 Nass- und Trockenreinigung<\/p>\n<p><strong>Zielgruppen:<\/strong><br \/>\n\u2022 Geb\u00e4udereiniger<br \/>\n\u2022 Industrie<br \/>\n\u2022 Gesundheitswesen<br \/>\n\u2022 Kliniken<br \/>\n\u2022 Senioren- und Pflegeheime<br \/>\n\u2022 \u00d6ffentliche Einrichtungen<br \/>\n\u2022 Gro\u00dfw\u00e4schereien<\/p>\n<p><strong>Bodenbel\u00e4ge:<\/strong><br \/>\n\u2022 Elastische Bel\u00e4ge<br \/>\n\u2022 Hartbel\u00e4ge<br \/>\n\u2022 Feinsteinzeug<br \/>\n\u2022 Steinb\u00f6den<br \/>\n\u2022 Fliesen<br \/>\n\u2022 Laminatb\u00f6den<br \/>\n\u2022 Ideal f\u00fcr glatte Bodenbel\u00e4ge<\/p>\n","protected":false},"excerpt":{"rendered":"<p>Optimal f\u00fcr die Unterhaltsreinigung und Grundreinigung von elastischen B\u00f6den, Hartbodenbel\u00e4gen, versiegelten Parkett sowie glatten, beschichteten und unbeschichteten Bodenbel\u00e4gen.<\/p>\n<p>&nbsp;<\/p>\n<p><a href=\"https:\/\/arcora.de\/de\/wp-content\/uploads\/2022\/07\/PDB_FIRST-MOPP-BLAU.pdf\" target=\"_blank\" rel=\"noopener noreferrer\"><img loading=\"lazy\" decoding=\"async\" class=\"alignnone wp-image-6442\" src=\"https:\/\/arcora.de\/de\/wp-content\/uploads\/2019\/03\/Produkt.png\" alt=\"\" width=\"223\" height=\"38\" \/><\/a><\/p>\n","protected":false},"featured_media":1256,"template":"","meta":[],"product_brand":[],"product_cat":[140,139],"product_tag":[],"class_list":{"0":"post-58","1":"product","2":"type-product","3":"status-publish","4":"has-post-thumbnail","6":"product_cat-baumwoll-und-mischgarnmopp","7":"product_cat-reinigungstextilien","9":"first","10":"instock","11":"shipping-taxable","12":"product-type-simple","13":"prodpage-classic"},"_links":{"self":[{"href":"https:\/\/arcora.de\/de\/wp-json\/wp\/v2\/product\/58","targetHints":{"allow":["GET"]}}],"collection":[{"href":"https:\/\/arcora.de\/de\/wp-json\/wp\/v2\/product"}],"about":[{"href":"https:\/\/arcora.de\/de\/wp-json\/wp\/v2\/types\/product"}],"wp:featuredmedia":[{"embeddable":true,"href":"https:\/\/arcora.de\/de\/wp-json\/wp\/v2\/media\/1256"}],"wp:attachment":[{"href":"https:\/\/arcora.de\/de\/wp-json\/wp\/v2\/media?parent=58"}],"wp:term":[{"taxonomy":"product_brand","embeddable":true,"href":"https:\/\/arcora.de\/de\/wp-json\/wp\/v2\/product_brand?post=58"},{"taxonomy":"product_cat","embeddable":true,"href":"https:\/\/arcora.de\/de\/wp-json\/wp\/v2\/product_cat?post=58"},{"taxonomy":"product_tag","embeddable":true,"href":"https:\/\/arcora.de\/de\/wp-json\/wp\/v2\/product_tag?post=58"}],"curies":[{"name":"wp","href":"https:\/\/api.w.org\/{rel}","templated":true}]}}