{"id":6006,"date":"2019-02-06T14:47:12","date_gmt":"2019-02-06T13:47:12","guid":{"rendered":"https:\/\/arcora.de\/de\/?post_type=product&#038;p=6006"},"modified":"2024-07-09T15:52:35","modified_gmt":"2024-07-09T13:52:35","slug":"moos-algenentferner","status":"publish","type":"product","link":"https:\/\/arcora.de\/de\/produkt\/moos-algenentferner\/","title":{"rendered":"MOOS- &amp; ALGENENTFERNER LIQ"},"content":{"rendered":"<p><strong>Eigenschaften:<\/strong><\/p>\n<ul>\n<li>Hochwirksamer Gr\u00fcnbelag- und Moosvernichter<\/li>\n<li>Reinigt tief und gr\u00fcndlich<\/li>\n<li>Vergraute Fl\u00e4chen sehen nach der Verwendung wie neu aus (bleichende Wirkung)<\/li>\n<li>Andere organische Schmutzfelder werden selbstreinigend entfernt<\/li>\n<li>Die Fl\u00e4chen sind nach der Verwendung tief und langzeitig vor Wiederbefall gesch\u00fctzt<\/li>\n<\/ul>\n<p><strong>Anwendungsbereiche:<\/strong><br \/>\nZur Entfernung von organischen Verschmutzungen und Bel\u00e4gen auf mineralischen Baustoffen wie Naturstein, Kalksandstein, Putz, Ziegel, Beton, Faserzement sowie zur Sanierung von Anstrichuntergr\u00fcnden an Fassadenfl\u00e4chen und mit von Schimmelbefall befallenen Innenwandfl\u00e4chen geeignet.<\/p>\n","protected":false},"excerpt":{"rendered":"<p><strong>ZUR ENTFERNUNG VON ORGANISCHEN VERSCHMUTZUNGEN AUF STEINEN<\/strong><\/p>\n<p>Zur Entfernung von organischen Verschmutzungen und Bel\u00e4gen auf mineralischen Baustoffen.<\/p>\n<p>&nbsp;<\/p>\n<p><a href=\"https:\/\/arcora.de\/de\/wp-content\/uploads\/2023\/01\/MOOS-ALGENENTFERNER-LIQ.pdf\" target=\"_blank\" rel=\"noopener noreferrer\"><img loading=\"lazy\" decoding=\"async\" class=\"alignnone wp-image-6442\" src=\"https:\/\/arcora.de\/de\/wp-content\/uploads\/2019\/03\/Produkt.png\" alt=\"\" width=\"223\" height=\"38\" \/><\/a><br \/>\n<a href=\"https:\/\/arcora.de\/de\/wp-content\/uploads\/2023\/01\/SDB_MOOS-ALGENENTFERNER.pdf\" target=\"_blank\" rel=\"noopener noreferrer\"><img loading=\"lazy\" decoding=\"async\" class=\"alignnone wp-image-6442\" src=\"https:\/\/arcora.de\/de\/wp-content\/uploads\/2019\/03\/Sicherheit.png\" alt=\"\" width=\"223\" height=\"38\" \/><\/a><br \/>\n<a href=\"https:\/\/arcora.de\/de\/wp-content\/uploads\/2021\/11\/BA_MOSS-EX.pdf\" target=\"_blank\" rel=\"noopener noreferrer\"><img loading=\"lazy\" decoding=\"async\" class=\"alignnone wp-image-6442\" src=\"https:\/\/arcora.de\/de\/wp-content\/uploads\/2019\/03\/Betrieb.png\" alt=\"\" width=\"223\" height=\"38\" \/><\/a><\/p>\n","protected":false},"featured_media":13353,"template":"","meta":[],"product_brand":[],"product_cat":[141,50],"product_tag":[],"class_list":{"0":"post-6006","1":"product","2":"type-product","3":"status-publish","4":"has-post-thumbnail","6":"product_cat-fassaden-und-spezialreiniger","7":"product_cat-reinigungsundpflegemittel","9":"first","10":"instock","11":"shipping-taxable","12":"product-type-simple","13":"prodpage-classic"},"_links":{"self":[{"href":"https:\/\/arcora.de\/de\/wp-json\/wp\/v2\/product\/6006","targetHints":{"allow":["GET"]}}],"collection":[{"href":"https:\/\/arcora.de\/de\/wp-json\/wp\/v2\/product"}],"about":[{"href":"https:\/\/arcora.de\/de\/wp-json\/wp\/v2\/types\/product"}],"wp:featuredmedia":[{"embeddable":true,"href":"https:\/\/arcora.de\/de\/wp-json\/wp\/v2\/media\/13353"}],"wp:attachment":[{"href":"https:\/\/arcora.de\/de\/wp-json\/wp\/v2\/media?parent=6006"}],"wp:term":[{"taxonomy":"product_brand","embeddable":true,"href":"https:\/\/arcora.de\/de\/wp-json\/wp\/v2\/product_brand?post=6006"},{"taxonomy":"product_cat","embeddable":true,"href":"https:\/\/arcora.de\/de\/wp-json\/wp\/v2\/product_cat?post=6006"},{"taxonomy":"product_tag","embeddable":true,"href":"https:\/\/arcora.de\/de\/wp-json\/wp\/v2\/product_tag?post=6006"}],"curies":[{"name":"wp","href":"https:\/\/api.w.org\/{rel}","templated":true}]}}