{"id":6040,"date":"2019-02-07T11:49:14","date_gmt":"2019-02-07T10:49:14","guid":{"rendered":"https:\/\/arcora.de\/de\/?post_type=product&#038;p=6040"},"modified":"2023-01-25T14:49:42","modified_gmt":"2023-01-25T13:49:42","slug":"tools-holder","status":"publish","type":"product","link":"https:\/\/arcora.de\/de\/produkt\/tools-holder\/","title":{"rendered":"TOOLS HOLDER 520"},"content":{"rendered":"","protected":false},"excerpt":{"rendered":"<p>F\u00dcR SERVICEW\u00c4GEN<\/p>\n<p>Halterung f\u00fcr Stiele mit zwei zus\u00e4tzlichen Aufh\u00e4nghacken.<\/p>\n<ul>\n<li>Sehr praktisch, stabil und platzsparend<\/li>\n<li>F\u00fcr bis zu 6 Ger\u00e4ten geeignet<\/li>\n<li>Ma\u00dfe: 520 mm<\/li>\n<\/ul>\n","protected":false},"featured_media":5894,"template":"","meta":[],"product_brand":[],"product_cat":[169,178],"product_tag":[],"class_list":{"0":"post-6040","1":"product","2":"type-product","3":"status-publish","4":"has-post-thumbnail","6":"product_cat-reinigungswaegen-und-zubehoer","7":"product_cat-tools-holder","9":"first","10":"instock","11":"shipping-taxable","12":"product-type-simple","13":"prodpage-classic"},"_links":{"self":[{"href":"https:\/\/arcora.de\/de\/wp-json\/wp\/v2\/product\/6040","targetHints":{"allow":["GET"]}}],"collection":[{"href":"https:\/\/arcora.de\/de\/wp-json\/wp\/v2\/product"}],"about":[{"href":"https:\/\/arcora.de\/de\/wp-json\/wp\/v2\/types\/product"}],"wp:featuredmedia":[{"embeddable":true,"href":"https:\/\/arcora.de\/de\/wp-json\/wp\/v2\/media\/5894"}],"wp:attachment":[{"href":"https:\/\/arcora.de\/de\/wp-json\/wp\/v2\/media?parent=6040"}],"wp:term":[{"taxonomy":"product_brand","embeddable":true,"href":"https:\/\/arcora.de\/de\/wp-json\/wp\/v2\/product_brand?post=6040"},{"taxonomy":"product_cat","embeddable":true,"href":"https:\/\/arcora.de\/de\/wp-json\/wp\/v2\/product_cat?post=6040"},{"taxonomy":"product_tag","embeddable":true,"href":"https:\/\/arcora.de\/de\/wp-json\/wp\/v2\/product_tag?post=6040"}],"curies":[{"name":"wp","href":"https:\/\/api.w.org\/{rel}","templated":true}]}}