{"id":6065,"date":"2019-02-11T14:29:47","date_gmt":"2019-02-11T13:29:47","guid":{"rendered":"https:\/\/arcora.de\/de\/?post_type=product&#038;p=6065"},"modified":"2022-01-14T16:55:36","modified_gmt":"2022-01-14T15:55:36","slug":"rundpad-scrub-igel","status":"publish","type":"product","link":"https:\/\/arcora.de\/de\/produkt\/rundpad-scrub-igel\/","title":{"rendered":"RUNDPAD SCRUB IGEL"},"content":{"rendered":"<p><strong>Eigenschaften:<\/strong><br \/>\n\u2022\u00a0Extreme Scheuereigenschaften und Schmutzaufnahme<br \/>\n\u2022 Igel-Microfasermopp mit Borstenmonofilen aus Polyester<br \/>\n\u2022 Ideal gegen hartn\u00e4ckige Verschmutzungen<br \/>\n\u2022 Optimal f\u00fcr rutschgehemmte B\u00f6den und Sicherheitsb\u00f6den geeignet<br \/>\n\u2022 1-seitig<\/p>\n<p><strong>Anwendungsbereiche:<\/strong><br \/>\n\u2022 Grundreinigung<\/p>\n<p><strong>Bodenbel\u00e4ge:<\/strong><br \/>\n\u2022 Steinb\u00f6den<br \/>\n\u2022 Feinsteinzeug<br \/>\n\u2022 Hartbel\u00e4ge<br \/>\n\u2022 Fliesen<\/p>\n","protected":false},"excerpt":{"rendered":"<p>Zur Grundreinigung von Hartb\u00f6den und por\u00f6sen Steinb\u00f6den. Nicht f\u00fcr beschichtete B\u00f6den geeignet.<\/p>\n<p>&nbsp;<\/p>\n<p><a href=\"https:\/\/arcora.de\/de\/wp-content\/uploads\/2022\/01\/PDB_RUNDPAD_SCRUB-IGEL.pdf\" target=\"_blank\" rel=\"noopener noreferrer\"><img loading=\"lazy\" decoding=\"async\" class=\"alignnone wp-image-6442\" src=\"https:\/\/arcora.de\/de\/wp-content\/uploads\/2019\/03\/Produkt.png\" alt=\"\" width=\"223\" height=\"38\" \/><\/a><\/p>\n","protected":false},"featured_media":6697,"template":"","meta":[],"product_brand":[],"product_cat":[72,80],"product_tag":[],"class_list":{"0":"post-6065","1":"product","2":"type-product","3":"status-publish","4":"has-post-thumbnail","6":"product_cat-reinigungsundpolierpads","7":"product_cat-rundpads-aus-microfaser","9":"first","10":"instock","11":"shipping-taxable","12":"product-type-simple","13":"prodpage-classic"},"_links":{"self":[{"href":"https:\/\/arcora.de\/de\/wp-json\/wp\/v2\/product\/6065","targetHints":{"allow":["GET"]}}],"collection":[{"href":"https:\/\/arcora.de\/de\/wp-json\/wp\/v2\/product"}],"about":[{"href":"https:\/\/arcora.de\/de\/wp-json\/wp\/v2\/types\/product"}],"wp:featuredmedia":[{"embeddable":true,"href":"https:\/\/arcora.de\/de\/wp-json\/wp\/v2\/media\/6697"}],"wp:attachment":[{"href":"https:\/\/arcora.de\/de\/wp-json\/wp\/v2\/media?parent=6065"}],"wp:term":[{"taxonomy":"product_brand","embeddable":true,"href":"https:\/\/arcora.de\/de\/wp-json\/wp\/v2\/product_brand?post=6065"},{"taxonomy":"product_cat","embeddable":true,"href":"https:\/\/arcora.de\/de\/wp-json\/wp\/v2\/product_cat?post=6065"},{"taxonomy":"product_tag","embeddable":true,"href":"https:\/\/arcora.de\/de\/wp-json\/wp\/v2\/product_tag?post=6065"}],"curies":[{"name":"wp","href":"https:\/\/api.w.org\/{rel}","templated":true}]}}