{"id":6123,"date":"2019-02-18T12:45:00","date_gmt":"2019-02-18T11:45:00","guid":{"rendered":"https:\/\/arcora.de\/de\/?post_type=product&#038;p=6123"},"modified":"2023-01-25T15:00:05","modified_gmt":"2023-01-25T14:00:05","slug":"wd-80-2-pt","status":"publish","type":"product","link":"https:\/\/arcora.de\/de\/produkt\/wd-80-2-pt\/","title":{"rendered":"WD 80\/2 PT"},"content":{"rendered":"<p><strong>Eigenschaften:<br \/>\n<\/strong><br \/>\n\u2022 Hocheffizienter, leistungsstarker Motor<br \/>\n\u2022 Fahrgestell aus sto\u00dffestem Plastikmaterial mit Zubeh\u00f6rhalterungen<br \/>\n\u2022 Mit Kippgestell f\u00fcr eine einfachere Entleerung des Beh\u00e4lters<br \/>\n\u2022 Abluftfilter f\u00fcr eine vielseitige Anwendung<br \/>\n\u2022 Automatische Schwimmerabschaltung f\u00fcr eine lange Lebensdauer<br \/>\n\u2022 Inkl. Trockenbodend\u00fcse, Wasserd\u00fcse, Pinseld\u00fcse, Fugend\u00fcse, Polsterd\u00fcse, Textilfilter<\/p>\n<p><strong>Technische Daten:<\/strong><br \/>\nMax. Leistungsaufnahme: 2500 W<br \/>\nBeh\u00e4lter Fassungsverm\u00f6gen: 80 l<br \/>\nTats\u00e4chliches\u00a0Fassungsverm\u00f6gen: 56 l<br \/>\nWassers\u00e4ule: 225 mbar<br \/>\nLuftf\u00f6rderung: 142 l\/s<br \/>\nGer\u00e4uschpegel: 62 dB<br \/>\nKabell\u00e4nge: 10 m<br \/>\nGewicht: 19 kg<br \/>\nGroesse: 61 x 52 x 92 cm<\/p>\n","protected":false},"excerpt":{"rendered":"<p><strong>NASS-\/TROCKENSAUGER MIT GROSSEM BEH\u00c4LTERVOLUMEN <\/strong><\/p>\n<p>Modell f\u00fcr die Nass- und Trockenanwendungen mit einem 80 Liter Kunststoffbeh\u00e4lter. Ideal geeignet f\u00fcr Hotels, Geb\u00e4udereiniger, Schulen, Industrie- und Handwerksbetriebe wie auch \u00f6ffentliche Geb\u00e4ude und Beh\u00f6rden.<\/p>\n<p>&nbsp;<\/p>\n<p><a href=\"https:\/\/arcora.de\/de\/wp-content\/uploads\/2022\/01\/PDB_NASS-TROCKENSAUGER.pdf\" target=\"_blank\" rel=\"noopener noreferrer\"><img loading=\"lazy\" decoding=\"async\" class=\"alignnone wp-image-6442\" src=\"https:\/\/arcora.de\/de\/wp-content\/uploads\/2019\/03\/Produkt.png\" alt=\"\" width=\"223\" height=\"38\" \/><\/a><br \/>\n<a href=\"https:\/\/arcora.de\/de\/wp-content\/uploads\/2020\/02\/Manual-use-WetDry-Cleaner.pdf\" target=\"_blank\" rel=\"noopener noreferrer\"><img loading=\"lazy\" decoding=\"async\" class=\"alignnone wp-image-6442\" src=\"https:\/\/arcora.de\/de\/wp-content\/uploads\/2019\/03\/Bedienung.png\" alt=\"\" width=\"223\" height=\"38\" \/><\/a><\/p>\n","protected":false},"featured_media":6567,"template":"","meta":[],"product_brand":[],"product_cat":[183,69],"product_tag":[],"class_list":{"0":"post-6123","1":"product","2":"type-product","3":"status-publish","4":"has-post-thumbnail","6":"product_cat-nass-und-trockensauger","7":"product_cat-reinigungsmaschinen-und-zubehuer","9":"first","10":"instock","11":"shipping-taxable","12":"product-type-simple","13":"prodpage-classic"},"_links":{"self":[{"href":"https:\/\/arcora.de\/de\/wp-json\/wp\/v2\/product\/6123","targetHints":{"allow":["GET"]}}],"collection":[{"href":"https:\/\/arcora.de\/de\/wp-json\/wp\/v2\/product"}],"about":[{"href":"https:\/\/arcora.de\/de\/wp-json\/wp\/v2\/types\/product"}],"wp:featuredmedia":[{"embeddable":true,"href":"https:\/\/arcora.de\/de\/wp-json\/wp\/v2\/media\/6567"}],"wp:attachment":[{"href":"https:\/\/arcora.de\/de\/wp-json\/wp\/v2\/media?parent=6123"}],"wp:term":[{"taxonomy":"product_brand","embeddable":true,"href":"https:\/\/arcora.de\/de\/wp-json\/wp\/v2\/product_brand?post=6123"},{"taxonomy":"product_cat","embeddable":true,"href":"https:\/\/arcora.de\/de\/wp-json\/wp\/v2\/product_cat?post=6123"},{"taxonomy":"product_tag","embeddable":true,"href":"https:\/\/arcora.de\/de\/wp-json\/wp\/v2\/product_tag?post=6123"}],"curies":[{"name":"wp","href":"https:\/\/api.w.org\/{rel}","templated":true}]}}