{"id":6131,"date":"2019-02-18T15:21:58","date_gmt":"2019-02-18T14:21:58","guid":{"rendered":"https:\/\/arcora.de\/de\/?post_type=product&#038;p=6131"},"modified":"2022-01-14T16:29:40","modified_gmt":"2022-01-14T15:29:40","slug":"aniko-30-foamtec","status":"publish","type":"product","link":"https:\/\/arcora.de\/de\/produkt\/aniko-30-foamtec\/","title":{"rendered":"ANIKO 30 FOAMTEC"},"content":{"rendered":"<p><strong>EIGENSCHAFTEN:<\/strong><\/p>\n<ul>\n<li>Robuste Bauweise<\/li>\n<li>Tank aus Poly\u00e4thylen mit hoher Dichtigkeit<\/li>\n<li>Einfache Einstellung von Schaumphase auf Sp\u00fclphase<\/li>\n<li>Einsparung von Zeit und Reinigungsmitteln<\/li>\n<li>Regulierte Dosierung des Reinigungsmittel<\/li>\n<\/ul>\n<p><strong>EINSATZBEREICHE:<\/strong><br \/>\nGeeignet f\u00fcr den Einsatz in Gro\u00dfk\u00fcchen, Heilanstalten, Krankenh\u00e4usern, Fitnessstudios, Schwimmb\u00e4dern sowie in \u00f6ffentlichen WC-Anlagen usw.<\/p>\n","protected":false},"excerpt":{"rendered":"<p><strong>SPR\u00dcH-SAUG-MASCHINE MIT SCHAUMTECHNOLOGIE<\/strong><\/p>\n<p>F\u00fcr den professionellen Einsatz an W\u00e4nden, Decken und sonstigen Oberfl\u00e4chen, die mit Hilfe von Schaum gereinigt werden m\u00fcssen. Der aufgespr\u00fchte Schaum bleibt an der Oberfl\u00e4che haften und erm\u00f6glicht eine lange Einwirkzeit und eine intensivere Reinigungskraft.<\/p>\n<p><a href=\"https:\/\/arcora.de\/de\/wp-content\/uploads\/2022\/01\/PDB_ANIKO30_Foamtec.pdf\" target=\"_blank\" rel=\"noopener noreferrer\"><img loading=\"lazy\" decoding=\"async\" class=\"alignnone wp-image-6442\" src=\"https:\/\/arcora.de\/de\/wp-content\/uploads\/2019\/03\/Produkt.png\" alt=\"\" width=\"223\" height=\"38\" \/><\/a><br \/>\n<a href=\"https:\/\/arcora.de\/de\/wp-content\/uploads\/2019\/05\/Bedienungsanleitung-ANIKO30-FOAMTEC.pdf\" target=\"_blank\" rel=\"noopener noreferrer\"><img loading=\"lazy\" decoding=\"async\" class=\"alignnone wp-image-6442\" src=\"https:\/\/arcora.de\/de\/wp-content\/uploads\/2019\/03\/Bedienung.png\" alt=\"\" width=\"223\" height=\"38\" \/><\/a><\/p>\n","protected":false},"featured_media":6576,"template":"","meta":[],"product_brand":[],"product_cat":[69,186],"product_tag":[],"class_list":{"0":"post-6131","1":"product","2":"type-product","3":"status-publish","4":"has-post-thumbnail","6":"product_cat-reinigungsmaschinen-und-zubehuer","7":"product_cat-sprueh-saug-maschine","9":"first","10":"instock","11":"shipping-taxable","12":"product-type-simple","13":"prodpage-classic"},"_links":{"self":[{"href":"https:\/\/arcora.de\/de\/wp-json\/wp\/v2\/product\/6131","targetHints":{"allow":["GET"]}}],"collection":[{"href":"https:\/\/arcora.de\/de\/wp-json\/wp\/v2\/product"}],"about":[{"href":"https:\/\/arcora.de\/de\/wp-json\/wp\/v2\/types\/product"}],"wp:featuredmedia":[{"embeddable":true,"href":"https:\/\/arcora.de\/de\/wp-json\/wp\/v2\/media\/6576"}],"wp:attachment":[{"href":"https:\/\/arcora.de\/de\/wp-json\/wp\/v2\/media?parent=6131"}],"wp:term":[{"taxonomy":"product_brand","embeddable":true,"href":"https:\/\/arcora.de\/de\/wp-json\/wp\/v2\/product_brand?post=6131"},{"taxonomy":"product_cat","embeddable":true,"href":"https:\/\/arcora.de\/de\/wp-json\/wp\/v2\/product_cat?post=6131"},{"taxonomy":"product_tag","embeddable":true,"href":"https:\/\/arcora.de\/de\/wp-json\/wp\/v2\/product_tag?post=6131"}],"curies":[{"name":"wp","href":"https:\/\/api.w.org\/{rel}","templated":true}]}}