{"id":6141,"date":"2019-02-19T10:52:49","date_gmt":"2019-02-19T09:52:49","guid":{"rendered":"https:\/\/arcora.de\/de\/?post_type=product&#038;p=6141"},"modified":"2024-07-22T16:38:49","modified_gmt":"2024-07-22T14:38:49","slug":"kupfertuch-gross","status":"publish","type":"product","link":"https:\/\/arcora.de\/de\/produkt\/kupfertuch-gross\/","title":{"rendered":"KUPFERTUCH GROSS"},"content":{"rendered":"<p><strong>Eigenschaften:<\/strong><\/p>\n<p>\u2022 F\u00fcr die Reinigung wird nur Wasser und wenig Chemie ben\u00f6tigt<br \/>\n\u2022 Kratzfreie Anwendung<br \/>\n\u2022 Rostans\u00e4tze auf Besteck kann entfernt werden<br \/>\n\u2022 Mehrmals wiederverwendbar, da waschbar bei 60\u00b0C<br \/>\n\u2022 Reduzierung von Arbeitszeit und Personalkosten<\/p>\n<p><strong>Anwendungsbereiche:<\/strong><br \/>\nZur Unterhaltsreinigung von jeglichen Oberfl\u00e4chen. Besonders geeignet f\u00fcr den Einsatz in \u00f6ffentlichen Einrichtungen, Krankenh\u00e4usern, Alten- und Pflegeheimen, Flugh\u00e4fen, Einkaufszentren, Hotels, Restaurants, Gastst\u00e4tten sowie B\u00fcrogeb\u00e4uden.<\/p>\n","protected":false},"excerpt":{"rendered":"<p><strong>Zementschleier, Graffiti, Kalk, Kleberreste, Haarspray und Silikone?<\/strong><\/p>\n<p>F\u00fcr das ARCORA KUPFERSYSTEM kein Problem. Die Kupferprodukte sorgen f\u00fcr eine schonende Reinigung von T\u00f6pfen, Sp\u00fclen, Armaturen, Pfannen, Emaille, Glas, Spiegel, Ceranfeldern und Edelstahl und nicht lackierte Metallteile.<\/p>\n<p>&nbsp;<\/p>\n<p><a href=\"https:\/\/arcora.de\/de\/wp-content\/uploads\/2024\/07\/Kupferprodukte-1.pdf\" target=\"_blank\" rel=\"noopener noreferrer\"><img loading=\"lazy\" decoding=\"async\" class=\"alignnone wp-image-6442\" src=\"https:\/\/arcora.de\/de\/wp-content\/uploads\/2019\/03\/Produkt.png\" alt=\"\" width=\"223\" height=\"38\" \/><\/a><\/p>\n","protected":false},"featured_media":7197,"template":"","meta":[],"product_brand":[],"product_cat":[154,139],"product_tag":[],"class_list":{"0":"post-6141","1":"product","2":"type-product","3":"status-publish","4":"has-post-thumbnail","6":"product_cat-kupferprodukte","7":"product_cat-reinigungstextilien","9":"first","10":"instock","11":"shipping-taxable","12":"product-type-simple","13":"prodpage-classic"},"_links":{"self":[{"href":"https:\/\/arcora.de\/de\/wp-json\/wp\/v2\/product\/6141","targetHints":{"allow":["GET"]}}],"collection":[{"href":"https:\/\/arcora.de\/de\/wp-json\/wp\/v2\/product"}],"about":[{"href":"https:\/\/arcora.de\/de\/wp-json\/wp\/v2\/types\/product"}],"wp:featuredmedia":[{"embeddable":true,"href":"https:\/\/arcora.de\/de\/wp-json\/wp\/v2\/media\/7197"}],"wp:attachment":[{"href":"https:\/\/arcora.de\/de\/wp-json\/wp\/v2\/media?parent=6141"}],"wp:term":[{"taxonomy":"product_brand","embeddable":true,"href":"https:\/\/arcora.de\/de\/wp-json\/wp\/v2\/product_brand?post=6141"},{"taxonomy":"product_cat","embeddable":true,"href":"https:\/\/arcora.de\/de\/wp-json\/wp\/v2\/product_cat?post=6141"},{"taxonomy":"product_tag","embeddable":true,"href":"https:\/\/arcora.de\/de\/wp-json\/wp\/v2\/product_tag?post=6141"}],"curies":[{"name":"wp","href":"https:\/\/api.w.org\/{rel}","templated":true}]}}