{"id":6222,"date":"2019-02-25T12:55:10","date_gmt":"2019-02-25T11:55:10","guid":{"rendered":"https:\/\/arcora.de\/de\/?post_type=product&#038;p=6222"},"modified":"2023-02-06T14:36:21","modified_gmt":"2023-02-06T13:36:21","slug":"flachpressmopp-hospital-hygiene-loop","status":"publish","type":"product","link":"https:\/\/arcora.de\/de\/produkt\/flachpressmopp-hospital-hygiene-loop\/","title":{"rendered":"FLACHPRESSMOPP HOSPITAL HYGIENE LOOP"},"content":{"rendered":"<p><strong>Eigenschaften:<\/strong><br \/>\n\u2022 F\u00fcr alle markt\u00fcblichen Flachpress-Systeme geeignet<br \/>\n\u2022 Hohe Fl\u00e4chenleistung<br \/>\n\u2022 Erhebliche Reduzierung der Waschkosten durch das geringe Gewicht (Einsparung bis zu 40% m\u00f6glich)<br \/>\n\u2022 Lange Lebensdauer durch hochwertiges Herstellungsverfahren<br \/>\n\u2022 Hohe Wasseraufnahme und Wasserdepotwirkung<br \/>\n\u2022 Optimal f\u00fcr die Pr\u00e4paration geeignet<br \/>\n\u2022 In vier Farben erh\u00e4ltlich<\/p>\n<p><strong>Anwendungsbereiche:<\/strong><br \/>\n\u2022 Unterhaltsreinigung<\/p>\n<p><strong>Zielgruppen:<\/strong><br \/>\n\u2022 Gesundheitswesen<br \/>\n\u2022 Kliniken<br \/>\n\u2022 Senioren- und\u00a0Pflegeheime<br \/>\n\u2022 \u00d6ffentliche Einrichtungen<\/p>\n<p><strong>Bodenbel\u00e4ge:<\/strong><br \/>\n\u2022 Elastische Bel\u00e4ge<br \/>\n\u2022 Steinb\u00f6den<br \/>\n\u2022 Hartbel\u00e4ge<br \/>\n\u2022 Feinsteinzeug<br \/>\n\u2022 Fliesen<br \/>\n\u2022 Ideal f\u00fcr glatte, beschichtete und unbeschichtete Bodenbel\u00e4ge<\/p>\n","protected":false},"excerpt":{"rendered":"<p><strong>MIT DECKBLATT<\/strong><\/p>\n<p>Optimal f\u00fcr die Unterhaltsreinigung von elastischen Bel\u00e4gen, Hartbodenbel\u00e4gen sowie glatte, beschichtete und unbeschichtete B\u00f6den. Optimal f\u00fcr die Pr\u00e4paration.<\/p>\n<p>&nbsp;<\/p>\n<p><a href=\"https:\/\/arcora.de\/de\/wp-content\/uploads\/2022\/09\/PDB_Flachpressmopp_Hospital_Hygiene_LOOP.pdf\" target=\"_blank\" rel=\"noopener noreferrer\"><img loading=\"lazy\" decoding=\"async\" class=\"alignnone wp-image-6442\" src=\"https:\/\/arcora.de\/de\/wp-content\/uploads\/2019\/03\/Produkt.png\" alt=\"\" width=\"223\" height=\"38\" \/><\/a><\/p>\n","protected":false},"featured_media":6623,"template":"","meta":[],"product_brand":[],"product_cat":[146,139],"product_tag":[],"class_list":{"0":"post-6222","1":"product","2":"type-product","3":"status-publish","4":"has-post-thumbnail","6":"product_cat-flachpressmopp","7":"product_cat-reinigungstextilien","9":"first","10":"instock","11":"shipping-taxable","12":"product-type-simple","13":"prodpage-classic"},"_links":{"self":[{"href":"https:\/\/arcora.de\/de\/wp-json\/wp\/v2\/product\/6222","targetHints":{"allow":["GET"]}}],"collection":[{"href":"https:\/\/arcora.de\/de\/wp-json\/wp\/v2\/product"}],"about":[{"href":"https:\/\/arcora.de\/de\/wp-json\/wp\/v2\/types\/product"}],"wp:featuredmedia":[{"embeddable":true,"href":"https:\/\/arcora.de\/de\/wp-json\/wp\/v2\/media\/6623"}],"wp:attachment":[{"href":"https:\/\/arcora.de\/de\/wp-json\/wp\/v2\/media?parent=6222"}],"wp:term":[{"taxonomy":"product_brand","embeddable":true,"href":"https:\/\/arcora.de\/de\/wp-json\/wp\/v2\/product_brand?post=6222"},{"taxonomy":"product_cat","embeddable":true,"href":"https:\/\/arcora.de\/de\/wp-json\/wp\/v2\/product_cat?post=6222"},{"taxonomy":"product_tag","embeddable":true,"href":"https:\/\/arcora.de\/de\/wp-json\/wp\/v2\/product_tag?post=6222"}],"curies":[{"name":"wp","href":"https:\/\/api.w.org\/{rel}","templated":true}]}}