{"id":6223,"date":"2019-02-25T13:04:15","date_gmt":"2019-02-25T12:04:15","guid":{"rendered":"https:\/\/arcora.de\/de\/?post_type=product&#038;p=6223"},"modified":"2025-04-04T14:20:01","modified_gmt":"2025-04-04T12:20:01","slug":"flachpressmopp-hospital-hygiene-plus","status":"publish","type":"product","link":"https:\/\/arcora.de\/de\/produkt\/flachpressmopp-hospital-hygiene-plus\/","title":{"rendered":"FLACHPRESSMOPP HOSPITAL HYGIENE PLUS"},"content":{"rendered":"<p>\u2022 Sehr hohe Fl\u00e4chenleistung, Wasser- und Schmutzaufnahme<br \/>\n\u2022 F\u00fcr alle markt\u00fcblichen Flachpress-Systeme geeignet<\/p>\n<p>Sowohl trocken als auch feucht anwendbar auf glatten, beschichteten und unbeschichteten Bodenbel\u00e4gen. Zur Unterhaltsreinigung von jeglichen Oberfl\u00e4chen, wie elastischen Bel\u00e4gen, Steinb\u00f6den, Hartbel\u00e4gen, Feinsteinzeug und Fliesen. Besonders geeignet f\u00fcr den Einsatz im Gesundheitswesen, Kliniken, Senioren- und Pflegeheimen sowie \u00f6ffentlichen Einrichtungen.<\/p>\n","protected":false},"excerpt":{"rendered":"<p><strong>MIT DECKBLATT<\/strong><\/p>\n<p>Der FLACHPRESSMOPP HOSPITAL HYGIENE PLUS ist dank der hochwertigen Garnfasern (Polyester, Baumwolle, Rayonfaser) optimal f\u00fcr den Einsatz im Gesundheitswesen konzipiert. Die Longlife Taschen und das Deckblatt sorgen f\u00fcr einen robusten Flachpressmopp. Die Taschen wurden so konzipiert, um das Gleiten des Halters zu unterst\u00fctzen.<\/p>\n<p>&nbsp;<\/p>\n<p><a href=\"https:\/\/arcora.de\/de\/wp-content\/uploads\/2025\/04\/ARCORA_Hospital-Hygiene-Plus-Flachpressmopp_HPFPM40BL_HPFPM40GR_HPFPM40RO.pdf\" target=\"_blank\" rel=\"noopener noreferrer\"><img loading=\"lazy\" decoding=\"async\" class=\"alignnone wp-image-6442\" src=\"https:\/\/arcora.de\/de\/wp-content\/uploads\/2019\/03\/Produkt.png\" alt=\"\" width=\"223\" height=\"38\" \/><\/a><\/p>\n","protected":false},"featured_media":14763,"template":"","meta":[],"product_brand":[],"product_cat":[146,139],"product_tag":[],"class_list":{"0":"post-6223","1":"product","2":"type-product","3":"status-publish","4":"has-post-thumbnail","6":"product_cat-flachpressmopp","7":"product_cat-reinigungstextilien","9":"first","10":"instock","11":"shipping-taxable","12":"product-type-simple","13":"prodpage-classic"},"_links":{"self":[{"href":"https:\/\/arcora.de\/de\/wp-json\/wp\/v2\/product\/6223","targetHints":{"allow":["GET"]}}],"collection":[{"href":"https:\/\/arcora.de\/de\/wp-json\/wp\/v2\/product"}],"about":[{"href":"https:\/\/arcora.de\/de\/wp-json\/wp\/v2\/types\/product"}],"wp:featuredmedia":[{"embeddable":true,"href":"https:\/\/arcora.de\/de\/wp-json\/wp\/v2\/media\/14763"}],"wp:attachment":[{"href":"https:\/\/arcora.de\/de\/wp-json\/wp\/v2\/media?parent=6223"}],"wp:term":[{"taxonomy":"product_brand","embeddable":true,"href":"https:\/\/arcora.de\/de\/wp-json\/wp\/v2\/product_brand?post=6223"},{"taxonomy":"product_cat","embeddable":true,"href":"https:\/\/arcora.de\/de\/wp-json\/wp\/v2\/product_cat?post=6223"},{"taxonomy":"product_tag","embeddable":true,"href":"https:\/\/arcora.de\/de\/wp-json\/wp\/v2\/product_tag?post=6223"}],"curies":[{"name":"wp","href":"https:\/\/api.w.org\/{rel}","templated":true}]}}