{"id":6249,"date":"2019-02-26T11:44:45","date_gmt":"2019-02-26T10:44:45","guid":{"rendered":"https:\/\/arcora.de\/de\/?post_type=product&#038;p=6249"},"modified":"2023-10-16T10:57:39","modified_gmt":"2023-10-16T08:57:39","slug":"glass-shine-microfaser-glaeser-poliertuch","status":"publish","type":"product","link":"https:\/\/arcora.de\/de\/produkt\/glass-shine-microfaser-glaeser-poliertuch\/","title":{"rendered":"GLASS-SHINE MICROFASER GL\u00c4SER POLIERTUCH"},"content":{"rendered":"<p>Dieses Microfasertuch ist ideal zum Polieren und Reinigen von Gl\u00e4sern. Optimal f\u00fcr den Einsatz in Hotels, Restaurants und Bars (HoReCa).<\/p>\n<ul>\n<li>Reinigt fussel- und streifenfrei<\/li>\n<li>Hinterl\u00e4sst gl\u00e4nzende Oberfl\u00e4chen<\/li>\n<li>Auch f\u00fcr Geschirr und Besteck bestens geeignet<\/li>\n<\/ul>\n","protected":false},"excerpt":{"rendered":"<p>Dieses Microfasertuch ist ideal zum Polieren und Reinigen von Gl\u00e4sern. Optimal f\u00fcr den Einsatz in Hotels, Restaurants und Bars (HoReCa).<\/p>\n<p>&nbsp;<\/p>\n<p><a href=\"https:\/\/arcora.de\/de\/wp-content\/uploads\/2022\/05\/PDB_GLASS-SHINE_GLAeSER_POLIERTUCH.pdf\" target=\"_blank\" rel=\"noopener noreferrer\"><img loading=\"lazy\" decoding=\"async\" class=\"alignnone wp-image-6442\" src=\"https:\/\/arcora.de\/de\/wp-content\/uploads\/2019\/03\/Produkt.png\" alt=\"\" width=\"223\" height=\"38\" \/><\/a><\/p>\n","protected":false},"featured_media":6683,"template":"","meta":[],"product_brand":[],"product_cat":[67,139],"product_tag":[],"class_list":{"0":"post-6249","1":"product","2":"type-product","3":"status-publish","4":"has-post-thumbnail","6":"product_cat-microfasertuecher","7":"product_cat-reinigungstextilien","9":"first","10":"instock","11":"shipping-taxable","12":"product-type-simple","13":"prodpage-classic"},"_links":{"self":[{"href":"https:\/\/arcora.de\/de\/wp-json\/wp\/v2\/product\/6249","targetHints":{"allow":["GET"]}}],"collection":[{"href":"https:\/\/arcora.de\/de\/wp-json\/wp\/v2\/product"}],"about":[{"href":"https:\/\/arcora.de\/de\/wp-json\/wp\/v2\/types\/product"}],"wp:featuredmedia":[{"embeddable":true,"href":"https:\/\/arcora.de\/de\/wp-json\/wp\/v2\/media\/6683"}],"wp:attachment":[{"href":"https:\/\/arcora.de\/de\/wp-json\/wp\/v2\/media?parent=6249"}],"wp:term":[{"taxonomy":"product_brand","embeddable":true,"href":"https:\/\/arcora.de\/de\/wp-json\/wp\/v2\/product_brand?post=6249"},{"taxonomy":"product_cat","embeddable":true,"href":"https:\/\/arcora.de\/de\/wp-json\/wp\/v2\/product_cat?post=6249"},{"taxonomy":"product_tag","embeddable":true,"href":"https:\/\/arcora.de\/de\/wp-json\/wp\/v2\/product_tag?post=6249"}],"curies":[{"name":"wp","href":"https:\/\/api.w.org\/{rel}","templated":true}]}}