{"id":6380,"date":"2019-03-01T12:12:22","date_gmt":"2019-03-01T11:12:22","guid":{"rendered":"https:\/\/arcora.de\/de\/?post_type=product&#038;p=6380"},"modified":"2019-05-13T12:53:03","modified_gmt":"2019-05-13T10:53:03","slug":"tenas-handbuerste","status":"publish","type":"product","link":"https:\/\/arcora.de\/de\/produkt\/tenas-handbuerste\/","title":{"rendered":"TENAS HANDB\u00dcRSTE"},"content":{"rendered":"<p><strong>Eigenschaften<\/strong><br \/>\nDie Handshampoonierb\u00fcrste f\u00fcr die rasche und einfache Fleckentfernung auf Teppichen und Polsterm\u00f6beln. Auch zur Reinigung von schwer erreichbaren Stellen und Ecken geeignet.<\/p>\n<ul>\n<li>Einfache und rasche Anwendung<\/li>\n<li>Flexible Reinigung von Ecken und schwer erreichbaren Stellen<\/li>\n<li>Dosierung des Reinigungsmittels direkt im Dosierstiel<\/li>\n<li>Notwendige mechanische Reibungen werden durch die B\u00fcrsten erzeugt<\/li>\n<li>Optimale Schaumverteilung durch den Schaumstoff<\/li>\n<\/ul>\n<p><strong>Anwendungsbereiche:<\/strong><br \/>\nBesonders geeignet f\u00fcr die Anwendung in Hotels, der Gastronomie, B\u00fcrogeb\u00e4uden, usw.<\/p>\n","protected":false},"excerpt":{"rendered":"<p>TENAS B\u00fcrste mit Schaumstoff und Borsten zur gezielten Fleckenentfernung auf Polstern und Teppichen. Mit Dosierstiel f\u00fcr Reinigungschemie. Optimal geeignet f\u00fcr kleinere Fl\u00e4chen.<\/p>\n","protected":false},"featured_media":7216,"template":"","meta":[],"product_brand":[],"product_cat":[104],"product_tag":[],"class_list":{"0":"post-6380","1":"product","2":"type-product","3":"status-publish","4":"has-post-thumbnail","6":"product_cat-zubehoer","8":"first","9":"instock","10":"shipping-taxable","11":"product-type-simple","12":"prodpage-classic"},"_links":{"self":[{"href":"https:\/\/arcora.de\/de\/wp-json\/wp\/v2\/product\/6380","targetHints":{"allow":["GET"]}}],"collection":[{"href":"https:\/\/arcora.de\/de\/wp-json\/wp\/v2\/product"}],"about":[{"href":"https:\/\/arcora.de\/de\/wp-json\/wp\/v2\/types\/product"}],"wp:featuredmedia":[{"embeddable":true,"href":"https:\/\/arcora.de\/de\/wp-json\/wp\/v2\/media\/7216"}],"wp:attachment":[{"href":"https:\/\/arcora.de\/de\/wp-json\/wp\/v2\/media?parent=6380"}],"wp:term":[{"taxonomy":"product_brand","embeddable":true,"href":"https:\/\/arcora.de\/de\/wp-json\/wp\/v2\/product_brand?post=6380"},{"taxonomy":"product_cat","embeddable":true,"href":"https:\/\/arcora.de\/de\/wp-json\/wp\/v2\/product_cat?post=6380"},{"taxonomy":"product_tag","embeddable":true,"href":"https:\/\/arcora.de\/de\/wp-json\/wp\/v2\/product_tag?post=6380"}],"curies":[{"name":"wp","href":"https:\/\/api.w.org\/{rel}","templated":true}]}}