{"id":65,"date":"2016-03-22T09:59:16","date_gmt":"2016-03-22T08:59:16","guid":{"rendered":"https:\/\/arcora.de\/de\/arcora\/produkt\/hospital-quattro-plus-mopp-gruen\/"},"modified":"2023-03-03T13:41:47","modified_gmt":"2023-03-03T12:41:47","slug":"hospital-quattro-plus-mopp-gruen","status":"publish","type":"product","link":"https:\/\/arcora.de\/de\/produkt\/hospital-quattro-plus-mopp-gruen\/","title":{"rendered":"HOSPITAL QUATTRO PLUS MOPP GR\u00dcN"},"content":{"rendered":"<p><strong>Anwendungsbereiche:<\/strong><br \/>\n\u2022 Unterhaltsreinigung (Gesundheitswesen)<\/p>\n<p><strong>Zielgruppen<\/strong><br \/>\n\u2022 Gesundheitswesen<br \/>\n\u2022 W\u00e4schereien<br \/>\n\u2022 Kliniken<br \/>\n\u2022 Senioren- und Pflegeheime<br \/>\n\u2022 \u00d6ffentliche Einrichtungen<\/p>\n<p><strong>Bodenbel\u00e4ge:<\/strong><br \/>\n\u2022 Elastische Bel\u00e4ge<br \/>\n\u2022 Steinb\u00f6den<br \/>\n\u2022 Hartbel\u00e4ge<br \/>\n\u2022 Feinsteinzeug<br \/>\n\u2022 Fliesen<br \/>\n\u2022 Ideal f\u00fcr glatte, beschichtete und unbeschichtete Bodenbel\u00e4ge<\/p>\n<p><strong>Eigenschaften:<\/strong><br \/>\n\u2022 Lange Lebensdauer durch hochwertiges Herstellungsverfahren<br \/>\n\u2022 Sehr hohe Fl\u00e4chenleistung<br \/>\n\u2022 Gute Gleiteigenschaft f\u00fcr erm\u00fcdungsfreies Arbeiten<br \/>\n\u2022 Optimaler Einsatz im Gesundheitswesen durch hochwertige\u00a0Garnfasern (Edelbaumwolle, Polyester und Super-Microfaser)<br \/>\n\u2022 Sehr hohe Wasser- und Schmutzaufnahme<\/p>\n","protected":false},"excerpt":{"rendered":"<p>Optimal f\u00fcr die Unterhaltsreinigung und Grundreinigung von elastischen B\u00f6den, Hartbodenbel\u00e4gen, glatten, beschichteten und unbeschichteten Bodenbel\u00e4gen.<\/p>\n<p>&nbsp;<\/p>\n<p><a href=\"https:\/\/arcora.de\/de\/wp-content\/uploads\/2023\/03\/Hospital-Quattro-Plus-Mopp-Gruen.pdf\" target=\"_blank\" rel=\"noopener noreferrer\"><img loading=\"lazy\" decoding=\"async\" class=\"alignnone wp-image-6442\" src=\"https:\/\/arcora.de\/de\/wp-content\/uploads\/2019\/03\/Produkt.png\" alt=\"\" width=\"223\" height=\"38\" \/><\/a><\/p>\n","protected":false},"featured_media":13564,"template":"","meta":[],"product_brand":[],"product_cat":[140,139],"product_tag":[],"class_list":{"0":"post-65","1":"product","2":"type-product","3":"status-publish","4":"has-post-thumbnail","6":"product_cat-baumwoll-und-mischgarnmopp","7":"product_cat-reinigungstextilien","9":"first","10":"instock","11":"shipping-taxable","12":"product-type-simple","13":"prodpage-classic"},"_links":{"self":[{"href":"https:\/\/arcora.de\/de\/wp-json\/wp\/v2\/product\/65","targetHints":{"allow":["GET"]}}],"collection":[{"href":"https:\/\/arcora.de\/de\/wp-json\/wp\/v2\/product"}],"about":[{"href":"https:\/\/arcora.de\/de\/wp-json\/wp\/v2\/types\/product"}],"wp:featuredmedia":[{"embeddable":true,"href":"https:\/\/arcora.de\/de\/wp-json\/wp\/v2\/media\/13564"}],"wp:attachment":[{"href":"https:\/\/arcora.de\/de\/wp-json\/wp\/v2\/media?parent=65"}],"wp:term":[{"taxonomy":"product_brand","embeddable":true,"href":"https:\/\/arcora.de\/de\/wp-json\/wp\/v2\/product_brand?post=65"},{"taxonomy":"product_cat","embeddable":true,"href":"https:\/\/arcora.de\/de\/wp-json\/wp\/v2\/product_cat?post=65"},{"taxonomy":"product_tag","embeddable":true,"href":"https:\/\/arcora.de\/de\/wp-json\/wp\/v2\/product_tag?post=65"}],"curies":[{"name":"wp","href":"https:\/\/api.w.org\/{rel}","templated":true}]}}