{"id":6708,"date":"2019-03-22T10:39:22","date_gmt":"2019-03-22T09:39:22","guid":{"rendered":"https:\/\/arcora.de\/de\/?post_type=product&#038;p=6708"},"modified":"2026-02-18T11:33:02","modified_gmt":"2026-02-18T10:33:02","slug":"sd430","status":"publish","type":"product","link":"https:\/\/arcora.de\/de\/produkt\/sd430\/","title":{"rendered":"SD430SET"},"content":{"rendered":"<div class=\"wpb-content-wrapper\">[vc_row][vc_column][vc_column_text css=&#8220;&#8220;]<strong>Eigenschaften:<br \/>\n<\/strong><\/p>\n<p>\u2022 Robustes Planetengetriebe<br \/>\n\u2022 Komplettes Zubeh\u00f6r f\u00fcr alle Oberfl\u00e4chen<br \/>\n\u2022 13-Liter-Frischwassertank<br \/>\n\u2022 Inkl. Scheuerb\u00fcrste, Teppichreinigungsb\u00fcrste, Padhalter und Frischwassertank<\/p>\n<p><strong>Technische Daten:<\/strong><br \/>\nArbeitsbreite: 17&#8243;\/432 mm<br \/>\nNetzspannung: 220-240 V \/ 50-60 Hz<br \/>\nMotorleistung: 1100 W<br \/>\nB\u00fcrstendrehzahl: 154 U\/min<br \/>\nFrischwasserbeh\u00e4lter: 13 l<br \/>\nKabell\u00e4nge: 12 m<br \/>\nGewicht: 38 kg[\/vc_column_text][\/vc_column][\/vc_row]\n<\/div>","protected":false},"excerpt":{"rendered":"<p><strong>EINSCHEIBENMASCHINE<\/strong><\/p>\n<p>Leistungsstarke, universell einsetzbare Einscheibenmaschine. Besonders geeignet f\u00fcr die Intensivreinigung s\u00e4mtlicher Bodenbel\u00e4ge sowie f\u00fcr leichte Polierarbeiten.<\/p>\n<p>&nbsp;<\/p>\n<p><a href=\"https:\/\/arcora.de\/de\/wp-content\/uploads\/2026\/02\/ARCORA_SD430SET_EINSCHEIBENMASCHINE.pdf\"><img loading=\"lazy\" decoding=\"async\" class=\"alignnone wp-image-6442\" src=\"https:\/\/arcora.de\/de\/wp-content\/uploads\/2019\/03\/Produkt.png\" alt=\"\" width=\"223\" height=\"38\" \/><\/a><br \/>\n<a href=\"https:\/\/arcora.de\/de\/wp-content\/uploads\/2026\/02\/SD430-BEDIENUNGSANLEITUNG.pdf\" target=\"_blank\" rel=\"noopener noreferrer\"><img loading=\"lazy\" decoding=\"async\" class=\"alignnone wp-image-6442\" src=\"https:\/\/arcora.de\/de\/wp-content\/uploads\/2019\/03\/Bedienung.png\" alt=\"\" width=\"223\" height=\"38\" \/><\/a><\/p>\n","protected":false},"featured_media":15662,"template":"","meta":[],"product_brand":[],"product_cat":[71,69],"product_tag":[],"class_list":{"0":"post-6708","1":"product","2":"type-product","3":"status-publish","4":"has-post-thumbnail","6":"product_cat-einscheibenmaschine","7":"product_cat-reinigungsmaschinen-und-zubehuer","9":"first","10":"instock","11":"shipping-taxable","12":"product-type-simple","13":"prodpage-classic"},"_links":{"self":[{"href":"https:\/\/arcora.de\/de\/wp-json\/wp\/v2\/product\/6708","targetHints":{"allow":["GET"]}}],"collection":[{"href":"https:\/\/arcora.de\/de\/wp-json\/wp\/v2\/product"}],"about":[{"href":"https:\/\/arcora.de\/de\/wp-json\/wp\/v2\/types\/product"}],"wp:featuredmedia":[{"embeddable":true,"href":"https:\/\/arcora.de\/de\/wp-json\/wp\/v2\/media\/15662"}],"wp:attachment":[{"href":"https:\/\/arcora.de\/de\/wp-json\/wp\/v2\/media?parent=6708"}],"wp:term":[{"taxonomy":"product_brand","embeddable":true,"href":"https:\/\/arcora.de\/de\/wp-json\/wp\/v2\/product_brand?post=6708"},{"taxonomy":"product_cat","embeddable":true,"href":"https:\/\/arcora.de\/de\/wp-json\/wp\/v2\/product_cat?post=6708"},{"taxonomy":"product_tag","embeddable":true,"href":"https:\/\/arcora.de\/de\/wp-json\/wp\/v2\/product_tag?post=6708"}],"curies":[{"name":"wp","href":"https:\/\/api.w.org\/{rel}","templated":true}]}}