{"id":69,"date":"2016-03-22T10:14:17","date_gmt":"2016-03-22T09:14:17","guid":{"rendered":"https:\/\/arcora.de\/de\/arcora\/produkt\/doppelmopp-micro-plus-blau-bw-loop-mit-microrand\/"},"modified":"2024-10-30T11:14:37","modified_gmt":"2024-10-30T10:14:37","slug":"doppelmopp-micro-plus-blau-bw-loop-mit-microrand","status":"publish","type":"product","link":"https:\/\/arcora.de\/de\/produkt\/doppelmopp-micro-plus-blau-bw-loop-mit-microrand\/","title":{"rendered":"DOPPELMOPP MICRO-PLUS 2.0 BLAU\/GR\u00dcN\/ROT"},"content":{"rendered":"<p><strong>Eigenschaften:<\/strong><br \/>\n\u2022 Optimale Schmutzl\u00f6sekraft durch spezielle Garntechnologie<br \/>\n\u2022 Hohe Schmutzaufnahme (Microfaserseite) und hohe Wasseraufnahme (Baumwollseite)<br \/>\n\u2022 Ideal f\u00fcr den Einsatz im Gesundheitswesen durch 4 hochwertige Garnfasern<br \/>\n\u2022 Gute Gleiteigenschaft f\u00fcr erm\u00fcdungsfreies Arbeiten<\/p>\n<p><strong>Zielgruppen:<\/strong><br \/>\n\u2022 Geb\u00e4udereiniger<br \/>\n\u2022 Industrie<br \/>\n\u2022 Gesundheitswesen<br \/>\n\u2022 Kliniken<br \/>\n\u2022 Senioren- und Pflegeheime<br \/>\n\u2022 \u00d6ffentliche Einrichtungen<br \/>\n\u2022 Gro\u00dfw\u00e4schereien<\/p>\n","protected":false},"excerpt":{"rendered":"<p><strong>HYGIENE-LOOP MIT MICRORAND<\/strong><\/p>\n<p>Optimal f\u00fcr die Unterhaltsreinigung von elastischen Bel\u00e4gen, Hartbodenbel\u00e4gen, glatten, beschichteten und unbeschichteten Bodenbel\u00e4gen. Ideal f\u00fcr den Einsatz in Krankenh\u00e4usern.<\/p>\n<p>DIE NEUE MOPP GENERATION!<\/p>\n<p><a href=\"https:\/\/arcora.de\/de\/wp-content\/uploads\/2024\/10\/PDB_Doppelmopp-Micro-Plus-2.0.pdf\" target=\"_blank\" rel=\"noopener noreferrer\"><img loading=\"lazy\" decoding=\"async\" class=\"alignnone wp-image-6442\" src=\"https:\/\/arcora.de\/de\/wp-content\/uploads\/2019\/03\/Produkt.png\" alt=\"\" width=\"223\" height=\"38\" \/><\/a><\/p>\n","protected":false},"featured_media":13062,"template":"","meta":[],"product_brand":[],"product_cat":[142,139],"product_tag":[],"class_list":{"0":"post-69","1":"product","2":"type-product","3":"status-publish","4":"has-post-thumbnail","6":"product_cat-doppelmopp","7":"product_cat-reinigungstextilien","9":"first","10":"instock","11":"shipping-taxable","12":"product-type-simple","13":"prodpage-classic"},"_links":{"self":[{"href":"https:\/\/arcora.de\/de\/wp-json\/wp\/v2\/product\/69","targetHints":{"allow":["GET"]}}],"collection":[{"href":"https:\/\/arcora.de\/de\/wp-json\/wp\/v2\/product"}],"about":[{"href":"https:\/\/arcora.de\/de\/wp-json\/wp\/v2\/types\/product"}],"wp:featuredmedia":[{"embeddable":true,"href":"https:\/\/arcora.de\/de\/wp-json\/wp\/v2\/media\/13062"}],"wp:attachment":[{"href":"https:\/\/arcora.de\/de\/wp-json\/wp\/v2\/media?parent=69"}],"wp:term":[{"taxonomy":"product_brand","embeddable":true,"href":"https:\/\/arcora.de\/de\/wp-json\/wp\/v2\/product_brand?post=69"},{"taxonomy":"product_cat","embeddable":true,"href":"https:\/\/arcora.de\/de\/wp-json\/wp\/v2\/product_cat?post=69"},{"taxonomy":"product_tag","embeddable":true,"href":"https:\/\/arcora.de\/de\/wp-json\/wp\/v2\/product_tag?post=69"}],"curies":[{"name":"wp","href":"https:\/\/api.w.org\/{rel}","templated":true}]}}