{"id":7308,"date":"2019-07-05T11:05:28","date_gmt":"2019-07-05T09:05:28","guid":{"rendered":"https:\/\/arcora.de\/de\/?post_type=product&#038;p=7308"},"modified":"2023-01-25T15:07:00","modified_gmt":"2023-01-25T14:07:00","slug":"orbital-heavy-or17","status":"publish","type":"product","link":"https:\/\/arcora.de\/de\/produkt\/orbital-heavy-or17\/","title":{"rendered":"ORBITAL HEAVY OR17"},"content":{"rendered":"<p><strong>EIGENSCHAFTEN<\/strong><br \/>\nDie Orbitalmaschine HEAVY OR17 \u00fcberzeugt mit ihrer Bewegungskombination aus exzentrischer Bewegung und Drehbewegung. Der oszillierende Kopf passt sich allen Oberfl\u00e4chen an und erm\u00f6glicht auch ein Arbeiten auf unebenen B\u00f6den.<\/p>\n<p>Die robuste Bauweise mit hohem Eigengewicht von 71,5 kg und die Bedienerfreundlichkeit zeichnen die Professionalit\u00e4t dieser Maschine aus. Durch die einfache Handhabung wird ein erm\u00fcdungsfreies Arbeiten garantiert.<\/p>\n<p>Die spezielle Orbitaltechnologie verbessert deutlich die mechanische Reinigungskraft. Dadurch werden andere Faktoren minimiert und sogar \u00fcberfl\u00fcssig. Somit sch\u00fctzen Sie die Umwelt und sparen dabei Zeit und Geld.<\/p>\n<p><strong>EINSATZBEREICH<\/strong><br \/>\nDank der Orbitaltechnologie ist ein leichtes Entfernen von Beschichtungen ohne Chemie m\u00f6glich. F\u00fcr Behandlungen wie Aufpolieren, Kristallisation, Mikroabschleifen von Marmor, Zement, Stein, Parkett, Tonfliesen und Steinzeug ist die Orbitalmaschine HEAVY OR17 bestens geeignet und auch optimal f\u00fcr die Reinigung von empfindlichen Oberfl\u00e4chen,<br \/>\nwie z.B. Teppichb\u00f6den einsetzbar.<br \/>\nBesonders empfehlenswert f\u00fcr die Zwischenreinigung der B\u00f6den ist die HEAVY OR17 mit dem ARCORA PU-PAD.<\/p>\n","protected":false},"excerpt":{"rendered":"<p><strong>ORBITALMASCHINE<\/strong><br \/>\nDie Orbitalmaschine HEAVY OR17 \u00fcberzeugt mit ihrer Bewegungskombination aus exzentrischer Bewegung und Drehbewegung. Der oszillierende Kopf passt sich allen Oberfl\u00e4chen an und erm\u00f6glicht auch ein Arbeiten auf unebenen B\u00f6den.<\/p>\n<p>Die robuste Bauweise mit hohem Eigengewicht von 71,5 kg und die Bedienerfreundlichkeit zeichnen die Professionalit\u00e4t dieser Maschine aus. Durch die einfache Handhabung wird ein erm\u00fcdungsfreies Arbeiten garantiert.<\/p>\n<p>Die spezielle Orbitaltechnologie verbessert deutlich die mechanische Reinigungskraft. Dadurch werden andere Faktoren minimiert und sogar \u00fcberfl\u00fcssig. Somit sch\u00fctzen Sie die Umwelt und sparen dabei Zeit und Geld.<\/p>\n<p>&nbsp;<\/p>\n<p><a href=\"https:\/\/arcora.de\/de\/wp-content\/uploads\/2022\/06\/OR17.pdf\" target=\"_blank\" rel=\"noopener noreferrer\"><img loading=\"lazy\" decoding=\"async\" class=\"alignnone wp-image-6442\" src=\"https:\/\/arcora.de\/de\/wp-content\/uploads\/2019\/03\/Produkt.png\" alt=\"\" width=\"223\" height=\"38\" \/><\/a><br \/>\n<a href=\"https:\/\/arcora.de\/de\/wp-content\/uploads\/2020\/02\/Manual-use-Orbitalmachine.pdf\" target=\"_blank\" rel=\"noopener noreferrer\"><img loading=\"lazy\" decoding=\"async\" class=\"alignnone wp-image-6442\" src=\"https:\/\/arcora.de\/de\/wp-content\/uploads\/2019\/03\/Bedienung.png\" alt=\"\" width=\"223\" height=\"38\" \/><\/a><\/p>\n","protected":false},"featured_media":7309,"template":"","meta":[],"product_brand":[],"product_cat":[71,69],"product_tag":[],"class_list":{"0":"post-7308","1":"product","2":"type-product","3":"status-publish","4":"has-post-thumbnail","6":"product_cat-einscheibenmaschine","7":"product_cat-reinigungsmaschinen-und-zubehuer","9":"first","10":"instock","11":"shipping-taxable","12":"product-type-simple","13":"prodpage-classic"},"_links":{"self":[{"href":"https:\/\/arcora.de\/de\/wp-json\/wp\/v2\/product\/7308","targetHints":{"allow":["GET"]}}],"collection":[{"href":"https:\/\/arcora.de\/de\/wp-json\/wp\/v2\/product"}],"about":[{"href":"https:\/\/arcora.de\/de\/wp-json\/wp\/v2\/types\/product"}],"wp:featuredmedia":[{"embeddable":true,"href":"https:\/\/arcora.de\/de\/wp-json\/wp\/v2\/media\/7309"}],"wp:attachment":[{"href":"https:\/\/arcora.de\/de\/wp-json\/wp\/v2\/media?parent=7308"}],"wp:term":[{"taxonomy":"product_brand","embeddable":true,"href":"https:\/\/arcora.de\/de\/wp-json\/wp\/v2\/product_brand?post=7308"},{"taxonomy":"product_cat","embeddable":true,"href":"https:\/\/arcora.de\/de\/wp-json\/wp\/v2\/product_cat?post=7308"},{"taxonomy":"product_tag","embeddable":true,"href":"https:\/\/arcora.de\/de\/wp-json\/wp\/v2\/product_tag?post=7308"}],"curies":[{"name":"wp","href":"https:\/\/api.w.org\/{rel}","templated":true}]}}