{"id":76,"date":"2016-03-22T10:32:36","date_gmt":"2016-03-22T09:32:36","guid":{"rendered":"https:\/\/arcora.de\/de\/arcora\/produkt\/feuchtwischmopp\/"},"modified":"2023-01-24T16:55:16","modified_gmt":"2023-01-24T15:55:16","slug":"feuchtwischmopp","status":"publish","type":"product","link":"https:\/\/arcora.de\/de\/produkt\/feuchtwischmopp\/","title":{"rendered":"FEUCHTWISCHMOPP"},"content":{"rendered":"<p><strong>Eigenschaften:<\/strong><br \/>\n\u2022 Ideal f\u00fcr gro\u00dfe Fl\u00e4chen wie Turnhallen und Empfangshallen<br \/>\n\u2022 Sehr hohe Fl\u00e4chenleistung<br \/>\n\u2022 Gute Gleiteigenschaft f\u00fcr erm\u00fcdungsfreies Arbeiten<\/p>\n<p><strong>Anwendungsbereiche:<\/strong><br \/>\n\u2022 Unterhaltsreinigung<br \/>\n\u2022 Feuchtreinigung<\/p>\n<p><strong>Zielgruppen:<\/strong><br \/>\n\u2022 Industrie<br \/>\n\u2022 \u00d6ffentliche Einrichtungen<\/p>\n<p><strong>Bodenbel\u00e4ge:<\/strong><br \/>\n\u2022 Elastische Bel\u00e4ge<br \/>\n\u2022 PVC B\u00f6den<br \/>\n\u2022 Hartbel\u00e4ge<br \/>\n\u2022 Fliesen<\/p>\n","protected":false},"excerpt":{"rendered":"<p>Optimal f\u00fcr die Unterhaltsreinigung und Feuchtreinigung von elastischen Bel\u00e4gen und Hartbodenbel\u00e4gen.<\/p>\n<p>&nbsp;<\/p>\n<p><a href=\"https:\/\/arcora.de\/de\/wp-content\/uploads\/2022\/01\/PDB_Feuchtwischmopp.pdf\" target=\"_blank\" rel=\"noopener noreferrer\"><img loading=\"lazy\" decoding=\"async\" class=\"alignnone wp-image-6442\" src=\"https:\/\/arcora.de\/de\/wp-content\/uploads\/2019\/03\/Produkt.png\" alt=\"\" width=\"223\" height=\"38\" \/><\/a><\/p>\n","protected":false},"featured_media":1251,"template":"","meta":[],"product_brand":[],"product_cat":[143,139],"product_tag":[],"class_list":{"0":"post-76","1":"product","2":"type-product","3":"status-publish","4":"has-post-thumbnail","6":"product_cat-feuchtwischmopp","7":"product_cat-reinigungstextilien","9":"first","10":"instock","11":"shipping-taxable","12":"product-type-simple","13":"prodpage-classic"},"_links":{"self":[{"href":"https:\/\/arcora.de\/de\/wp-json\/wp\/v2\/product\/76","targetHints":{"allow":["GET"]}}],"collection":[{"href":"https:\/\/arcora.de\/de\/wp-json\/wp\/v2\/product"}],"about":[{"href":"https:\/\/arcora.de\/de\/wp-json\/wp\/v2\/types\/product"}],"wp:featuredmedia":[{"embeddable":true,"href":"https:\/\/arcora.de\/de\/wp-json\/wp\/v2\/media\/1251"}],"wp:attachment":[{"href":"https:\/\/arcora.de\/de\/wp-json\/wp\/v2\/media?parent=76"}],"wp:term":[{"taxonomy":"product_brand","embeddable":true,"href":"https:\/\/arcora.de\/de\/wp-json\/wp\/v2\/product_brand?post=76"},{"taxonomy":"product_cat","embeddable":true,"href":"https:\/\/arcora.de\/de\/wp-json\/wp\/v2\/product_cat?post=76"},{"taxonomy":"product_tag","embeddable":true,"href":"https:\/\/arcora.de\/de\/wp-json\/wp\/v2\/product_tag?post=76"}],"curies":[{"name":"wp","href":"https:\/\/api.w.org\/{rel}","templated":true}]}}