{"id":80,"date":"2016-03-22T10:45:45","date_gmt":"2016-03-22T09:45:45","guid":{"rendered":"https:\/\/arcora.de\/de\/arcora\/produkt\/flachpressmopp-spezial-box-mopp-fpm-erh-mit-deckblatt\/"},"modified":"2023-02-06T14:53:53","modified_gmt":"2023-02-06T13:53:53","slug":"flachpressmopp-spezial-box-mopp-fpm-erh-mit-deckblatt","status":"publish","type":"product","link":"https:\/\/arcora.de\/de\/produkt\/flachpressmopp-spezial-box-mopp-fpm-erh-mit-deckblatt\/","title":{"rendered":"FLACHPRESSMOPP SPEZIAL BOX MOPP FPM-ERH"},"content":{"rendered":"<p><strong>Eigenschaften:<\/strong><br \/>\n\u2022 F\u00fcr alle markt\u00fcblichen Flachpress-Systeme geeignet<br \/>\n\u2022 Hohe Fl\u00e4chenleistung (bis zu 20 m\u00b2)<br \/>\n\u2022 Erhebliche Reduzierung der Waschkosten durch das geringe Gewicht (Einsparung bis zu 40% m\u00f6glich)<br \/>\n\u2022 Lange Lebensdauer durch hochwertiges Herstellungsverfahren<br \/>\n\u2022 Hohe Wasseraufnahme und Wasserdepotwirkung<br \/>\n\u2022 Optimal f\u00fcr die Pr\u00e4paration geeignet<\/p>\n<p><strong>Anwendungsbereiche:<\/strong><br \/>\n\u2022 Unterhaltsreinigung<\/p>\n<p><strong>Zielgruppen:<\/strong><br \/>\n\u2022 Gesundheitswesen<br \/>\n\u2022 Kliniken<br \/>\n\u2022 Senioren- und\u00a0Pflegeheime<br \/>\n\u2022 \u00d6ffentliche Einrichtungen<\/p>\n<p><strong>Bodenbel\u00e4ge:<\/strong><br \/>\n\u2022 Elastische Bel\u00e4ge<br \/>\n\u2022 Steinb\u00f6den<br \/>\n\u2022 Hartbel\u00e4ge<br \/>\n\u2022 Feinsteinzeug<br \/>\n\u2022 Fliesen<br \/>\n\u2022 Ideal f\u00fcr glatte, beschichtete und unbeschichtete Bodenbel\u00e4ge<\/p>\n","protected":false},"excerpt":{"rendered":"<p><strong>MIT DECKBLATT<\/strong><\/p>\n<p>Optimal f\u00fcr die Unterhaltsreinigung von elastischen Bel\u00e4gen, Hartbodenbel\u00e4gen sowie glatte, beschichtete und unbeschichtete B\u00f6den. Optimal f\u00fcr die Pr\u00e4paration.<\/p>\n<p>&nbsp;<\/p>\n<p><a href=\"https:\/\/arcora.de\/de\/wp-content\/uploads\/2022\/09\/PDB_Flachpressmopp_Spezial_Box_Mopp_FPM-ERH.pdf\" target=\"_blank\" rel=\"noopener noreferrer\"><img loading=\"lazy\" decoding=\"async\" class=\"alignnone wp-image-6442\" src=\"https:\/\/arcora.de\/de\/wp-content\/uploads\/2019\/03\/Produkt.png\" alt=\"\" width=\"223\" height=\"38\" \/><\/a><\/p>\n","protected":false},"featured_media":1293,"template":"","meta":[],"product_brand":[],"product_cat":[146,139],"product_tag":[],"class_list":{"0":"post-80","1":"product","2":"type-product","3":"status-publish","4":"has-post-thumbnail","6":"product_cat-flachpressmopp","7":"product_cat-reinigungstextilien","9":"first","10":"instock","11":"shipping-taxable","12":"product-type-simple","13":"prodpage-classic"},"_links":{"self":[{"href":"https:\/\/arcora.de\/de\/wp-json\/wp\/v2\/product\/80","targetHints":{"allow":["GET"]}}],"collection":[{"href":"https:\/\/arcora.de\/de\/wp-json\/wp\/v2\/product"}],"about":[{"href":"https:\/\/arcora.de\/de\/wp-json\/wp\/v2\/types\/product"}],"wp:featuredmedia":[{"embeddable":true,"href":"https:\/\/arcora.de\/de\/wp-json\/wp\/v2\/media\/1293"}],"wp:attachment":[{"href":"https:\/\/arcora.de\/de\/wp-json\/wp\/v2\/media?parent=80"}],"wp:term":[{"taxonomy":"product_brand","embeddable":true,"href":"https:\/\/arcora.de\/de\/wp-json\/wp\/v2\/product_brand?post=80"},{"taxonomy":"product_cat","embeddable":true,"href":"https:\/\/arcora.de\/de\/wp-json\/wp\/v2\/product_cat?post=80"},{"taxonomy":"product_tag","embeddable":true,"href":"https:\/\/arcora.de\/de\/wp-json\/wp\/v2\/product_tag?post=80"}],"curies":[{"name":"wp","href":"https:\/\/api.w.org\/{rel}","templated":true}]}}