{"id":92,"date":"2016-03-22T11:29:07","date_gmt":"2016-03-22T10:29:07","guid":{"rendered":"https:\/\/arcora.de\/de\/arcora\/produkt\/micro-blue-fc-ohne-deckblatt-kopie\/"},"modified":"2023-01-25T09:03:37","modified_gmt":"2023-01-25T08:03:37","slug":"micro-blue-db-fc-mit-deckblatt","status":"publish","type":"product","link":"https:\/\/arcora.de\/de\/produkt\/micro-blue-db-fc-mit-deckblatt\/","title":{"rendered":"MICRO BLUE 2.0 &#8211; DB-FC MIT DECKBLATT"},"content":{"rendered":"<p><strong>BESONDERHEITEN<\/strong><br \/>\nDer MICRO BLUE DB-FC 2.0 \u00fcberzeugt dank des dicht gewebten Microfasergarns mit stark verbesserter Mechanik auf dem Boden und einer optimalen Vernetzung der Reinigungsl\u00f6sung. Die hochwertige gewebte Microfaser erm\u00f6glicht eine hervorragende Schmutz- und Wasseraufnahme sowie eine h\u00f6here Fl\u00e4chenleistung dank der Zusammensetzung des Garns. Das Deckblatt und die Taschen werden aus 100% gewebtem Polyestermaterial hergestellt. Die Schwammeinlage in den Taschen unterst\u00fctzt das Gleiten des Halters.<\/p>\n<p><strong>ANWENDUNG<\/strong><br \/>\nSowohl trocken als auch feucht anwendbar auf glatten, beschichteten und unbeschichteten Bodenbel\u00e4gen.<\/p>\n<p><strong>ANWENDUNGSBEREICH<\/strong><br \/>\nZur Unterhaltsreinigung, sowie Nass- und Trockenreinigung von jeglichen Oberfl\u00e4chen, wie elastischen Bel\u00e4gen, Hartbel\u00e4gen, Feinsteinzeug, Steinb\u00f6den, Fliesen, Laminatb\u00f6den und ideal f\u00fcr glatte und por\u00f6se Bodenbel\u00e4ge geeignet. Optimal f\u00fcr den Einsatz im Gesundheitswesen, Kliniken, Senioren- und Pflegeheimen sowie \u00f6ffentlichen Einrichtungen und Geb\u00e4udereinigung. Den Einsatz des MICRO BLUE DB-FC 2.0 in Gro\u00df-W\u00e4schereien ist besonders empfehlenswert. Dazu k\u00f6nnen die Wischbez\u00fcge gerne mit Intelligenter RFID Chip Technik ausgestattet werden.<\/p>\n","protected":false},"excerpt":{"rendered":"<p><strong>DAS SCHMUTZ-WUNDER UNTER DEN WISCHBEZ\u00dcGEN!<\/strong><\/p>\n<p>\u2022 Verbesserte Mechanik auf dem Boden<br \/>\n\u2022 Optimale Vernetzung der Reinigungsl\u00f6sung<br \/>\n\u2022 Ideal f\u00fcr die Pr\u00e4paration geeignet<br \/>\n\u2022 Hervorragende, hohe Schmutz- und Wasseraufnahme<br \/>\n\u2022 H\u00f6here Fl\u00e4chenleistung<br \/>\n\u2022 Lange Lebensdauer durch hochwertiges Herstellungsverfahren<\/p>\n<p>&nbsp;<\/p>\n<p><a href=\"https:\/\/arcora.de\/de\/wp-content\/uploads\/2022\/07\/PDB_MICRO-BLUE-DB-FC-2.0.pdf\" target=\"_blank\" rel=\"noopener noreferrer\"><img loading=\"lazy\" decoding=\"async\" class=\"alignnone wp-image-6442\" src=\"https:\/\/arcora.de\/de\/wp-content\/uploads\/2019\/03\/Produkt.png\" alt=\"\" width=\"223\" height=\"38\" \/><\/a><\/p>\n","protected":false},"featured_media":12693,"template":"","meta":[],"product_brand":[],"product_cat":[147,139],"product_tag":[],"class_list":{"0":"post-92","1":"product","2":"type-product","3":"status-publish","4":"has-post-thumbnail","6":"product_cat-microfasermopp","7":"product_cat-reinigungstextilien","9":"first","10":"instock","11":"shipping-taxable","12":"product-type-simple","13":"prodpage-classic"},"_links":{"self":[{"href":"https:\/\/arcora.de\/de\/wp-json\/wp\/v2\/product\/92","targetHints":{"allow":["GET"]}}],"collection":[{"href":"https:\/\/arcora.de\/de\/wp-json\/wp\/v2\/product"}],"about":[{"href":"https:\/\/arcora.de\/de\/wp-json\/wp\/v2\/types\/product"}],"wp:featuredmedia":[{"embeddable":true,"href":"https:\/\/arcora.de\/de\/wp-json\/wp\/v2\/media\/12693"}],"wp:attachment":[{"href":"https:\/\/arcora.de\/de\/wp-json\/wp\/v2\/media?parent=92"}],"wp:term":[{"taxonomy":"product_brand","embeddable":true,"href":"https:\/\/arcora.de\/de\/wp-json\/wp\/v2\/product_brand?post=92"},{"taxonomy":"product_cat","embeddable":true,"href":"https:\/\/arcora.de\/de\/wp-json\/wp\/v2\/product_cat?post=92"},{"taxonomy":"product_tag","embeddable":true,"href":"https:\/\/arcora.de\/de\/wp-json\/wp\/v2\/product_tag?post=92"}],"curies":[{"name":"wp","href":"https:\/\/api.w.org\/{rel}","templated":true}]}}