{"id":97,"date":"2016-03-22T12:38:55","date_gmt":"2016-03-22T11:38:55","guid":{"rendered":"https:\/\/arcora.de\/de\/arcora\/produkt\/runner-blue-fc-ohne-deckblatt\/"},"modified":"2023-01-25T09:07:39","modified_gmt":"2023-01-25T08:07:39","slug":"runner-blue-fc-ohne-deckblatt","status":"publish","type":"product","link":"https:\/\/arcora.de\/de\/produkt\/runner-blue-fc-ohne-deckblatt\/","title":{"rendered":"RUNNER BLUE 2.0 &#8211; FC OHNE DECKBLATT"},"content":{"rendered":"<p><strong>BESONDERHEITEN<br \/>\n<\/strong>Der RUNNER BLUE-FC 2.0, der Sprinter unter den Wischbez\u00fcgen,<br \/>\n\u00fcberzeugt dank des dicht gewebten Microfasergarns mit stark verbesserter Mechanik<br \/>\nauf dem Boden und einer optimalen Vernetzung der Reinigungsl\u00f6sung. Die hochwertige gewebte Microfaser erm\u00f6glicht eine hervorragende Schmutz- und Wasseraufnahme sowie eine h\u00f6here Fl\u00e4chenleistung dank der Zusammensetzung des Garns.<br \/>\nDie neuen PA(Polyamid)-Leichtl\u00e4uferborsten, die den Boden nicht verkratzen, k\u00fcren den Wischbezug zu einer Leichtlauf-Sensation, die f\u00fcr ein ergonomisches und erm\u00fcdungsfreies Reinigen und Arbeiten sorgt. Der Wischbezug ist der Richtungsweisende f\u00fcr die Reinigungsbranche. Die Taschen werden aus 100% gewebtem Polyestermaterial hergestellt. Die Schwammeinlage in den Taschen unterst\u00fctzt das Gleiten des Halters.<\/p>\n<p><strong>ANWENDUNG<\/strong><br \/>\nSowohl trocken als auch feucht anwendbar auf glatten, beschichteten und unbeschichteten Bodenbel\u00e4gen.<\/p>\n<p><strong>ANWENDUNGSBEREICH<\/strong><br \/>\nZur Unterhaltsreinigung, sowie Nass- und Trockenreinigung von jeglichen Oberfl\u00e4chen, wie elastischen Bel\u00e4gen, Hartbel\u00e4gen, Feinsteinzeug, Steinb\u00f6den, Fliesen, Laminatb\u00f6den und ideal f\u00fcr glatte und por\u00f6se Bodenbel\u00e4ge geeignet. Geeignet f\u00fcr den Einsatz im Gesundheitswesen, Kliniken, Senioren- und Pflegeheimen sowie \u00f6ffentlichen Einrichtungen und Geb\u00e4udereinigung.<\/p>\n","protected":false},"excerpt":{"rendered":"<p><strong>DIE LEICHTLAUF-SENSATION UNTER DEN WISCHBEZ\u00dcGEN!<\/strong><\/p>\n<p>\u2022 Leichtlauf-Sensation<br \/>\n\u2022 Verbesserte Mechanik auf dem Boden<br \/>\n\u2022 Optimale Vernetzung der Reinigungsl\u00f6sung<br \/>\n\u2022 Hervorragende Schmutz- und Wasseraufnahme<br \/>\n\u2022 H\u00f6here Fl\u00e4chenleistung<br \/>\n\u2022 Lange Lebensdauer durch hochwertiges Herstellungsverfahren<\/p>\n<p><a href=\"https:\/\/arcora.de\/de\/wp-content\/uploads\/2022\/06\/PDB_RUNNER-BLUE-FC-2.0.pdf\" target=\"_blank\" rel=\"noopener noreferrer\"><img loading=\"lazy\" decoding=\"async\" class=\"alignnone wp-image-6442\" src=\"https:\/\/arcora.de\/de\/wp-content\/uploads\/2019\/03\/Produkt.png\" alt=\"\" width=\"223\" height=\"38\" \/><\/a><\/p>\n","protected":false},"featured_media":12635,"template":"","meta":[],"product_brand":[],"product_cat":[147,139],"product_tag":[],"class_list":{"0":"post-97","1":"product","2":"type-product","3":"status-publish","4":"has-post-thumbnail","6":"product_cat-microfasermopp","7":"product_cat-reinigungstextilien","9":"first","10":"instock","11":"shipping-taxable","12":"product-type-simple","13":"prodpage-classic"},"_links":{"self":[{"href":"https:\/\/arcora.de\/de\/wp-json\/wp\/v2\/product\/97","targetHints":{"allow":["GET"]}}],"collection":[{"href":"https:\/\/arcora.de\/de\/wp-json\/wp\/v2\/product"}],"about":[{"href":"https:\/\/arcora.de\/de\/wp-json\/wp\/v2\/types\/product"}],"wp:featuredmedia":[{"embeddable":true,"href":"https:\/\/arcora.de\/de\/wp-json\/wp\/v2\/media\/12635"}],"wp:attachment":[{"href":"https:\/\/arcora.de\/de\/wp-json\/wp\/v2\/media?parent=97"}],"wp:term":[{"taxonomy":"product_brand","embeddable":true,"href":"https:\/\/arcora.de\/de\/wp-json\/wp\/v2\/product_brand?post=97"},{"taxonomy":"product_cat","embeddable":true,"href":"https:\/\/arcora.de\/de\/wp-json\/wp\/v2\/product_cat?post=97"},{"taxonomy":"product_tag","embeddable":true,"href":"https:\/\/arcora.de\/de\/wp-json\/wp\/v2\/product_tag?post=97"}],"curies":[{"name":"wp","href":"https:\/\/api.w.org\/{rel}","templated":true}]}}